{"id":21148,"date":"2021-10-20T14:08:54","date_gmt":"2021-10-20T12:08:54","guid":{"rendered":"https:\/\/dispatcher-pro.com\/customers\/nge-x-dispatcher-customer-feedback\/"},"modified":"2024-04-24T13:12:05","modified_gmt":"2024-04-24T11:12:05","slug":"nge-x-dispatcher-customer-feedback","status":"publish","type":"page","link":"https:\/\/dispatcher-pro.com\/en\/customers\/nge-x-dispatcher-customer-feedback\/","title":{"rendered":"NGE x Dispatcher &#8211; Customer feedback"},"content":{"rendered":"\t\t<div data-elementor-type=\"wp-page\" data-elementor-id=\"21148\" class=\"elementor elementor-21148 elementor-15830\" data-elementor-settings=\"{&quot;ha_cmc_init_switcher&quot;:&quot;no&quot;}\" data-elementor-post-type=\"page\">\n\t\t\t\t\t\t<section class=\"elementor-section elementor-top-section elementor-element elementor-element-9c65721 elementor-section-content-top elementor-section-boxed elementor-section-height-default elementor-section-height-default\" data-id=\"9c65721\" data-element_type=\"section\" data-settings=\"{&quot;_ha_eqh_enable&quot;:false,&quot;ekit_has_onepagescroll_dot&quot;:&quot;yes&quot;}\">\n\t\t\t\t\t\t\t<div class=\"elementor-background-overlay\"><\/div>\n\t\t\t\t\t\t\t<div class=\"elementor-container elementor-column-gap-no\">\n\t\t\t\t\t<div class=\"elementor-column elementor-col-50 elementor-top-column elementor-element elementor-element-c5f8f93\" data-id=\"c5f8f93\" data-element_type=\"column\">\n\t\t\t<div class=\"elementor-widget-wrap elementor-element-populated\">\n\t\t\t\t\t\t<div class=\"elementor-element elementor-element-8995d5a elementor-widget elementor-widget-heading\" data-id=\"8995d5a\" data-element_type=\"widget\" data-settings=\"{&quot;ekit_we_effect_on&quot;:&quot;none&quot;}\" data-widget_type=\"heading.default\">\n\t\t\t\t<div class=\"elementor-widget-container\">\n\t\t\t\t\t<h1 class=\"elementor-heading-title elementor-size-default\">Dispatcher<span style=\"margin: 0px;padding: 0px\"> modernises staff planning processes&nbsp;<\/span><span style=\"margin: 0px;padding: 0px\">at the NGE group<\/span><font color=\"#e7004c\">.<\/font><\/h1>\t\t\t\t<\/div>\n\t\t\t\t<\/div>\n\t\t\t\t<div class=\"elementor-element elementor-element-91b42db elementor-widget elementor-widget-spacer\" data-id=\"91b42db\" data-element_type=\"widget\" data-settings=\"{&quot;ekit_we_effect_on&quot;:&quot;none&quot;}\" data-widget_type=\"spacer.default\">\n\t\t\t\t<div class=\"elementor-widget-container\">\n\t\t\t\t\t\t\t<div class=\"elementor-spacer\">\n\t\t\t<div class=\"elementor-spacer-inner\"><\/div>\n\t\t<\/div>\n\t\t\t\t\t\t<\/div>\n\t\t\t\t<\/div>\n\t\t\t\t<div class=\"elementor-element elementor-element-97ee6f1 elementor-widget elementor-widget-text-editor\" data-id=\"97ee6f1\" data-element_type=\"widget\" data-settings=\"{&quot;ekit_we_effect_on&quot;:&quot;none&quot;}\" data-widget_type=\"text-editor.default\">\n\t\t\t\t<div class=\"elementor-widget-container\">\n\t\t\t\t\t\t\t\t\t<p>Exclusive feedback from the NGE group.<\/p>\t\t\t\t\t\t\t\t<\/div>\n\t\t\t\t<\/div>\n\t\t\t\t<div class=\"elementor-element elementor-element-b8cd9b7 elementor-align-left elementor-widget elementor-widget-button\" data-id=\"b8cd9b7\" data-element_type=\"widget\" data-settings=\"{&quot;ekit_we_effect_on&quot;:&quot;none&quot;}\" data-widget_type=\"button.default\">\n\t\t\t\t<div class=\"elementor-widget-container\">\n\t\t\t\t\t\t\t\t\t<div class=\"elementor-button-wrapper\">\n\t\t\t\t\t<a class=\"elementor-button elementor-button-link elementor-size-sm\" href=\"\/en\/resource-planning\/\">\n\t\t\t\t\t\t<span class=\"elementor-button-content-wrapper\">\n\t\t\t\t\t\t\t\t\t<span class=\"elementor-button-text\">Discover the planning tool<\/span>\n\t\t\t\t\t<\/span>\n\t\t\t\t\t<\/a>\n\t\t\t\t<\/div>\n\t\t\t\t\t\t\t\t<\/div>\n\t\t\t\t<\/div>\n\t\t\t\t\t<\/div>\n\t\t<\/div>\n\t\t\t\t<div class=\"elementor-column elementor-col-50 elementor-top-column elementor-element elementor-element-28b0e60\" data-id=\"28b0e60\" data-element_type=\"column\">\n\t\t\t<div class=\"elementor-widget-wrap elementor-element-populated\">\n\t\t\t\t\t\t<div class=\"elementor-element elementor-element-cff635c elementor-widget elementor-widget-image\" data-id=\"cff635c\" data-element_type=\"widget\" data-settings=\"{&quot;ekit_we_effect_on&quot;:&quot;none&quot;}\" data-widget_type=\"image.default\">\n\t\t\t\t<div class=\"elementor-widget-container\">\n\t\t\t\t\t\t\t\t\t\t\t\t\t\t\t<img fetchpriority=\"high\" decoding=\"async\" width=\"1024\" height=\"753\" src=\"https:\/\/dispatcher-pro.com\/wp-content\/uploads\/2021\/10\/Illustration-NGE.png\" class=\"attachment-full size-full wp-image-18753\" alt=\"Illustration NGE\" srcset=\"https:\/\/dispatcher-pro.com\/wp-content\/uploads\/2021\/10\/Illustration-NGE.png 1024w, https:\/\/dispatcher-pro.com\/wp-content\/smush-avif\/2021\/10\/Illustration-NGE-300x221.png.avif 300w, https:\/\/dispatcher-pro.com\/wp-content\/smush-avif\/2021\/10\/Illustration-NGE-768x565.png.avif 768w\" sizes=\"(max-width: 1024px) 100vw, 1024px\" title=\"\" data-smush-avif-fallback=\"{&quot;srcset&quot;:&quot;https:\\\/\\\/dispatcher-pro.com\\\/wp-content\\\/uploads\\\/2021\\\/10\\\/Illustration-NGE.png 1024w, https:\\\/\\\/dispatcher-pro.com\\\/wp-content\\\/uploads\\\/2021\\\/10\\\/Illustration-NGE-300x221.png 300w, https:\\\/\\\/dispatcher-pro.com\\\/wp-content\\\/uploads\\\/2021\\\/10\\\/Illustration-NGE-768x565.png 768w&quot;}\">\t\t\t\t\t\t\t\t\t\t\t\t\t\t\t<\/div>\n\t\t\t\t<\/div>\n\t\t\t\t\t<\/div>\n\t\t<\/div>\n\t\t\t\t\t<\/div>\n\t\t<\/section>\n\t\t\t\t<section class=\"elementor-section elementor-top-section elementor-element elementor-element-af9a2be elementor-section-boxed elementor-section-height-default elementor-section-height-default\" data-id=\"af9a2be\" data-element_type=\"section\" data-settings=\"{&quot;_ha_eqh_enable&quot;:false,&quot;ekit_has_onepagescroll_dot&quot;:&quot;yes&quot;}\">\n\t\t\t\t\t\t<div class=\"elementor-container elementor-column-gap-default\">\n\t\t\t\t\t<div class=\"elementor-column elementor-col-100 elementor-top-column elementor-element elementor-element-14e2945\" data-id=\"14e2945\" data-element_type=\"column\">\n\t\t\t<div class=\"elementor-widget-wrap elementor-element-populated\">\n\t\t\t\t\t\t<div class=\"elementor-element elementor-element-c14a22f elementor-widget elementor-widget-spacer\" data-id=\"c14a22f\" data-element_type=\"widget\" data-settings=\"{&quot;ekit_we_effect_on&quot;:&quot;none&quot;}\" data-widget_type=\"spacer.default\">\n\t\t\t\t<div class=\"elementor-widget-container\">\n\t\t\t\t\t\t\t<div class=\"elementor-spacer\">\n\t\t\t<div class=\"elementor-spacer-inner\"><\/div>\n\t\t<\/div>\n\t\t\t\t\t\t<\/div>\n\t\t\t\t<\/div>\n\t\t\t\t<div class=\"elementor-element elementor-element-035b5fa elementor-widget elementor-widget-text-editor\" data-id=\"035b5fa\" data-element_type=\"widget\" data-settings=\"{&quot;ekit_we_effect_on&quot;:&quot;none&quot;}\" data-widget_type=\"text-editor.default\">\n\t\t\t\t<div class=\"elementor-widget-container\">\n\t\t\t\t\t\t\t\t\t<p><span class=\"TextRun BCX0 SCXW135228341\" lang=\"FR-FR\" xml:lang=\"FR-FR\" data-contrast=\"auto\"><span class=\"NormalTextRun BCX0 SCXW135228341\">Our team&nbsp;<\/span><span class=\"NormalTextRun BCX0 SCXW135228341\">was invited to the premises of the construction group <b>NGE<\/b><\/span><span class=\"NormalTextRun BCX0 SCXW135228341\"><b>&nbsp;Civil Engineering<\/b><\/span><span class=\"NormalTextRun BCX0 SCXW135228341\"><\/span><span class=\"NormalTextRun BCX0 SCXW135228341\">,&nbsp;<\/span><span class=\"NormalTextRun BCX0 SCXW135228341\">a loyal Dispatcher customer,<\/span><span class=\"NormalTextRun BCX0 SCXW135228341\"> <\/span><span class=\"NormalTextRun BCX0 SCXW135228341\">for an exclusive customer feedback session.&nbsp;<\/span><span class=\"NormalTextRun BCX0 SCXW135228341\">Exclusive&nbsp;<\/span><span class=\"NormalTextRun BCX0 SCXW135228341\">customer&nbsp;<\/span><span class=\"NormalTextRun BCX0 SCXW135228341\">feedback \ud83c\udfac<br><\/span><\/span><span class=\"TextRun BCX0 SCXW135228341\" lang=\"FR-FR\" xml:lang=\"FR-FR\" data-contrast=\"auto\"><b><span class=\"NormalTextRun BCX0 SCXW135228341\"><br>Franck&nbsp;<\/span><span class=\"NormalTextRun SpellingErrorV2 BCX0 SCXW135228341\">Cahay<\/span><\/b><span class=\"NormalTextRun BCX0 SCXW135228341\">,&nbsp;<\/span><span class=\"NormalTextRun BCX0 SCXW135228341\">Agency<\/span><span class=\"NormalTextRun BCX0 SCXW135228341\">Director&nbsp;<\/span><span class=\"NormalTextRun BCX0 SCXW135228341\">and <b> J\u00e9r\u00e9mie Lafarge<\/b>, Director&nbsp;<\/span><span class=\"NormalTextRun BCX0 SCXW135228341\">of Operations&nbsp;<\/span><span class=\"NormalTextRun BCX0 SCXW135228341\">explain how the Dispatcher solution helped<\/span><span class=\"NormalTextRun BCX0 SCXW135228341\">&nbsp;their entities <b>digitise<\/b> <b>and improve&nbsp;<\/b><\/span><span class=\"NormalTextRun BCX0 SCXW135228341\"><b>performance<\/b>.<\/span><span class=\"NormalTextRun BCX0 SCXW135228341\">&nbsp;Complete appropriation&nbsp;<\/span><span class=\"NormalTextRun BCX0 SCXW135228341\">of the solution,<\/span><span class=\"NormalTextRun BCX0 SCXW135228341\"> <b>making its everyday use essential<\/b>&nbsp;<\/span><span class=\"NormalTextRun BCX0 SCXW135228341\"> <\/span><span class=\"NormalTextRun BCX0 SCXW135228341\"> <\/span><span class=\"NormalTextRun BCX0 SCXW135228341\">.<\/span><span class=\"NormalTextRun BCX0 SCXW135228341\">&nbsp;The tool has&nbsp;<\/span><span class=\"NormalTextRun BCX0 SCXW135228341\">been quickly&nbsp;<\/span><span class=\"NormalTextRun BCX0 SCXW135228341\">deployed across all other NGE entities in the region<\/span><span class=\"NormalTextRun BCX0 SCXW135228341\">&nbsp;.<br><\/span><\/span><strong><span class=\"TextRun MacChromeBold BCX0 SCXW135228341\" lang=\"FR-FR\" xml:lang=\"FR-FR\" data-contrast=\"auto\"><span class=\"NormalTextRun BCX0 SCXW135228341\"><i><br>&#8220;<\/i>Dispatcher was immediately beneficial and very easy to use.&nbsp;<\/span><span class=\"NormalTextRun BCX0 SCXW135228341\">Everything is centralised on one software system.&nbsp;<\/span><span class=\"NormalTextRun BCX0 SCXW135228341\">We immediately abandoned our Excel table!<\/span><span class=\"NormalTextRun BCX0 SCXW135228341\">&nbsp;&nbsp;<\/span><span class=\"NormalTextRun BCX0 SCXW135228341\">&#8220;<\/span><\/span><\/strong><span class=\"LineBreakBlob BlobObject DragDrop BCX0 SCXW135228341\"><br class=\"BCX0 SCXW135228341\"><\/span><\/p>\t\t\t\t\t\t\t\t<\/div>\n\t\t\t\t<\/div>\n\t\t\t\t\t<\/div>\n\t\t<\/div>\n\t\t\t\t\t<\/div>\n\t\t<\/section>\n\t\t\t\t<section class=\"elementor-section elementor-top-section elementor-element elementor-element-7cf1ae5 elementor-section-boxed elementor-section-height-default elementor-section-height-default\" data-id=\"7cf1ae5\" data-element_type=\"section\" data-settings=\"{&quot;_ha_eqh_enable&quot;:false,&quot;ekit_has_onepagescroll_dot&quot;:&quot;yes&quot;}\">\n\t\t\t\t\t\t<div class=\"elementor-container elementor-column-gap-default\">\n\t\t\t\t\t<div class=\"elementor-column elementor-col-100 elementor-top-column elementor-element elementor-element-70b0dd2\" data-id=\"70b0dd2\" data-element_type=\"column\">\n\t\t\t<div class=\"elementor-widget-wrap elementor-element-populated\">\n\t\t\t\t\t\t<div class=\"elementor-element elementor-element-714564f elementor-widget elementor-widget-text-editor\" data-id=\"714564f\" data-element_type=\"widget\" data-settings=\"{&quot;ekit_we_effect_on&quot;:&quot;none&quot;}\" data-widget_type=\"text-editor.default\">\n\t\t\t\t<div class=\"elementor-widget-container\">\n\t\t\t\t\t\t\t\t\t<p>Franck : &#8220;My name is Franck Cahay. I&#8217;m the NGE Civil Engineering Agency Director for the Industry &amp; Environment agency in \u00cele-de-France. NGE is a French construction and public works group. NGE stands for New Generation of Entrepreneurs We are a group of 14,000 employees in France and abroad. We&#8217;re continually growing, considering the objective is to reach 20,000 employees by 2025.&#8221;<\/p><p style=\"text-align: justify;\"><span data-contrast=\"auto\"><span style=\"font-weight: bolder;\">J\u00e9r\u00e9mie<\/span>: <\/span><span data-contrast=\"auto\">&#8220;<span lang=\"FR-FR\" data-contrast=\"none\">My name is J\u00e9r\u00e9mie Lafarge. I&#8217;m the Director of Operations at NGE Civil Engineering in the \u00cele-de-France region, and I&#8217;m in charge of NGE CE staff with Franck Cahay<\/span>.&#8221; <\/span><\/p><p><span style=\"font-weight: bolder;\"><span data-contrast=\"auto\"><span style=\"color: #e90e4c;\">Why did you set up Dispatcher within NGE? <\/span><\/span><\/span><\/p><p style=\"text-align: justify;\"><span data-contrast=\"auto\"><span style=\"font-weight: bolder;\">Franck<\/span>: <\/span><span data-contrast=\"auto\">&#8220;<span lang=\"FR-FR\" data-contrast=\"none\">Until the end of 2019, we were using an Excel spreadsheet to manage our staff planning processes. It was a very awkward spreadsheet, containing the different work sites and a list of our staff, to which we added temporary employees and the qualifications of all our staff members.<\/span><br \/><span lang=\"FR-FR\" xml:lang=\"FR-FR\" data-contrast=\"none\"><br \/>The awkwardness of the table only enabled us to have a view for the coming week, or two weeks at most, and no more, due to the table being extremely complicated to manage. We were copying and pasting all over the place, and our ability to control and check things was very limited. We only had one view per site, and we had no control over people being doubly allocated or not allocated at all. <\/span><\/span><\/p><p><span lang=\"FR-FR\" data-contrast=\"none\">Errors were therefore frequent and very often had to be dealt with at the last minute, with direct repercussions on site productivity. <\/span> <span lang=\"FR-FR\" xml:lang=\"FR-FR\" data-contrast=\"none\">We had no medium-term visibility of our needs, so it wasn&#8217;t possible to anticipate activity overloads or reductions in sufficient time. And the person responsible for updating the schedule had to put an incredible amount of time into it.&#8221;<\/span><\/p><p style=\"text-align: justify;\"><span data-contrast=\"auto\"><span style=\"font-weight: bolder;\"> J\u00e9r\u00e9mie<\/span>: <\/span><span data-contrast=\"auto\">&#8220;<span lang=\"FR-FR\" data-contrast=\"none\">What we hoped for above all when setting up Dispatcher <b>was to have a simple and accessible database, so that we could quickly assign staff to our work sites<\/b>.<\/span> <\/span><\/p><p><span lang=\"FR-FR\" xml:lang=\"FR-FR\" data-contrast=\"none\">One of the things we hoped for from the Dispatcher solution was staff tracking by name, in order to check that they were not assigned to several operations at once, as well as to track absences due to illness or leave, and their different operator permits and driving authorisations. <b>The aim was to centralise the monitoring of staff, paid leave, training, and driving authorisations, all with one single piece of software<\/b>.&#8221;<\/span><\/p><p><span style=\"font-weight: bolder;\"><span data-contrast=\"auto\"><span style=\"color: #e90e4c;\"><br \/>What feedback would you give?<\/span><\/span><\/span><\/p><p style=\"text-align: justify;\"><span data-contrast=\"auto\"><span style=\"font-weight: bolder;\">Franck<\/span>: <\/span><span data-contrast=\"auto\">&#8220;<span lang=\"FR-FR\" xml:lang=\"FR-FR\" data-contrast=\"none\">When implementing Dispatcher, we had planned to operate on both systems at the same time, the Excel spreadsheet on the one hand and Dispatcher on the other, so that we could familiarise ourselves with the software and get to grips with it. In the end, that only lasted a week, because <\/span><b><span lang=\"FR-FR\" data-contrast=\"none\">Dispatcher was immediately beneficial<\/span><span lang=\"FR-FR\" data-contrast=\"none\"> and<\/span><span lang=\"FR-FR\" data-contrast=\"none\">easy to use,<\/span><\/b><span lang=\"FR-FR\" data-contrast=\"none\"><b>so we abandoned our old Excel spreadsheet straight away<\/b>.&#8221;<\/span><\/span><\/p><p style=\"text-align: justify;\"><span style=\"font-weight: bolder;\" data-contrast=\"auto\">J\u00e9r\u00e9mie : One of the most positive aspects of our experience is that the Excel file we previously used was used by one person at a time, whereas <b>this Dispatcher software is used<\/b><\/span><b> <span lang=\"FR-FR\" xml:lang=\"FR-FR\" data-contrast=\"none\">in a really collaborative way.<\/span><\/b><span lang=\"FR-FR\" xml:lang=\"FR-FR\" data-contrast=\"none\"> And we can use it at the same time, for example, when we&#8217;re having our staff meeting, Franck can change the schedule while I work with the other site engineers on the platform.&#8221;<\/span><\/p><p style=\"text-align: justify;\"><span data-contrast=\"auto\"><span style=\"font-weight: bolder;\">Franck<\/span>: <\/span><span data-contrast=\"auto\">&#8220;<span lang=\"FR-FR\" data-contrast=\"none\">After a year of using Dispatcher for Civil Engineering, <b>we decided to <\/b><\/span><span lang=\"FR-FR\" data-contrast=\"none\"><b>extend it to the other entities in the region<\/b>,<\/span><span lang=\"FR-FR\" xml:lang=\"FR-FR\" data-contrast=\"none\"> namely Guintoli, which carries out earthworks, and EHTP for networks, enabling us to have <b>better visibility of overall activity in the region<\/b>. This <\/span><span lang=\"FR-FR\" xml:lang=\"FR-FR\" data-contrast=\"none\">simplifies staff loans <\/span><span lang=\"FR-FR\" xml:lang=\"FR-FR\" data-contrast=\"none\">between the different entities. One of NGE&#8217;s strengths is its &#8220;multi-trade&#8221; aspect, i.e. our ability to join forces to improve our performance and costs, as well as to increase customer satisfaction, and using the same planning software throughout the various entities across the region is ideal for this objective.&#8221;<\/span><\/span><\/p><p><span style=\"color: #e90e4c;\"><b>Would you recommend Dispatcher?<\/b><\/span><\/p><p style=\"text-align: justify;\"><span data-contrast=\"auto\"><span style=\"font-weight: bolder;\">Franck<\/span>: <\/span><span data-contrast=\"auto\"><b>&#8220;It<span class=\"TextRun BCX0 SCXW197614551\" lang=\"FR-FR\" data-contrast=\"none\"><span class=\"NormalTextRun BCX0 SCXW197614551\">&#8216;s a very user-friendly piece of software, which allows us to better anticipate our needs and facilitates collaborative working between the various entities in the region.&#8221;<\/span><\/span><\/b><span class=\"LineBreakBlob BlobObject DragDrop BCX0 SCXW197614551\"><br class=\"BCX0 SCXW197614551\" \/><\/span><\/span><\/p><p><b>J\u00e9r\u00e9mie<\/b> : We are happy with the service offered by Dispatcher. <b>The software is regularly updated with new options and services, and the team assigned to us is always available, helpful, and very friendly!<\/b>&#8220;<\/p>\t\t\t\t\t\t\t\t<\/div>\n\t\t\t\t<\/div>\n\t\t\t\t\t<\/div>\n\t\t<\/div>\n\t\t\t\t\t<\/div>\n\t\t<\/section>\n\t\t\t\t<section class=\"elementor-section elementor-top-section elementor-element elementor-element-05b6da8 elementor-section-boxed elementor-section-height-default elementor-section-height-default\" data-id=\"05b6da8\" data-element_type=\"section\" data-settings=\"{&quot;_ha_eqh_enable&quot;:false,&quot;ekit_has_onepagescroll_dot&quot;:&quot;yes&quot;}\">\n\t\t\t\t\t\t<div class=\"elementor-container elementor-column-gap-default\">\n\t\t\t\t\t<div class=\"elementor-column elementor-col-100 elementor-top-column elementor-element elementor-element-87e0bb8\" data-id=\"87e0bb8\" data-element_type=\"column\">\n\t\t\t<div class=\"elementor-widget-wrap elementor-element-populated\">\n\t\t\t\t\t\t<div class=\"elementor-element elementor-element-44913b0 elementor-widget elementor-widget-spacer\" data-id=\"44913b0\" data-element_type=\"widget\" data-settings=\"{&quot;ekit_we_effect_on&quot;:&quot;none&quot;}\" data-widget_type=\"spacer.default\">\n\t\t\t\t<div class=\"elementor-widget-container\">\n\t\t\t\t\t\t\t<div class=\"elementor-spacer\">\n\t\t\t<div class=\"elementor-spacer-inner\"><\/div>\n\t\t<\/div>\n\t\t\t\t\t\t<\/div>\n\t\t\t\t<\/div>\n\t\t\t\t\t<\/div>\n\t\t<\/div>\n\t\t\t\t\t<\/div>\n\t\t<\/section>\n\t\t\t\t<section class=\"elementor-section elementor-top-section elementor-element elementor-element-2fc52ae elementor-section-height-min-height elementor-section-items-stretch elementor-section-boxed elementor-section-height-default\" data-id=\"2fc52ae\" data-element_type=\"section\" data-settings=\"{&quot;_ha_eqh_enable&quot;:false,&quot;ekit_has_onepagescroll_dot&quot;:&quot;yes&quot;}\">\n\t\t\t\t\t\t<div class=\"elementor-container elementor-column-gap-default\">\n\t\t\t\t\t<div class=\"elementor-column elementor-col-100 elementor-top-column elementor-element elementor-element-db34e86\" data-id=\"db34e86\" data-element_type=\"column\" data-settings=\"{&quot;background_background&quot;:&quot;classic&quot;}\">\n\t\t\t<div class=\"elementor-widget-wrap elementor-element-populated\">\n\t\t\t\t\t<div class=\"elementor-background-overlay\"><\/div>\n\t\t\t\t\t\t<div class=\"elementor-element elementor-element-47c317d elementor-widget elementor-widget-text-editor\" data-id=\"47c317d\" data-element_type=\"widget\" data-settings=\"{&quot;ekit_we_effect_on&quot;:&quot;none&quot;}\" data-widget_type=\"text-editor.default\">\n\t\t\t\t<div class=\"elementor-widget-container\">\n\t\t\t\t\t\t\t\t\t<p>Start resource planning now!<\/p>\t\t\t\t\t\t\t\t<\/div>\n\t\t\t\t<\/div>\n\t\t\t\t<div class=\"elementor-element elementor-element-f705a6d elementor-widget elementor-widget-text-editor\" data-id=\"f705a6d\" data-element_type=\"widget\" data-settings=\"{&quot;ekit_we_effect_on&quot;:&quot;none&quot;}\" data-widget_type=\"text-editor.default\">\n\t\t\t\t<div class=\"elementor-widget-container\">\n\t\t\t\t\t\t\t\t\t<p><span class=\"dot-r\"><span style=\"color: #011640;\">Plan ahead <br \/>and you&#8217;ll never look back<\/span><\/span><span style=\"color: #e7004c;\">.<\/span><\/p>\t\t\t\t\t\t\t\t<\/div>\n\t\t\t\t<\/div>\n\t\t\t\t<div class=\"elementor-element elementor-element-7ba87d9 elementor-widget elementor-widget-spacer\" data-id=\"7ba87d9\" data-element_type=\"widget\" data-settings=\"{&quot;ekit_we_effect_on&quot;:&quot;none&quot;}\" data-widget_type=\"spacer.default\">\n\t\t\t\t<div class=\"elementor-widget-container\">\n\t\t\t\t\t\t\t<div class=\"elementor-spacer\">\n\t\t\t<div class=\"elementor-spacer-inner\"><\/div>\n\t\t<\/div>\n\t\t\t\t\t\t<\/div>\n\t\t\t\t<\/div>\n\t\t\t\t<div class=\"elementor-element elementor-element-1755533 elementor-align-center elementor-widget elementor-widget-button\" data-id=\"1755533\" data-element_type=\"widget\" data-settings=\"{&quot;ekit_we_effect_on&quot;:&quot;none&quot;}\" data-widget_type=\"button.default\">\n\t\t\t\t<div class=\"elementor-widget-container\">\n\t\t\t\t\t\t\t\t\t<div class=\"elementor-button-wrapper\">\n\t\t\t\t\t<a class=\"elementor-button elementor-button-link elementor-size-sm\" href=\"\/en\/contact\/\">\n\t\t\t\t\t\t<span class=\"elementor-button-content-wrapper\">\n\t\t\t\t\t\t\t\t\t<span class=\"elementor-button-text\">Contact us<\/span>\n\t\t\t\t\t<\/span>\n\t\t\t\t\t<\/a>\n\t\t\t\t<\/div>\n\t\t\t\t\t\t\t\t<\/div>\n\t\t\t\t<\/div>\n\t\t\t\t\t<\/div>\n\t\t<\/div>\n\t\t\t\t\t<\/div>\n\t\t<\/section>\n\t\t\t\t<section class=\"elementor-section elementor-top-section elementor-element elementor-element-8c7a102 elementor-section-boxed elementor-section-height-default elementor-section-height-default\" data-id=\"8c7a102\" data-element_type=\"section\" data-settings=\"{&quot;_ha_eqh_enable&quot;:false,&quot;ekit_has_onepagescroll_dot&quot;:&quot;yes&quot;}\">\n\t\t\t\t\t\t<div class=\"elementor-container elementor-column-gap-default\">\n\t\t\t\t\t<div class=\"elementor-column elementor-col-100 elementor-top-column elementor-element elementor-element-f436437\" data-id=\"f436437\" data-element_type=\"column\">\n\t\t\t<div class=\"elementor-widget-wrap elementor-element-populated\">\n\t\t\t\t\t\t<div class=\"elementor-element elementor-element-4212976 elementor-widget elementor-widget-spacer\" data-id=\"4212976\" data-element_type=\"widget\" data-settings=\"{&quot;ekit_we_effect_on&quot;:&quot;none&quot;}\" data-widget_type=\"spacer.default\">\n\t\t\t\t<div class=\"elementor-widget-container\">\n\t\t\t\t\t\t\t<div class=\"elementor-spacer\">\n\t\t\t<div class=\"elementor-spacer-inner\"><\/div>\n\t\t<\/div>\n\t\t\t\t\t\t<\/div>\n\t\t\t\t<\/div>\n\t\t\t\t\t<\/div>\n\t\t<\/div>\n\t\t\t\t\t<\/div>\n\t\t<\/section>\n\t\t\t\t<\/div>\n\t\t","protected":false},"excerpt":{"rendered":"<p>Dispatcher modernises staff planning processes&nbsp;at the NGE group. Exclusive feedback from the NGE group. Discover the planning tool Our team&nbsp;was invited to the premises of the construction group NGE&nbsp;Civil Engineering,&nbsp;a loyal Dispatcher customer, for an exclusive customer feedback session.&nbsp;Exclusive&nbsp;customer&nbsp;feedback \ud83c\udfacFranck&nbsp;Cahay,&nbsp;AgencyDirector&nbsp;and J\u00e9r\u00e9mie Lafarge, Director&nbsp;of Operations&nbsp;explain how the Dispatcher solution helped&nbsp;their entities digitise and improve&nbsp;performance.&nbsp;Complete appropriation&nbsp;of the [&hellip;]<\/p>\n","protected":false},"author":1,"featured_media":18753,"parent":21101,"menu_order":0,"comment_status":"closed","ping_status":"closed","template":"","meta":{"_eb_attr":"","footnotes":""},"class_list":["post-21148","page","type-page","status-publish","has-post-thumbnail","hentry"],"_links":{"self":[{"href":"https:\/\/dispatcher-pro.com\/en\/wp-json\/wp\/v2\/pages\/21148","targetHints":{"allow":["GET"]}}],"collection":[{"href":"https:\/\/dispatcher-pro.com\/en\/wp-json\/wp\/v2\/pages"}],"about":[{"href":"https:\/\/dispatcher-pro.com\/en\/wp-json\/wp\/v2\/types\/page"}],"author":[{"embeddable":true,"href":"https:\/\/dispatcher-pro.com\/en\/wp-json\/wp\/v2\/users\/1"}],"replies":[{"embeddable":true,"href":"https:\/\/dispatcher-pro.com\/en\/wp-json\/wp\/v2\/comments?post=21148"}],"version-history":[{"count":0,"href":"https:\/\/dispatcher-pro.com\/en\/wp-json\/wp\/v2\/pages\/21148\/revisions"}],"up":[{"embeddable":true,"href":"https:\/\/dispatcher-pro.com\/en\/wp-json\/wp\/v2\/pages\/21101"}],"wp:featuredmedia":[{"embeddable":true,"href":"https:\/\/dispatcher-pro.com\/en\/wp-json\/wp\/v2\/media\/18753"}],"wp:attachment":[{"href":"https:\/\/dispatcher-pro.com\/en\/wp-json\/wp\/v2\/media?parent=21148"}],"curies":[{"name":"wp","href":"https:\/\/api.w.org\/{rel}","templated":true}]}}