{"id":173,"date":"2020-04-28T16:42:35","date_gmt":"2020-04-28T14:42:35","guid":{"rendered":"https:\/\/dispatcher-pro.com\/?page_id=173"},"modified":"2026-04-30T22:51:32","modified_gmt":"2026-04-30T20:51:32","slug":"contact","status":"publish","type":"page","link":"https:\/\/dispatcher-pro.com\/en\/contact\/","title":{"rendered":"Contact Dispatcher"},"content":{"rendered":"\t\t<div data-elementor-type=\"wp-page\" data-elementor-id=\"173\" class=\"elementor elementor-173 elementor-171\" data-elementor-settings=\"{&quot;ha_cmc_init_switcher&quot;:&quot;no&quot;}\" data-elementor-post-type=\"page\">\n\t\t\t\t\t\t<section class=\"elementor-section elementor-top-section elementor-element elementor-element-505b65a elementor-section-boxed elementor-section-height-default elementor-section-height-default\" data-id=\"505b65a\" data-element_type=\"section\" data-settings=\"{&quot;_ha_eqh_enable&quot;:false,&quot;ekit_has_onepagescroll_dot&quot;:&quot;yes&quot;}\">\n\t\t\t\t\t\t\t<div class=\"elementor-background-overlay\"><\/div>\n\t\t\t\t\t\t\t<div class=\"elementor-container elementor-column-gap-default\">\n\t\t\t\t\t<div class=\"elementor-column elementor-col-100 elementor-top-column elementor-element elementor-element-621507cf\" data-id=\"621507cf\" data-element_type=\"column\">\n\t\t\t<div class=\"elementor-widget-wrap elementor-element-populated\">\n\t\t\t\t\t\t<div class=\"elementor-element elementor-element-6c19e6be elementor-widget elementor-widget-heading\" data-id=\"6c19e6be\" data-element_type=\"widget\" data-settings=\"{&quot;ekit_we_effect_on&quot;:&quot;none&quot;}\" data-widget_type=\"heading.default\">\n\t\t\t\t<div class=\"elementor-widget-container\">\n\t\t\t\t\t<h1 class=\"elementor-heading-title elementor-size-default\">Contact the Dispatcher team<span class=\"dot-r\">.<\/span> <\/h1>\t\t\t\t<\/div>\n\t\t\t\t<\/div>\n\t\t\t\t<div class=\"elementor-element elementor-element-238d774d elementor-widget elementor-widget-text-editor\" data-id=\"238d774d\" data-element_type=\"widget\" data-settings=\"{&quot;ekit_we_effect_on&quot;:&quot;none&quot;}\" data-widget_type=\"text-editor.default\">\n\t\t\t\t<div class=\"elementor-widget-container\">\n\t\t\t\t\t\t\t\t\t<p>Leave your contact details so that our Dispatcher team can <br \/>present&nbsp;<span style=\"font-family: var( --e-global-typography-text-font-family ), Sans-serif; font-size: 1rem; font-weight: var( --e-global-typography-text-font-weight );\">the features of our platform to you.<\/span><\/p>\n\t\t\t\t\t\t\t\t<\/div>\n\t\t\t\t<\/div>\n\t\t<div class=\"elementor-element elementor-element-00ec5eb e-flex e-con-boxed e-con e-parent\" data-id=\"00ec5eb\" data-element_type=\"container\" data-settings=\"{&quot;_ha_eqh_enable&quot;:false,&quot;ekit_has_onepagescroll_dot&quot;:&quot;yes&quot;}\">\n\t\t\t\t\t<div class=\"e-con-inner\">\n\t\t<div class=\"elementor-element elementor-element-3781791 e-con-full e-flex e-con e-child\" data-id=\"3781791\" data-element_type=\"container\" data-settings=\"{&quot;_ha_eqh_enable&quot;:false,&quot;ekit_has_onepagescroll_dot&quot;:&quot;yes&quot;}\">\n\t\t\t\t<div class=\"elementor-element elementor-element-d750c5c elementor-widget__width-initial elementor-widget elementor-widget-text-editor\" data-id=\"d750c5c\" data-element_type=\"widget\" data-settings=\"{&quot;ekit_we_effect_on&quot;:&quot;none&quot;}\" data-widget_type=\"text-editor.default\">\n\t\t\t\t<div class=\"elementor-widget-container\">\n\t\t\t\t\t\t\t\t\t<p>If you&#8217;re located in <strong>North America<\/strong> and interested in seeing a demo of Dispatcher-Pro, please <a href=\"https:\/\/www.hcss.com\/request-info\/?product-interest=DispatcherPro\" target=\"_blank\" rel=\"noopener\">request a demo here<\/a>.<\/p>\t\t\t\t\t\t\t\t<\/div>\n\t\t\t\t<\/div>\n\t\t\t\t<\/div>\n\t\t\t\t\t<\/div>\n\t\t\t\t<\/div>\n\t\t\t\t<div class=\"elementor-element elementor-element-d8ceece elementor-widget elementor-widget-formidable\" data-id=\"d8ceece\" data-element_type=\"widget\" data-settings=\"{&quot;ekit_we_effect_on&quot;:&quot;none&quot;}\" data-widget_type=\"formidable.default\">\n\t\t\t\t<div class=\"elementor-widget-container\">\n\t\t\t\t\t<div class=\"frm_forms  with_frm_style frm_style_formidable-style\" id=\"frm_form_6_container\" data-token=\"0c7d1a11939acf997683dac8a0f52e8b\">\n<form enctype=\"multipart\/form-data\" method=\"post\" class=\"frm-show-form  frm_pro_form \" id=\"form_demo-request-v2\" data-token=\"0c7d1a11939acf997683dac8a0f52e8b\">\n<div class=\"frm_form_fields \">\n<fieldset>\n<legend class=\"frm_screen_reader\">Request a Demo V2<\/legend>\r\n\r\n<div class=\"frm_fields_container\">\n<input type=\"hidden\" name=\"frm_action\" value=\"create\" \/>\n<input type=\"hidden\" name=\"form_id\" value=\"6\" \/>\n<input type=\"hidden\" name=\"frm_hide_fields_6\" id=\"frm_hide_fields_6\" value=\"\" \/>\n<input type=\"hidden\" name=\"form_key\" value=\"demo-request-v2\" \/>\n<input type=\"hidden\" name=\"item_meta[0]\" value=\"\" \/>\n<input type=\"hidden\" id=\"frm_submit_entry_6\" name=\"frm_submit_entry_6\" value=\"9baa338e51\" \/><input type=\"hidden\" name=\"_wp_http_referer\" value=\"\/en\/wp-json\/wp\/v2\/pages\/173\" \/><div id=\"frm_field_39_container\" class=\"frm_form_field form-field  frm_required_field frm_top_container frm6 frm_first\">\r\n\t<label for=\"field_exuat32\" id=\"field_exuat32_label\" class=\"frm_primary_label\">First Name\r\n\t\t<span class=\"frm_required\" aria-hidden=\"true\">*<\/span>\r\n\t<\/label>\r\n\t<input  type=\"text\" id=\"field_exuat32\" name=\"item_meta[39]\" value=\"\"  autocomplete=\"given-name\"  data-reqmsg=\"First Name cannot be blank.\" aria-required=\"true\" data-invmsg=\"First Name is invalid\" aria-invalid=\"false\"   \/>\r\n\t\r\n\t\r\n<\/div>\n<div id=\"frm_field_40_container\" class=\"frm_form_field form-field  frm_required_field frm_top_container frm6\">\r\n\t<label for=\"field_bccq132\" id=\"field_bccq132_label\" class=\"frm_primary_label\">Last Name\r\n\t\t<span class=\"frm_required\" aria-hidden=\"true\">*<\/span>\r\n\t<\/label>\r\n\t<input  type=\"text\" id=\"field_bccq132\" name=\"item_meta[40]\" value=\"\"  autocomplete=\"family-name\"  data-reqmsg=\"Last Name cannot be blank.\" aria-required=\"true\" data-invmsg=\"Last Name is invalid\" aria-invalid=\"false\"   \/>\r\n\t\r\n\t\r\n<\/div>\n<div id=\"frm_field_41_container\" class=\"frm_form_field form-field  frm_required_field frm_top_container frm6 frm_first\">\r\n\t<label for=\"field_r8f9k32\" id=\"field_r8f9k32_label\" class=\"frm_primary_label\">E-Mail\r\n\t\t<span class=\"frm_required\" aria-hidden=\"true\">*<\/span>\r\n\t<\/label>\r\n\t<input type=\"email\" id=\"field_r8f9k32\" name=\"item_meta[41]\" value=\"\"  autocomplete=\"email\"  data-reqmsg=\"E-Mail cannot be blank.\" aria-required=\"true\" data-invmsg=\"E-Mail is invalid\" aria-invalid=\"false\"  \/>\r\n\t\r\n\t\r\n<\/div>\n<div id=\"frm_field_42_container\" class=\"frm_form_field form-field  frm_required_field frm_top_container frm6\">\r\n\t<label for=\"field_gfask32\" id=\"field_gfask32_label\" class=\"frm_primary_label\">Phone\r\n\t\t<span class=\"frm_required\" aria-hidden=\"true\">*<\/span>\r\n\t<\/label>\r\n\t<input type=\"tel\" id=\"field_gfask32\" name=\"item_meta[42]\" value=\"\"  data-reqmsg=\"Phone cannot be blank.\" aria-required=\"true\" data-invmsg=\"Phone is invalid\" aria-invalid=\"false\" pattern=\"((\\+\\d{1,3}(-|.| )?\\(?\\d\\)?(-| |.)?\\d{1,5})|(\\(?\\d{2,6}\\)?))(-|.| )?(\\d{3,4})(-|.| )?(\\d{4})(( x| ext)\\d{1,5}){0,1}$\"  \/>\r\n\t\r\n\t\r\n<\/div>\n<div id=\"frm_field_43_container\" class=\"frm_form_field form-field  frm_required_field frm_top_container frm6 frm_first\">\r\n\t<label for=\"field_kxl7532\" id=\"field_kxl7532_label\" class=\"frm_primary_label\">Company Name\r\n\t\t<span class=\"frm_required\" aria-hidden=\"true\">*<\/span>\r\n\t<\/label>\r\n\t<input  type=\"text\" id=\"field_kxl7532\" name=\"item_meta[43]\" value=\"\"  autocomplete=\"organization\"  data-reqmsg=\"Company Name cannot be blank.\" aria-required=\"true\" data-invmsg=\"Company Name is invalid\" aria-invalid=\"false\"   \/>\r\n\t\r\n\t\r\n<\/div>\n<div id=\"frm_field_44_container\" class=\"frm_form_field form-field  frm_required_field frm_top_container frm6\">\r\n\t<label for=\"field_7rmpp\" id=\"field_7rmpp_label\" class=\"frm_primary_label\">Country\r\n\t\t<span class=\"frm_required\" aria-hidden=\"true\">*<\/span>\r\n\t<\/label>\r\n\t\t\t<select name=\"item_meta[44]\" id=\"field_7rmpp\"  data-reqmsg=\"Country cannot be blank.\" aria-required=\"true\" data-invmsg=\"Country is invalid\" aria-invalid=\"false\"  >\n\t\t<option  value=\"\" selected='selected'> <\/option><option  value=\"United States\">United States<\/option><option  value=\"Canada\">Canada<\/option><option  value=\"Australia\">Australia<\/option><option  value=\"France\">France<\/option><option  value=\"Austria\">Austria<\/option><option  value=\"Belgium\">Belgium<\/option><option  value=\"Bulgaria\">Bulgaria<\/option><option  value=\"Croatia\">Croatia<\/option><option  value=\"Republic of Cyprus\">Republic of Cyprus<\/option><option  value=\"Czechia\">Czechia<\/option><option  value=\"Denmark\">Denmark<\/option><option  value=\"Estonia\">Estonia<\/option><option  value=\"Finland\">Finland<\/option><option  value=\"Germany\">Germany<\/option><option  value=\"Greece\">Greece<\/option><option  value=\"Hungary\">Hungary<\/option><option  value=\"Ireland\">Ireland<\/option><option  value=\"Italy\">Italy<\/option><option  value=\"Latvia\">Latvia<\/option><option  value=\"Lithuania\">Lithuania<\/option><option  value=\"Luxembourg\">Luxembourg<\/option><option  value=\"Malta\">Malta<\/option><option  value=\"Netherlands\">Netherlands<\/option><option  value=\"Poland\">Poland<\/option><option  value=\"Portugal\">Portugal<\/option><option  value=\"Romania\">Romania<\/option><option  value=\"Slovakia\">Slovakia<\/option><option  value=\"Slovenia\">Slovenia<\/option><option  value=\"Spain\">Spain<\/option><option  value=\"Sweden\">Sweden<\/option>\t<\/select>\n\t\r\n\t\r\n\t\r\n<\/div>\n<div id=\"frm_field_45_container\" class=\"frm_form_field form-field  frm_required_field frm_top_container\">\r\n\t<label for=\"field_b1z0x\" id=\"field_b1z0x_label\" class=\"frm_primary_label\">State\/Province\r\n\t\t<span class=\"frm_required\" aria-hidden=\"true\">*<\/span>\r\n\t<\/label>\r\n\t\t\t<select name=\"item_meta[45]\" id=\"field_b1z0x\"  data-reqmsg=\"State\/Province cannot be blank.\" aria-required=\"true\" data-invmsg=\"State\/Province is invalid\" aria-invalid=\"false\"  >\n\t\t<option  value=\"\" selected='selected'> <\/option><option  value=\"Alabama\">Alabama<\/option><option  value=\"Alaska\">Alaska<\/option><option  value=\"American Samoa\">American Samoa<\/option><option  value=\"Arizona\">Arizona<\/option><option  value=\"Arkansas\">Arkansas<\/option><option  value=\"Armed Forces Americas\">Armed Forces Americas<\/option><option  value=\"Armed Forces Europe\">Armed Forces Europe<\/option><option  value=\"Armed Forces Pacific\">Armed Forces Pacific<\/option><option  value=\"California\">California<\/option><option  value=\"Colorado\">Colorado<\/option><option  value=\"Connecticut\">Connecticut<\/option><option  value=\"Delaware\">Delaware<\/option><option  value=\"District of Columbia\">District of Columbia<\/option><option  value=\"Federated Micronesia\">Federated Micronesia<\/option><option  value=\"Florida\">Florida<\/option><option  value=\"Georgia\">Georgia<\/option><option  value=\"Guam\">Guam<\/option><option  value=\"Hawaii\">Hawaii<\/option><option  value=\"Idaho\">Idaho<\/option><option  value=\"Illinois\">Illinois<\/option><option  value=\"Indiana\">Indiana<\/option><option  value=\"Iowa\">Iowa<\/option><option  value=\"Kansas\">Kansas<\/option><option  value=\"Kentucky\">Kentucky<\/option><option  value=\"Louisiana\">Louisiana<\/option><option  value=\"Maine\">Maine<\/option><option  value=\"Marshall Islands\">Marshall Islands<\/option><option  value=\"Maryland\">Maryland<\/option><option  value=\"Massachusetts\">Massachusetts<\/option><option  value=\"Michigan\">Michigan<\/option><option  value=\"Minnesota\">Minnesota<\/option><option  value=\"Mississippi\">Mississippi<\/option><option  value=\"Missouri\">Missouri<\/option><option  value=\"Montana\">Montana<\/option><option  value=\"Nebraska\">Nebraska<\/option><option  value=\"Nevada\">Nevada<\/option><option  value=\"New Hampshire\">New Hampshire<\/option><option  value=\"New Jersey\">New Jersey<\/option><option  value=\"New Mexico\">New Mexico<\/option><option  value=\"New York\">New York<\/option><option  value=\"North Carolina\">North Carolina<\/option><option  value=\"North Dakota\">North Dakota<\/option><option  value=\"Northern Mariana Islands\">Northern Mariana Islands<\/option><option  value=\"Ohio\">Ohio<\/option><option  value=\"Oklahoma\">Oklahoma<\/option><option  value=\"Oregon\">Oregon<\/option><option  value=\"Palau\">Palau<\/option><option  value=\"Pennsylvania\">Pennsylvania<\/option><option  value=\"Puerto Rico\">Puerto Rico<\/option><option  value=\"Rhode Island\">Rhode Island<\/option><option  value=\"South Carolina\">South Carolina<\/option><option  value=\"South Dakota\">South Dakota<\/option><option  value=\"Tennessee\">Tennessee<\/option><option  value=\"Texas\">Texas<\/option><option  value=\"United States Minor Outlying Islands\">United States Minor Outlying Islands<\/option><option  value=\"US Virgin Islands\">US Virgin Islands<\/option><option  value=\"Utah\">Utah<\/option><option  value=\"Vermont\">Vermont<\/option><option  value=\"Virginia\">Virginia<\/option><option  value=\"Washington\">Washington<\/option><option  value=\"West Virginia\">West Virginia<\/option><option  value=\"Wisconsin\">Wisconsin<\/option><option  value=\"Wyoming\">Wyoming<\/option>\t<\/select>\n\t\r\n\t\r\n\t\r\n<\/div>\n<div id=\"frm_field_46_container\" class=\"frm_form_field form-field  frm_required_field frm_top_container\">\r\n\t<label for=\"field_6al4i\" id=\"field_6al4i_label\" class=\"frm_primary_label\">State\/Province\r\n\t\t<span class=\"frm_required\" aria-hidden=\"true\">*<\/span>\r\n\t<\/label>\r\n\t\t\t<select name=\"item_meta[46]\" id=\"field_6al4i\"  data-reqmsg=\"State\/Province cannot be blank.\" aria-required=\"true\" data-invmsg=\"State\/Province is invalid\" aria-invalid=\"false\"  >\n\t\t<option  value=\"\" selected='selected'> <\/option><option  value=\"Alberta\">Alberta<\/option><option  value=\"British Columbia\">British Columbia<\/option><option  value=\"Manitoba\">Manitoba<\/option><option  value=\"New Brunswick\">New Brunswick<\/option><option  value=\"Newfoundland and Labrador\">Newfoundland and Labrador<\/option><option  value=\"Northwest Territories\">Northwest Territories<\/option><option  value=\"Nova Scotia\">Nova Scotia<\/option><option  value=\"Nunavut\">Nunavut<\/option><option  value=\"Ontario\">Ontario<\/option><option  value=\"Prince Edward Island\">Prince Edward Island<\/option><option  value=\"Quebec\">Quebec<\/option><option  value=\"Saskatchewan\">Saskatchewan<\/option><option  value=\"Yukon Territories\">Yukon Territories<\/option>\t<\/select>\n\t\r\n\t\r\n\t\r\n<\/div>\n<div id=\"frm_field_47_container\" class=\"frm_form_field form-field  frm_required_field frm_top_container\">\r\n\t<label for=\"field_73oi5\" id=\"field_73oi5_label\" class=\"frm_primary_label\">State\/Province\r\n\t\t<span class=\"frm_required\" aria-hidden=\"true\">*<\/span>\r\n\t<\/label>\r\n\t\t\t<select name=\"item_meta[47]\" id=\"field_73oi5\"  data-reqmsg=\"State\/Province cannot be blank.\" aria-required=\"true\" data-invmsg=\"State\/Province is invalid\" aria-invalid=\"false\"  >\n\t\t<option  value=\"\" selected='selected'> <\/option><option  value=\"Australian Capital Territory\">Australian Capital Territory<\/option><option  value=\"New South Wales\">New South Wales<\/option><option  value=\"Northern Territory\">Northern Territory<\/option><option  value=\"Queensland\">Queensland<\/option><option  value=\"South Australia\">South Australia<\/option><option  value=\"Tasmania\">Tasmania<\/option><option  value=\"Victoria\">Victoria<\/option><option  value=\"Western Australia\">Western Australia<\/option>\t<\/select>\n\t\r\n\t\r\n\t\r\n<\/div>\n<div id=\"frm_field_48_container\" class=\"frm_form_field form-field  frm_top_container\">\r\n\t<label for=\"field_szi8q32\" id=\"field_szi8q32_label\" class=\"frm_primary_label\">Any comments or questions?\r\n\t\t<span class=\"frm_required\" aria-hidden=\"true\"><\/span>\r\n\t<\/label>\r\n\t<textarea name=\"item_meta[48]\" id=\"field_szi8q32\" rows=\"5\"  data-invmsg=\"Any comments or questions? is invalid\" aria-invalid=\"false\"  ><\/textarea>\r\n\t\r\n\t\r\n<\/div>\n<div id=\"frm_field_49_container\" class=\"frm_form_field form-field  frm_none_container vertical_radio\">\r\n\t<div  id=\"field_tg126_label\" class=\"frm_primary_label\">Yes, I would like to receive marketing communications from Redwit, including information about Redwit events, products, and helpful resources. I can unsubscribe at any time.\r\n\t\t<span class=\"frm_required\" aria-hidden=\"true\"><\/span>\r\n\t<\/div>\r\n\t<div class=\"frm_opt_container\" aria-labelledby=\"field_tg126_label\" role=\"group\">\t\t<div class=\"frm_checkbox\" id=\"frm_checkbox_49-0\">\t\t\t<label  for=\"field_tg126-0\">\n\t\t\t<input type=\"checkbox\" name=\"item_meta[49][]\" id=\"field_tg126-0\" value=\"Consent Marketing\"  data-invmsg=\"Yes, I would like to receive marketing communications from Redwit, including information about Redwit events, products, and helpful resources. I can unsubscribe at any time. is invalid\"   \/> Yes, I would like to receive marketing communications from Redwit, including information about Redwit events, products, and helpful resources. I can unsubscribe at any time.<\/label><\/div>\n<\/div>\r\n\t\r\n\t\r\n<\/div>\n<div id=\"frm_field_50_container\" class=\"frm_form_field form-field  frm_required_field frm_none_container vertical_radio\">\r\n\t<div  id=\"field_itr43_label\" class=\"frm_primary_label\">By clicking Submit the form, I consent to Redwit processing my personal data in accordance with Redwit's\u00a0<a target=\"_blank\" href=\"https:\/\/dispatcher-pro.com\/en\/privacy-policy\/\">privacy policy<\/a>.<span class=\"frm_required\" aria-hidden=\"true\">*<\/span>\r\n\t\t<span class=\"frm_required\" aria-hidden=\"true\">*<\/span>\r\n\t<\/div>\r\n\t<div class=\"frm_opt_container\" aria-labelledby=\"field_itr43_label\" role=\"group\">\t\t<div class=\"frm_checkbox\" id=\"frm_checkbox_50-0\">\t\t\t<label  for=\"field_itr43-0\">\n\t\t\t<input type=\"checkbox\" name=\"item_meta[50][]\" id=\"field_itr43-0\" value=\"Consent Privacy\"  data-reqmsg=\"By clicking Submit the form, I consent to Redwit processing my personal data in accordance with Redwit&#039;s\u00a0&lt;a target=&quot;_blank&quot; href=&quot;https:\/\/dispatcher-pro.com\/en\/privacy-policy\/&quot;&gt;privacy policy&lt;\/a&gt;.&lt;span class=&quot;frm_required&quot; aria-hidden=&quot;true&quot;&gt;*&lt;\/span&gt; cannot be blank.\" data-invmsg=\"By clicking Submit the form, I consent to Redwit processing my personal data in accordance with Redwit&#039;s\u00a0&lt;a target=&quot;_blank&quot; href=&quot;https:\/\/dispatcher-pro.com\/en\/privacy-policy\/&quot;&gt;privacy policy&lt;\/a&gt;.&lt;span class=&quot;frm_required&quot; aria-hidden=&quot;true&quot;&gt;*&lt;\/span&gt; is invalid\"   aria-required=\"true\"  \/> By clicking Submit the form, I consent to Redwit processing my personal data in accordance with Redwit's\u00a0<a target=\"_blank\" href=\"https:\/\/dispatcher-pro.com\/en\/privacy-policy\/\">privacy policy<\/a>.<span class=\"frm_required\" aria-hidden=\"true\">*<\/span><\/label><\/div>\n<\/div>\r\n\t\r\n\t\r\n<\/div>\n\t\t<input  type=\"hidden\" name=\"item_meta[51]\" id=\"field_utm_medium\" value=\"\"     \/>\n\t\t\t\t<input  type=\"hidden\" name=\"item_meta[52]\" id=\"field_utm_campaign\" value=\"\"     \/>\n\t\t\t\t<input  type=\"hidden\" name=\"item_meta[53]\" id=\"field_utm_term\" value=\"\"     \/>\n\t\t\t\t<input  type=\"hidden\" name=\"item_meta[54]\" id=\"field_utm_content\" value=\"\"     \/>\n\t\t\t\t<input  type=\"hidden\" name=\"item_meta[55]\" id=\"field_utm_source\" value=\"\"     \/>\n\t\t\t\t<input  type=\"hidden\" name=\"item_meta[57]\" id=\"field_handl_url\" value=\"\"     \/>\n\t\t\t\t<input  type=\"hidden\" name=\"item_meta[58]\" id=\"field_organic_source\" value=\"\"     \/>\n\t\t\t\t<input  type=\"hidden\" name=\"item_meta[59]\" id=\"field_organic_source_str\" value=\"\"     \/>\n\t\t<div id=\"frm_field_56_container\" class=\"frm_form_field form-field  frm12 frm_first\">\r\n\t<div class=\"frm_submit frm_flex\">\r\n<button class=\"frm_button_submit frm_final_submit\" type=\"submit\"   formnovalidate=\"formnovalidate\">Submit<\/button>\r\n\r\n\r\n\r\n<\/div>\r\n<\/div>\n\t<input type=\"hidden\" name=\"item_key\" value=\"\" \/>\n\t\t\t<div id=\"frm_field_60_container\">\n\t\t\t<label for=\"field_inp0t\" >\n\t\t\t\tIf you are human, leave this field blank.\t\t\t<\/label>\n\t\t\t<input  id=\"field_inp0t\" type=\"text\" class=\"frm_form_field form-field frm_verify\" name=\"item_meta[60]\" value=\"\"  \/>\n\t\t<\/div>\n\t\t<input name=\"frm_state\" type=\"hidden\" value=\"1wHP3JzpRBNEhJDpOAFZi9mOmxs\/\/YuenkqbLVN8FinzIjdyxib8NRl5L1P4zqbl\" \/><\/div>\n<\/fieldset>\n<\/div>\n\n<\/form>\n<\/div>\n\t\t\t\t<\/div>\n\t\t\t\t<\/div>\n\t\t\t\t\t<\/div>\n\t\t<\/div>\n\t\t\t\t\t<\/div>\n\t\t<\/section>\n\t\t\t\t<\/div>\n\t\t","protected":false},"excerpt":{"rendered":"<p>Contact the Dispatcher team. Leave your contact details so that our Dispatcher team can present&nbsp;the features of our platform to you. If you&#8217;re located in North America and interested in seeing a demo of Dispatcher-Pro, please request a demo here. Request a Demo V2 Pr\u00e9nom * Nom * Email * T\u00e9l\u00e9phone * Nom d&#8217;entreprise * [&hellip;]<\/p>\n","protected":false},"author":1,"featured_media":0,"parent":0,"menu_order":8,"comment_status":"closed","ping_status":"closed","template":"","meta":{"_eb_attr":"","footnotes":""},"class_list":["post-173","page","type-page","status-publish","hentry"],"_links":{"self":[{"href":"https:\/\/dispatcher-pro.com\/en\/wp-json\/wp\/v2\/pages\/173","targetHints":{"allow":["GET"]}}],"collection":[{"href":"https:\/\/dispatcher-pro.com\/en\/wp-json\/wp\/v2\/pages"}],"about":[{"href":"https:\/\/dispatcher-pro.com\/en\/wp-json\/wp\/v2\/types\/page"}],"author":[{"embeddable":true,"href":"https:\/\/dispatcher-pro.com\/en\/wp-json\/wp\/v2\/users\/1"}],"replies":[{"embeddable":true,"href":"https:\/\/dispatcher-pro.com\/en\/wp-json\/wp\/v2\/comments?post=173"}],"version-history":[{"count":26,"href":"https:\/\/dispatcher-pro.com\/en\/wp-json\/wp\/v2\/pages\/173\/revisions"}],"predecessor-version":[{"id":27872,"href":"https:\/\/dispatcher-pro.com\/en\/wp-json\/wp\/v2\/pages\/173\/revisions\/27872"}],"wp:attachment":[{"href":"https:\/\/dispatcher-pro.com\/en\/wp-json\/wp\/v2\/media?parent=173"}],"curies":[{"name":"wp","href":"https:\/\/api.w.org\/{rel}","templated":true}]}}