{"id":27588,"date":"2026-01-05T05:41:54","date_gmt":"2026-01-05T04:41:54","guid":{"rendered":"https:\/\/dispatcher-pro.com\/cookies-richtlinie\/"},"modified":"2026-01-07T16:26:32","modified_gmt":"2026-01-07T15:26:32","slug":"cookies-richtlinie","status":"publish","type":"page","link":"https:\/\/dispatcher-pro.com\/de\/cookies-richtlinie\/","title":{"rendered":"Cookies-Richtlinie"},"content":{"rendered":"\n<p><strong>Cookies-Richtlinie<\/strong><br\/><br\/>Diese vorliegende Cookie-Richtlinie erl\u00e4utert, wie Redwit SAS (\u201e <strong>Redwit<\/strong> \u201c) Cookies und \u00e4hnliche Technologien auf seinen Websites f\u00fcr Zwecke wie den Betrieb der Website, die Besucheranalyse, die Verbesserung der Nutzererfahrung und Werbung verwendet. Bitte lesen Sie diese Cookie-Richtlinie sorgf\u00e4ltig durch, damit Sie beim Surfen auf den Websites von Redwit, fundierte Entscheidungen treffen k\u00f6nnen. Diese Cookie-Richtlinie sollte in Verbindung mit der Datenschutzrichtlinie von Redwit gelesen werden.<\/p>\n\n<p><b>Was sind Cookies?<\/b><\/p>\n\n<p>Cookies sind kleine Textdateien, die eindeutigen Daten enthalten, mit denen Ihr Computer im Netzwerk identifiziert werden kann. Diese werden von den meisten Websites bereitgestellt. Cookies erm\u00f6glichen es einer Website, Ihre Pr\u00e4ferenzen zu speichern, Ihnen gezielte Werbung oder personalisierte Inhalte anzubieten und erf\u00fcllen viele weitere Zwecken. Sie werden \u00fcber unsichtbare Pixel auf einer Website aktiviert, wodurch diese Cookies lesen und ablegen k\u00f6nnen. Redwit kann m\u00f6glicherweise Z\u00e4hlpixel verwenden, um zu erkennen, wann jemand seine Websites besucht oder eine von Redwit gesendete E-Mail ge\u00f6ffnet hat. Diese Pixel werden auch als Web-Beacons, Z\u00e4hlpixel, oder noch Tracking-Pixel bezeichnet.<br\/><\/p>\n\n<p><b>Wie lange werden Cookies gespeichert ?<\/b><\/p>\n\n<p>Cookies k\u00f6nnen entweder Erstanbieter- oder Drittanbieter-Cookies sein. Erstanbieter-Cookies werden direkt vom Inhaber der Website oder vom Dienstanbieter gesetzt. Die von Redwit auf seinen Websites gesetzten Cookies sind Erstanbieter-Cookies. Drittanbieter-Cookies verfolgen Ihr Verhalten zu Werbezwecken, erm\u00f6glichen den Zugriff auf Funktionen von Drittanbietern auf oder \u00fcber Redwits Websites und sind kein integraler Bestandteil dieser Websites. Redwit hat keine Kontrolle \u00fcber die Sammlung und die sp\u00e4tere Verwendung von Daten durch dritte Parteien mithilfe von Cookies von Drittanbietern.<\/p>\n\n<p>Cookies k\u00f6nnen dauerhaft oder sitzungsbezogen sein. Ein dauerhaftes Cookie wird von Ihrem Webbrowser auf Ihrem Ger\u00e4t gespeichert, bis Sie es l\u00f6schen oder er abl\u00e4uft. Das Ablaufdatum wird vom Ersteller des Cookies festgelegt. Ein Sitzungscookie wird vor\u00fcbergehend auf Ihrem Ger\u00e4t erstellt, um w\u00e4hrend Ihres Besuchs von einer Website benutzt zu werden. Es speichert die von Ihnen eingegebene Informationen und verfolgt Ihre Aktivit\u00e4ten auf der Website. Ein Sitzungscookie  wird gel\u00f6scht, sobald Sie die Website verlassen oder Ihren den Webbrowser schlie\u00dfen.<\/p>\n\n<p><b>Wie werden Cookies von Redwit verarbeitet?<\/b><\/p>\n\n<p>Die Websites von Redwit verwenden Erstanbieter-Cookies und Drittanbieter-Cookies f\u00fcr verschiedene Zwecke, unter anderem um den Betrieb und die Funktionalit\u00e4t seinen Websites zu erleichtern, Ihre Benutzererfahrung auf seinen Websites zu verbessern, die Nutzung der Websites von Redwit zu analysieren, Verbesserung der Websites und Produkte von Redwit, Suche und Analyse von Daten und Statistiken sowie f\u00fcr Marketingzwecke.<\/p>\n\n<p>Redwit verwendet folgende Arten von Cookies: (i) funktionale Cookies; (ii) statistische Cookies; und (iii) Marketing-Cookies. Es werden keine anderen Cookies als funktionale Cookies gesetzt, solange Sie nicht \u00fcber das Cookie-Banner auf der Website von Redwit der Verwendung anderer Arten von Cookies zugestimmt haben.<\/p>\n\n<p>Funktionale Cookies erm\u00f6glichen   die Nutzung der Websites von Redwit, indem sie grundlegende Funktionen wie die Seitennavigation und den Zugriff auf gesch\u00fctzte Bereiche erm\u00f6glichen. Ohne diese Cookies k\u00f6nnen die Websites von Redwit nicht ordnungsgem\u00e4\u00df funktionieren. Daher sind funktionale Cookies unbedingt erforderlich.<\/p>\n\n<p>Statistik-Cookies helfen Redwit dabei, zu verstehen, wie Besucher mit den Websites von Redwit interagieren, indem sie anonym Informationen sammeln und melden.<\/p>\n\n<p>Marketing-Cookies werden dazu eingesetzt, Besucher auf den Redwit-Websites zu verfolgen. Das Ziel besteht darin, jedem Nutzer relevante und ansprechende Werbung anzuzeigen. Gegebenenfalls kann Redwit mit Werbeagenturen zusammenarbeiten, um Ihnen Werbung anzubieten, die auf Ihr Surfverhalten, Ihre Eink\u00e4ufe und\/oder Ihre Interessen zugeschnitten ist. Indem Sie der Verwendung von Marketing-Cookies durch Redwit zustimmen, erlauben Sie Redwit, die von Ihnen angegebenen Daten zu verarbeiten, um Ihnen relevante Werbung anzuzeigen. \/\/ Beispielsweise kann Redwit mithilfe eines auf Ihrem Computer platzierten Cookies personalisierte Werbung anzeigen, die auf den von Ihnen besuchten Seiten der Redwit-Website basiert. Wenn Sie durch das Ausf\u00fcllen von Redwit-Formularen ausdr\u00fccklich zustimmen, kann Redwit diese Informationen au\u00dferdem f\u00fcr Werbezwecke verwenden.<\/p>\n\n<p><b>Wie werden Cookies verwaltet?<\/b><\/p>\n\n<p>Die Websites von Redwit bieten Ihnen die M\u00f6glichkeit, Ihre Einstellungen bez\u00fcglich Cookies, Werbung und Analysediensten zu \u00e4ndern. Dies k\u00f6nnen Sie \u00fcber das Cookie-Banner tun, das beim Besuch der Websites von Redwit angezeigt wird, oder indem Sie eine schriftliche Anfrage an Redwit senden, wie im Abschnitt \u201eKontaktieren Sie Redwit\u201d am Ende der Datenschutzerkl\u00e4rung beschrieben.<br\/><br\/>Die meisten Webbrowser sind standardm\u00e4\u00dfig so eingestellt, dass sie Cookies akzeptieren. Wenn Sie m\u00f6chten, k\u00f6nnen Sie Ihren Browser jedoch auch so einstellen, dass Cookies gel\u00f6scht oder abgelehnt werden. Es gibt weitere M\u00f6glichkeiten, die Verwendung Ihrer Browserdaten f\u00fcr verhaltensbasierte Werbung abzulehnen, beispielsweise durch die \u00c4nderung Ihrer Datenschutzeinstellungen auf Plattformen wie LinkedIn oder Twitter. Das L\u00f6schen oder Ablehnen von Cookies kann die Funktionsweise der Websites, -Produkte und -Dienste von Redwit beeintr\u00e4chtigen.<\/p>\n\n<p><b>Fragen und Kommentare<\/b><\/p>\n\n<p>Bei Fragen oder Anmerkungen zu dieser Cookies-Richtlinie wenden Sie sich bitte an die unten angegebene Kontaktadresse.<br\/><\/p>\n\n<p>Redwit SAS<br\/>z.Hd. Datenschutzbeauftragter<br\/>10 Rue de Penthi\u00e8vre<br\/>75008 Paris, Frankreich<br\/>privacy@hcss.com<br\/>(800) 683-3196 (geb\u00fchrenfreie Nummer)<\/p>\n\n<p><b>Letzte Aktualisierung <\/b><span style=\"font-weight: 400;\">: 18. November 2025<\/span><\/p>\n\n<p><\/p>\n","protected":false},"excerpt":{"rendered":"<p>Cookies-Richtlinie Diese vorliegende Cookie-Richtlinie erl\u00e4utert, wie Redwit SAS (\u201e Redwit \u201c) Cookies und \u00e4hnliche Technologien auf seinen Websites f\u00fcr Zwecke wie den Betrieb der Website, die Besucheranalyse, die Verbesserung der Nutzererfahrung und Werbung verwendet. Bitte lesen Sie diese Cookie-Richtlinie sorgf\u00e4ltig durch, damit Sie beim Surfen auf den Websites von Redwit, fundierte Entscheidungen treffen k\u00f6nnen. Diese [&hellip;]<\/p>\n","protected":false},"author":16,"featured_media":0,"parent":0,"menu_order":0,"comment_status":"closed","ping_status":"closed","template":"","meta":{"_eb_attr":"","footnotes":""},"class_list":["post-27588","page","type-page","status-publish","hentry"],"_links":{"self":[{"href":"https:\/\/dispatcher-pro.com\/de\/wp-json\/wp\/v2\/pages\/27588","targetHints":{"allow":["GET"]}}],"collection":[{"href":"https:\/\/dispatcher-pro.com\/de\/wp-json\/wp\/v2\/pages"}],"about":[{"href":"https:\/\/dispatcher-pro.com\/de\/wp-json\/wp\/v2\/types\/page"}],"author":[{"embeddable":true,"href":"https:\/\/dispatcher-pro.com\/de\/wp-json\/wp\/v2\/users\/16"}],"replies":[{"embeddable":true,"href":"https:\/\/dispatcher-pro.com\/de\/wp-json\/wp\/v2\/comments?post=27588"}],"version-history":[{"count":2,"href":"https:\/\/dispatcher-pro.com\/de\/wp-json\/wp\/v2\/pages\/27588\/revisions"}],"predecessor-version":[{"id":27646,"href":"https:\/\/dispatcher-pro.com\/de\/wp-json\/wp\/v2\/pages\/27588\/revisions\/27646"}],"wp:attachment":[{"href":"https:\/\/dispatcher-pro.com\/de\/wp-json\/wp\/v2\/media?parent=27588"}],"curies":[{"name":"wp","href":"https:\/\/api.w.org\/{rel}","templated":true}]}}