{"id":23258,"date":"2022-03-29T16:21:58","date_gmt":"2022-03-29T14:21:58","guid":{"rendered":"https:\/\/dispatcher-pro.com\/stneilca\/dvf-x-dispatcher-kundenerfahrung\/"},"modified":"2022-07-28T14:31:55","modified_gmt":"2022-07-28T12:31:55","slug":"dvf-planung-arbeiten-eisenbahn-gleisbau","status":"publish","type":"page","link":"https:\/\/dispatcher-pro.com\/de\/kunden\/dvf-planung-arbeiten-eisenbahn-gleisbau\/","title":{"rendered":"DVF x Dispatcher &#8211; Kundenerfahrung"},"content":{"rendered":"\t\t<div data-elementor-type=\"wp-page\" data-elementor-id=\"23258\" class=\"elementor elementor-23258 elementor-20289\" data-elementor-settings=\"{&quot;ha_cmc_init_switcher&quot;:&quot;no&quot;}\" data-elementor-post-type=\"page\">\n\t\t\t\t\t\t<section class=\"elementor-section elementor-top-section elementor-element elementor-element-2cff0129 elementor-section-content-top elementor-section-boxed elementor-section-height-default elementor-section-height-default\" data-id=\"2cff0129\" data-element_type=\"section\" data-settings=\"{&quot;_ha_eqh_enable&quot;:false,&quot;ekit_has_onepagescroll_dot&quot;:&quot;yes&quot;}\">\n\t\t\t\t\t\t\t<div class=\"elementor-background-overlay\"><\/div>\n\t\t\t\t\t\t\t<div class=\"elementor-container elementor-column-gap-no\">\n\t\t\t\t\t<div class=\"elementor-column elementor-col-50 elementor-top-column elementor-element elementor-element-114f5b9c\" data-id=\"114f5b9c\" data-element_type=\"column\">\n\t\t\t<div class=\"elementor-widget-wrap elementor-element-populated\">\n\t\t\t\t\t\t<div class=\"elementor-element elementor-element-4be6d4da elementor-widget elementor-widget-heading\" data-id=\"4be6d4da\" data-element_type=\"widget\" data-settings=\"{&quot;ekit_we_effect_on&quot;:&quot;none&quot;}\" data-widget_type=\"heading.default\">\n\t\t\t\t<div class=\"elementor-widget-container\">\n\t\t\t\t\t<h1 class=\"elementor-heading-title elementor-size-default\">Eine effiziente L\u00f6sung f\u00fcr die Planung der DVF-Gruppe<font color=\"#e7004c\">.<\/font><\/h1>\t\t\t\t<\/div>\n\t\t\t\t<\/div>\n\t\t\t\t<div class=\"elementor-element elementor-element-24003d6c elementor-widget elementor-widget-spacer\" data-id=\"24003d6c\" data-element_type=\"widget\" data-settings=\"{&quot;ekit_we_effect_on&quot;:&quot;none&quot;}\" data-widget_type=\"spacer.default\">\n\t\t\t\t<div class=\"elementor-widget-container\">\n\t\t\t\t\t\t\t<div class=\"elementor-spacer\">\n\t\t\t<div class=\"elementor-spacer-inner\"><\/div>\n\t\t<\/div>\n\t\t\t\t\t\t<\/div>\n\t\t\t\t<\/div>\n\t\t\t\t<div class=\"elementor-element elementor-element-492dc1d2 elementor-widget elementor-widget-text-editor\" data-id=\"492dc1d2\" data-element_type=\"widget\" data-settings=\"{&quot;ekit_we_effect_on&quot;:&quot;none&quot;}\" data-widget_type=\"text-editor.default\">\n\t\t\t\t<div class=\"elementor-widget-container\">\n\t\t\t\t\t\t\t\t\t<p>Exklusiver Erfahrungsbericht der DVF-Gruppe zur Dispatcher-Planungsl\u00f6sung.<\/p>\t\t\t\t\t\t\t\t<\/div>\n\t\t\t\t<\/div>\n\t\t\t\t<div class=\"elementor-element elementor-element-5efb3420 elementor-align-left elementor-widget elementor-widget-button\" data-id=\"5efb3420\" data-element_type=\"widget\" data-settings=\"{&quot;ekit_we_effect_on&quot;:&quot;none&quot;}\" data-widget_type=\"button.default\">\n\t\t\t\t<div class=\"elementor-widget-container\">\n\t\t\t\t\t\t\t\t\t<div class=\"elementor-button-wrapper\">\n\t\t\t\t\t<a class=\"elementor-button elementor-button-link elementor-size-sm\" href=\"\/de\/ressourcenplanung\/\">\n\t\t\t\t\t\t<span class=\"elementor-button-content-wrapper\">\n\t\t\t\t\t\t\t\t\t<span class=\"elementor-button-text\">Entdecken Sie den Planer<\/span>\n\t\t\t\t\t<\/span>\n\t\t\t\t\t<\/a>\n\t\t\t\t<\/div>\n\t\t\t\t\t\t\t\t<\/div>\n\t\t\t\t<\/div>\n\t\t\t\t\t<\/div>\n\t\t<\/div>\n\t\t\t\t<div class=\"elementor-column elementor-col-50 elementor-top-column elementor-element elementor-element-6830b1d7\" data-id=\"6830b1d7\" data-element_type=\"column\">\n\t\t\t<div class=\"elementor-widget-wrap elementor-element-populated\">\n\t\t\t\t\t\t<div class=\"elementor-element elementor-element-4d2ff61 elementor-widget elementor-widget-image\" data-id=\"4d2ff61\" data-element_type=\"widget\" data-settings=\"{&quot;ekit_we_effect_on&quot;:&quot;none&quot;}\" data-widget_type=\"image.default\">\n\t\t\t\t<div class=\"elementor-widget-container\">\n\t\t\t\t\t\t\t\t\t\t\t\t\t\t\t<img fetchpriority=\"high\" decoding=\"async\" width=\"1024\" height=\"752\" src=\"https:\/\/dispatcher-pro.com\/wp-content\/uploads\/2022\/03\/TEMOIGNAGE-DVF.png\" class=\"attachment-full size-full wp-image-20295\" alt=\"TEMOIGNAGE DVF\" srcset=\"https:\/\/dispatcher-pro.com\/wp-content\/uploads\/2022\/03\/TEMOIGNAGE-DVF.png 1024w, https:\/\/dispatcher-pro.com\/wp-content\/smush-avif\/2022\/03\/TEMOIGNAGE-DVF-300x220.png.avif 300w, https:\/\/dispatcher-pro.com\/wp-content\/smush-avif\/2022\/03\/TEMOIGNAGE-DVF-768x564.png.avif 768w\" sizes=\"(max-width: 1024px) 100vw, 1024px\" title=\"\" data-smush-avif-fallback=\"{&quot;srcset&quot;:&quot;https:\\\/\\\/dispatcher-pro.com\\\/wp-content\\\/uploads\\\/2022\\\/03\\\/TEMOIGNAGE-DVF.png 1024w, https:\\\/\\\/dispatcher-pro.com\\\/wp-content\\\/uploads\\\/2022\\\/03\\\/TEMOIGNAGE-DVF-300x220.png 300w, https:\\\/\\\/dispatcher-pro.com\\\/wp-content\\\/uploads\\\/2022\\\/03\\\/TEMOIGNAGE-DVF-768x564.png 768w&quot;}\">\t\t\t\t\t\t\t\t\t\t\t\t\t\t\t<\/div>\n\t\t\t\t<\/div>\n\t\t\t\t\t<\/div>\n\t\t<\/div>\n\t\t\t\t\t<\/div>\n\t\t<\/section>\n\t\t\t\t<section class=\"elementor-section elementor-top-section elementor-element elementor-element-73b42ae elementor-section-boxed elementor-section-height-default elementor-section-height-default\" data-id=\"73b42ae\" data-element_type=\"section\" data-settings=\"{&quot;_ha_eqh_enable&quot;:false,&quot;ekit_has_onepagescroll_dot&quot;:&quot;yes&quot;}\">\n\t\t\t\t\t\t<div class=\"elementor-container elementor-column-gap-default\">\n\t\t\t\t\t<div class=\"elementor-column elementor-col-100 elementor-top-column elementor-element elementor-element-fb92c3e\" data-id=\"fb92c3e\" data-element_type=\"column\">\n\t\t\t<div class=\"elementor-widget-wrap elementor-element-populated\">\n\t\t\t\t\t\t<div class=\"elementor-element elementor-element-d4e9353 elementor-widget elementor-widget-spacer\" data-id=\"d4e9353\" data-element_type=\"widget\" data-settings=\"{&quot;ekit_we_effect_on&quot;:&quot;none&quot;}\" data-widget_type=\"spacer.default\">\n\t\t\t\t<div class=\"elementor-widget-container\">\n\t\t\t\t\t\t\t<div class=\"elementor-spacer\">\n\t\t\t<div class=\"elementor-spacer-inner\"><\/div>\n\t\t<\/div>\n\t\t\t\t\t\t<\/div>\n\t\t\t\t<\/div>\n\t\t\t\t<div class=\"elementor-element elementor-element-52aab5b elementor-widget elementor-widget-text-editor\" data-id=\"52aab5b\" data-element_type=\"widget\" data-settings=\"{&quot;ekit_we_effect_on&quot;:&quot;none&quot;}\" data-widget_type=\"text-editor.default\">\n\t\t\t\t<div class=\"elementor-widget-container\">\n\t\t\t\t\t\t\t\t\t<p><span lang=\"FR-FR\" xml:lang=\"FR-FR\" data-contrast=\"auto\">Dispatcher teilt mit Ihnen den exklusiven Erfahrungsbericht der<strong> der DVF-Gruppe,<\/strong> einem treuen Kunden von Dispatcher, der auf den Bahnbau spezialisiert ist.<\/span><\/p><p><strong>Julien Gosse<\/strong>, Entwicklungsleiter, und <strong>Maxime Gerum<\/strong>, Oberbauleiter, berichten wie <b>Dispatcher ihnen bei der Organisation ihrer Baustellen geholfen und ihre Planung zuverl\u00e4ssiger gemacht hat.<\/b><\/p><p>\u201eZu den Gewinnen, die sich mit dem Tool realisieren lassen, geh\u00f6rt, <b>dass wir einen halben oder mitunter sogar einen ganzen Tag bei der Erstellung der Planung einsparen konnten.\u201c<\/b> So haben die Kunden von DVF die Gewissheit, dass die Ressourcen fr\u00fcher mobilisiert werden.<\/p><p><b>Heute steht<\/b> <b>DVF x Dispatcher f\u00fcr eine Zusammenarbeit, die funktioniert! Und ich kann sie jedem Unternehmen nur empfehlen<\/b>.\u201d<\/p><p>Viel Spa\u00df beim Anschauen!\u00a0<span style=\"color: var( --e-global-color-text ); font-family: var( --e-global-typography-text-font-family ), Sans-serif; font-weight: var( --e-global-typography-text-font-weight ); font-size: 1rem;\"><\/span><\/p>\t\t\t\t\t\t\t\t<\/div>\n\t\t\t\t<\/div>\n\t\t\t\t\t<\/div>\n\t\t<\/div>\n\t\t\t\t\t<\/div>\n\t\t<\/section>\n\t\t\t\t<section class=\"elementor-section elementor-top-section elementor-element elementor-element-f8fa586 elementor-section-boxed elementor-section-height-default elementor-section-height-default\" data-id=\"f8fa586\" data-element_type=\"section\" data-settings=\"{&quot;_ha_eqh_enable&quot;:false,&quot;ekit_has_onepagescroll_dot&quot;:&quot;yes&quot;}\">\n\t\t\t\t\t\t<div class=\"elementor-container elementor-column-gap-default\">\n\t\t\t\t\t<div class=\"elementor-column elementor-col-100 elementor-top-column elementor-element elementor-element-016d2dd\" data-id=\"016d2dd\" data-element_type=\"column\">\n\t\t\t<div class=\"elementor-widget-wrap elementor-element-populated\">\n\t\t\t\t\t\t<div class=\"elementor-element elementor-element-2a2fbba elementor-widget elementor-widget-text-editor\" data-id=\"2a2fbba\" data-element_type=\"widget\" data-settings=\"{&quot;ekit_we_effect_on&quot;:&quot;none&quot;}\" data-widget_type=\"text-editor.default\">\n\t\t\t\t<div class=\"elementor-widget-container\">\n\t\t\t\t\t\t\t\t\t<p><b>Julien<\/b><span lang=\"FR-FR\" xml:lang=\"FR-FR\" data-contrast=\"none\">: <\/span><span lang=\"FR-FR\" xml:lang=\"FR-FR\" data-contrast=\"none\">\u201eHallo, mein Name ist Julien Gosse, <b><\/b>, ich bin Entwicklungsleiter bei <b>DVF<\/b><\/span><span lang=\"FR-FR\" xml:lang=\"FR-FR\" data-contrast=\"none\">.<\/span><span lang=\"FR-FR\" xml:lang=\"FR-FR\" data-contrast=\"none\"> Ich bin jetzt seit drei Jahren im Unternehmen, nachdem ich gut zwanzig Jahre lang bei einem gro\u00dfen franz\u00f6sischen Baukonzern gearbeitet habe. <\/span> <\/p><p><span lang=\"FR-FR\" xml:lang=\"FR-FR\" data-contrast=\"none\">DVF ist ein Unternehmen, das sich auf Gleisbauarbeiten spezialisiert hat. Unsere T\u00e4tigkeit besteht daher in der Durchf\u00fchrung von Bauprojekten zur Instandhaltung, Erneuerung oder zum Neubau von Eisenbahnstrecken. Wir sind haupts\u00e4chlich f\u00fcr den Kunden SNCF R\u00e9seau t\u00e4tig, den Infrastrukturbetreiber des nationalen Eisenbahnnetzes in Frankreich.\u201c<\/span><\/p><p><b>Maxime<\/b>: <span lang=\"FR-FR\" xml:lang=\"FR-FR\" data-contrast=\"none\">\u201eIch hei\u00dfe <b>Maxime Gerum<\/b> und bin jetzt seit etwas mehr als zwei Jahren Oberbauleiter bei DVF. <\/span><br \/><span lang=\"FR-FR\" xml:lang=\"FR-FR\" data-contrast=\"none\">Hier<\/span><span lang=\"FR-FR\" xml:lang=\"FR-FR\" data-contrast=\"none\">k\u00fcmmere ich mich haupts\u00e4chlich um unsere Instandhaltungsaktivit\u00e4ten auf den Bahnstrecken in der Region Bourgogne-Franche-Comt\u00e9 und in dieser Funktion leite ich zusammen mit dem operativen Leiter zwischen 10 und 15 Baustellen pro Woche, mit etwa 15 Teams, die im Laufe der Wochen rotieren.\u201c\u00a0<br \/><\/span><span style=\"font-weight: bold;\"><span style=\"color: #e90e4c;\"><br \/>Mit welcher Methode haben Sie fr\u00fcher Ihre Baustellen organisiert?<br \/><\/span><\/span><span style=\"color: var( --e-global-color-text );\"><br \/><b>Julien<\/b>: \u201eVor der Einf\u00fchrung von Dispatcher<\/span><b style=\"color: var( --e-global-color-text );\"> erfolgte die Planung mit Office-Tools wie Excel<\/b><span style=\"color: var( --e-global-color-text );\">, aber auch auf Papier. Der operative Leiter bereitete also jeden Donnerstag seine Planungsentw\u00fcrfe mit einem A4-Blatt pro Baustelle vor und teilte darin seine personellen und materiellen Ressourcen auf die einzelnen Baustellen auf.<\/span><\/p><p>Diese Entw\u00fcrfe wurden dann an die Assistentin der Gesch\u00e4ftsleitung weitergeleitet, die die Informationen in eine Excel-Datei eintrug. Anschlie\u00dfend <b>tauschten sich die beiden mehrfach aus<\/b>, bis die Planung endg\u00fcltig stand.\u201c<br \/><span style=\"color: #e90e4c; font-weight: bold;\"><br \/>Warum haben Sie Dispatcher bei DVF eingef\u00fchrt?<br \/><\/span><b style=\"color: var( --e-global-color-text );\"><br \/>Maxime<\/b><span style=\"color: var( --e-global-color-text );\">: <\/span><span lang=\"FR-FR\" style=\"color: var( --e-global-color-text );\" xml:lang=\"FR-FR\" data-contrast=\"none\">\u201eDie Einf\u00fchrung des Dispatcher-Tools bei DVF tr\u00e4gt zur <b>Weiterentwicklung und Verbesserung der Zuverl\u00e4ssigkeit bei<\/b>. Seit ich hier bin, haben wir die Zahl<b> unserer Mitarbeiter erh\u00f6ht.<\/b><\/span><\/p><p>Wir sind nun in der Lage, mehr Baustellen zu \u00fcbernehmen, brauchen daf\u00fcr aber eine zuverl\u00e4ssige Planung, d. h. eine verl\u00e4ssliche Liste des tats\u00e4chlich verf\u00fcgbaren Personals, <span lang=\"FR-FR\" xml:lang=\"FR-FR\" data-contrast=\"none\">mit \u00dcberwachung der geplanten und ungeplanten Abwesenheiten, z.B. wegen Krankheit oder Urlaub.<\/span><span data-ccp-props=\"{\">\u00a0<\/span><\/p><p><span lang=\"FR-FR\" xml:lang=\"FR-FR\" data-contrast=\"none\">Und tats\u00e4chlich erm\u00f6glicht uns das <b>Dispatcher-Tool heute, Teams mit einer Kernbesetzung zusammenzustellen und diese bedarfsgerecht den fortschreitenden Baustellen zuzuweisen.<\/b>. Das Tool erm\u00f6glicht es uns auch, <\/span><span lang=\"FR-FR\" xml:lang=\"FR-FR\" data-contrast=\"none\">den Baustellenfortschritt f\u00fcr jedes Team zu verfolgen, und die Kernbesetzung von Teams mit einem Bauleiter oder einem Vorarbeiter beizubehalten.\u201c<br \/><\/span><span style=\"color: #e90e4c; font-weight: bold;\"><br \/>Was f\u00fcr Erfahrungen haben Sie gemacht? <br \/><\/span><b style=\"color: var( --e-global-color-text );\"><br \/>Julien<\/b><span style=\"color: var( --e-global-color-text );\">: \u201e<\/span><span lang=\"FR-FR\" style=\"color: var( --e-global-color-text );\" xml:lang=\"FR-FR\" data-contrast=\"none\">Beim Einsatz des Tools konnten wir rasch zahlreiche Vorteile feststellen.<\/span><\/p><p><span lang=\"FR-FR\" xml:lang=\"FR-FR\" data-contrast=\"none\">Die Planung durch eine einzige Person auf der Plattform ersparte uns eine ganze Reihe von Nachfragen und Erg\u00e4nzungen von Informationen in beide Richtungen. <\/span><\/p><p><span lang=\"FR-FR\" xml:lang=\"FR-FR\" data-contrast=\"none\">Zudem hat es uns die Nutzung der Plattform erm\u00f6glicht, <b>dass wir einen halben oder sogar einen ganzen Tag bei der Erstellung der Planung einsparen konnten.<\/b>. Es profitieren also unsere Mitarbeiter in der Verwaltung, unsere Teams, <b>aber auch unsere Kunden, die die Gewissheit haben, dass wir unsere Ressourcen f\u00fcr sie schnellstm\u00f6glich mobilisieren.<\/b> <\/span><\/p><p><span lang=\"FR-FR\" xml:lang=\"FR-FR\" data-contrast=\"none\">Einer der besonderen Vorteile im Zusammenhang mit der Verwendung von Dispatcher ist, dass wir mit der Weiterentwicklung des Unternehmens nun verschiedene Akteure haben, die an der Baustellenplanung mitwirken, wie etwa die neue Niederlassung in Lyon sowie der neue Bereich Oberleitungsarbeiten. Jeder operative Leiter kann nun seine Ressourcen planen und diese Ressourcenplanung wird dann auf Unternehmensebene abgeglichen, ehe sie an die Mitarbeiter weitergegeben wird.\u201c<\/span><\/p><p><b>Maxime<\/b>: \u201e<span lang=\"FR-FR\" xml:lang=\"FR-FR\" data-contrast=\"none\"><span style=\"font-weight: bold;\">Dispatcher<\/span><b> ist ein Tool, das funktioniert <\/b>und das wir heute voll angenommen haben. <\/span><span lang=\"FR-FR\" xml:lang=\"FR-FR\" data-contrast=\"none\">Wir haben die zahlreichen Weiterentwicklungen von Dispatcher begr\u00fc\u00dft, die neuen Tools, die eingef\u00fchrt wurden. Insbesondere bei der Teamverwaltung\u00a0&#8230; es gibt eine deutliche Verbesserung was die Ergonomie anbetrifft. <\/span><span lang=\"FR-FR\" xml:lang=\"FR-FR\" data-contrast=\"none\"><b>Das Tool ist \u00e4u\u00dferst benutzerfreundlich, es ist sehr \u00fcbersichtlich, und Schwierigkeiten bei der <\/b><b>Personalplanung<\/b> geh\u00f6ren der Vergangenheit an.\u201c\u00a0<br \/><\/span><span style=\"font-weight: bold;\"><br \/><span style=\"color: #e90e4c;\">W\u00fcrden Sie Dispatcher weiterempfehlen?<br \/><\/span><\/span><b><span style=\"color: #e90e4c;\"><br \/><\/span><\/b><span lang=\"FR-FR\" style=\"color: var( --e-global-color-text );\" xml:lang=\"FR-FR\" data-contrast=\"none\"><b>Julien<\/b>: \u201e<\/span><span lang=\"FR-FR\" style=\"color: var( --e-global-color-text );\" xml:lang=\"FR-FR\" data-contrast=\"none\">Die Einf\u00fchrung der L\u00f6sung ging recht schnell vonstatten. Wir wurden von den Dispatcher-Teams gut betreut, und dann hat die interne Unterst\u00fctzung, in unserem Fall von Maxime Gerum, dazu beigetragen, <b>dass wir dieses Tool effizient einf\u00fchren und die Vorteile schnell nutzen konnten.<\/b>. <\/span><span style=\"color: var( --e-global-color-text );\">\u00a0<\/span><span style=\"color: var( --e-global-color-text );\">\u00a0<\/span><\/p><p><span lang=\"FR-FR\" xml:lang=\"FR-FR\" data-contrast=\"none\"><b>Wir sind mit der Betreuung durch die Dispatcher-Teams sehr zufrieden, auch wenn wir sie nicht sehr oft hinzuziehen m\u00fcssen, weil das Tool hervorragend funktioniert. Sie erkundigen sich regelm\u00e4\u00dfig, ob alles gut l\u00e4uft und wir Unterst\u00fctzung ben\u00f6tigen. Das ist ein gro\u00dfer Pluspunkt f\u00fcr uns. Ich w\u00fcrde dieses Tool jederzeit weiterempfehlen, <\/b><b>weil wir bisher rundum zufrieden damit sind<\/b>.\u201c<\/span><br \/>\u00a0<br \/><strong><span lang=\"FR-FR\" xml:lang=\"FR-FR\" data-contrast=\"none\">Maxime<\/span><\/strong><span lang=\"FR-FR\" xml:lang=\"FR-FR\" data-contrast=\"none\">: <\/span>\u00a0\u201e<span lang=\"FR-FR\" xml:lang=\"FR-FR\" data-contrast=\"none\">Ja, ich finde, dass Dispatcher eine gute L\u00f6sung f\u00fcr Unternehmen unserer Gr\u00f6\u00dfe ist, also ein im Wachstum befindliches KMU. <strong>Es ist ein Tool, <\/strong><strong>das die Ressourcenplanung verl\u00e4sslich macht und sehr einfach zu verwenden ist, also ja, ich w\u00fcrde es empfehlen.<\/strong><\/span><\/p><p>Die Teams reagieren schnell, was Verbesserungen oder Aktualisierungen anbetrifft oder wenn es einmal ein spezielles Problem beim Zugriff oder bei der Nutzung des Tools gibt, die Reaktionsf\u00e4higkeit der Teams ist sehr gut.<br \/><br \/><span lang=\"FR-FR\" xml:lang=\"FR-FR\" data-contrast=\"none\"><strong>DVF x Dispatcher steht heute f\u00fcr eine Zusammenarbeit, die funktioniert! Und ich <\/strong><strong>kann sie jedem Unternehmen nur empfehlen<\/strong>.\u201d<\/span><\/p>\t\t\t\t\t\t\t\t<\/div>\n\t\t\t\t<\/div>\n\t\t\t\t\t<\/div>\n\t\t<\/div>\n\t\t\t\t\t<\/div>\n\t\t<\/section>\n\t\t\t\t<section class=\"elementor-section elementor-top-section elementor-element elementor-element-7c0f547 elementor-section-boxed elementor-section-height-default elementor-section-height-default\" data-id=\"7c0f547\" data-element_type=\"section\" data-settings=\"{&quot;_ha_eqh_enable&quot;:false,&quot;ekit_has_onepagescroll_dot&quot;:&quot;yes&quot;}\">\n\t\t\t\t\t\t<div class=\"elementor-container elementor-column-gap-default\">\n\t\t\t\t\t<div class=\"elementor-column elementor-col-100 elementor-top-column elementor-element elementor-element-2082a2c\" data-id=\"2082a2c\" data-element_type=\"column\">\n\t\t\t<div class=\"elementor-widget-wrap elementor-element-populated\">\n\t\t\t\t\t\t<div class=\"elementor-element elementor-element-d502fda elementor-widget elementor-widget-spacer\" data-id=\"d502fda\" data-element_type=\"widget\" data-settings=\"{&quot;ekit_we_effect_on&quot;:&quot;none&quot;}\" data-widget_type=\"spacer.default\">\n\t\t\t\t<div class=\"elementor-widget-container\">\n\t\t\t\t\t\t\t<div class=\"elementor-spacer\">\n\t\t\t<div class=\"elementor-spacer-inner\"><\/div>\n\t\t<\/div>\n\t\t\t\t\t\t<\/div>\n\t\t\t\t<\/div>\n\t\t\t\t\t<\/div>\n\t\t<\/div>\n\t\t\t\t\t<\/div>\n\t\t<\/section>\n\t\t\t\t<section class=\"elementor-section elementor-top-section elementor-element elementor-element-ea70db7 elementor-section-height-min-height elementor-section-items-stretch elementor-section-boxed elementor-section-height-default\" data-id=\"ea70db7\" data-element_type=\"section\" data-settings=\"{&quot;_ha_eqh_enable&quot;:false,&quot;ekit_has_onepagescroll_dot&quot;:&quot;yes&quot;}\">\n\t\t\t\t\t\t<div class=\"elementor-container elementor-column-gap-default\">\n\t\t\t\t\t<div class=\"elementor-column elementor-col-100 elementor-top-column elementor-element elementor-element-e93b6c1\" data-id=\"e93b6c1\" data-element_type=\"column\" data-settings=\"{&quot;background_background&quot;:&quot;classic&quot;}\">\n\t\t\t<div class=\"elementor-widget-wrap elementor-element-populated\">\n\t\t\t\t\t<div class=\"elementor-background-overlay\"><\/div>\n\t\t\t\t\t\t<div class=\"elementor-element elementor-element-3c63347 elementor-widget elementor-widget-text-editor\" data-id=\"3c63347\" data-element_type=\"widget\" data-settings=\"{&quot;ekit_we_effect_on&quot;:&quot;none&quot;}\" data-widget_type=\"text-editor.default\">\n\t\t\t\t<div class=\"elementor-widget-container\">\n\t\t\t\t\t\t\t\t\t<p>Starten Sie mit einer effizienten Ressourcenplanung!<\/p>\t\t\t\t\t\t\t\t<\/div>\n\t\t\t\t<\/div>\n\t\t\t\t<div class=\"elementor-element elementor-element-f0f3ea4 elementor-widget elementor-widget-text-editor\" data-id=\"f0f3ea4\" data-element_type=\"widget\" data-settings=\"{&quot;ekit_we_effect_on&quot;:&quot;none&quot;}\" data-widget_type=\"text-editor.default\">\n\t\t\t\t<div class=\"elementor-widget-container\">\n\t\t\t\t\t\t\t\t\t<p><span class=\"dot-r\"><span style=\"color: #011640;\">Wenn Sie einmal unseren Planer genutzt haben, <br \/>werden Sie ihn nicht mehr missen wollen<\/span><\/span><span style=\"color: #e7004c;\">.<\/span><\/p>\t\t\t\t\t\t\t\t<\/div>\n\t\t\t\t<\/div>\n\t\t\t\t<div class=\"elementor-element elementor-element-622fcf5 elementor-widget elementor-widget-spacer\" data-id=\"622fcf5\" data-element_type=\"widget\" data-settings=\"{&quot;ekit_we_effect_on&quot;:&quot;none&quot;}\" data-widget_type=\"spacer.default\">\n\t\t\t\t<div class=\"elementor-widget-container\">\n\t\t\t\t\t\t\t<div class=\"elementor-spacer\">\n\t\t\t<div class=\"elementor-spacer-inner\"><\/div>\n\t\t<\/div>\n\t\t\t\t\t\t<\/div>\n\t\t\t\t<\/div>\n\t\t\t\t<div class=\"elementor-element elementor-element-8f26a23 elementor-align-center elementor-widget elementor-widget-button\" data-id=\"8f26a23\" data-element_type=\"widget\" data-settings=\"{&quot;ekit_we_effect_on&quot;:&quot;none&quot;}\" data-widget_type=\"button.default\">\n\t\t\t\t<div class=\"elementor-widget-container\">\n\t\t\t\t\t\t\t\t\t<div class=\"elementor-button-wrapper\">\n\t\t\t\t\t<a class=\"elementor-button elementor-button-link elementor-size-sm\" href=\"\/de\/contact\/\">\n\t\t\t\t\t\t<span class=\"elementor-button-content-wrapper\">\n\t\t\t\t\t\t\t\t\t<span class=\"elementor-button-text\">Kontaktieren Sie uns<\/span>\n\t\t\t\t\t<\/span>\n\t\t\t\t\t<\/a>\n\t\t\t\t<\/div>\n\t\t\t\t\t\t\t\t<\/div>\n\t\t\t\t<\/div>\n\t\t\t\t\t<\/div>\n\t\t<\/div>\n\t\t\t\t\t<\/div>\n\t\t<\/section>\n\t\t\t\t<section class=\"elementor-section elementor-top-section elementor-element elementor-element-bb3f424 elementor-section-boxed elementor-section-height-default elementor-section-height-default\" data-id=\"bb3f424\" data-element_type=\"section\" data-settings=\"{&quot;_ha_eqh_enable&quot;:false,&quot;ekit_has_onepagescroll_dot&quot;:&quot;yes&quot;}\">\n\t\t\t\t\t\t<div class=\"elementor-container elementor-column-gap-default\">\n\t\t\t\t\t<div class=\"elementor-column elementor-col-100 elementor-top-column elementor-element elementor-element-001b23e\" data-id=\"001b23e\" data-element_type=\"column\">\n\t\t\t<div class=\"elementor-widget-wrap elementor-element-populated\">\n\t\t\t\t\t\t<div class=\"elementor-element elementor-element-2c2b7f2 elementor-widget elementor-widget-spacer\" data-id=\"2c2b7f2\" data-element_type=\"widget\" data-settings=\"{&quot;ekit_we_effect_on&quot;:&quot;none&quot;}\" data-widget_type=\"spacer.default\">\n\t\t\t\t<div class=\"elementor-widget-container\">\n\t\t\t\t\t\t\t<div class=\"elementor-spacer\">\n\t\t\t<div class=\"elementor-spacer-inner\"><\/div>\n\t\t<\/div>\n\t\t\t\t\t\t<\/div>\n\t\t\t\t<\/div>\n\t\t\t\t\t<\/div>\n\t\t<\/div>\n\t\t\t\t\t<\/div>\n\t\t<\/section>\n\t\t\t\t<\/div>\n\t\t","protected":false},"excerpt":{"rendered":"<p>Eine effiziente L\u00f6sung f\u00fcr die Planung der DVF-Gruppe. Exklusiver Erfahrungsbericht der DVF-Gruppe zur Dispatcher-Planungsl\u00f6sung. Entdecken Sie den Planer Dispatcher teilt mit Ihnen den exklusiven Erfahrungsbericht der der DVF-Gruppe, einem treuen Kunden von Dispatcher, der auf den Bahnbau spezialisiert ist. Julien Gosse, Entwicklungsleiter, und Maxime Gerum, Oberbauleiter, berichten wie Dispatcher ihnen bei der Organisation ihrer Baustellen [&hellip;]<\/p>\n","protected":false},"author":1,"featured_media":20295,"parent":19592,"menu_order":0,"comment_status":"closed","ping_status":"closed","template":"","meta":{"_eb_attr":"","footnotes":""},"class_list":["post-23258","page","type-page","status-publish","has-post-thumbnail","hentry"],"_links":{"self":[{"href":"https:\/\/dispatcher-pro.com\/de\/wp-json\/wp\/v2\/pages\/23258","targetHints":{"allow":["GET"]}}],"collection":[{"href":"https:\/\/dispatcher-pro.com\/de\/wp-json\/wp\/v2\/pages"}],"about":[{"href":"https:\/\/dispatcher-pro.com\/de\/wp-json\/wp\/v2\/types\/page"}],"author":[{"embeddable":true,"href":"https:\/\/dispatcher-pro.com\/de\/wp-json\/wp\/v2\/users\/1"}],"replies":[{"embeddable":true,"href":"https:\/\/dispatcher-pro.com\/de\/wp-json\/wp\/v2\/comments?post=23258"}],"version-history":[{"count":0,"href":"https:\/\/dispatcher-pro.com\/de\/wp-json\/wp\/v2\/pages\/23258\/revisions"}],"up":[{"embeddable":true,"href":"https:\/\/dispatcher-pro.com\/de\/wp-json\/wp\/v2\/pages\/19592"}],"wp:featuredmedia":[{"embeddable":true,"href":"https:\/\/dispatcher-pro.com\/de\/wp-json\/wp\/v2\/media\/20295"}],"wp:attachment":[{"href":"https:\/\/dispatcher-pro.com\/de\/wp-json\/wp\/v2\/media?parent=23258"}],"curies":[{"name":"wp","href":"https:\/\/api.w.org\/{rel}","templated":true}]}}