{"id":19679,"date":"2021-10-20T14:08:54","date_gmt":"2021-10-20T12:08:54","guid":{"rendered":"https:\/\/dispatcher-pro.com\/stneilca\/tneilc-ecnei%c8%91zpxed-r%c8%95oete%c8%91-rehctapsid-x-egn\/"},"modified":"2024-06-03T09:51:16","modified_gmt":"2024-06-03T07:51:16","slug":"nge-planung-personal","status":"publish","type":"page","link":"https:\/\/dispatcher-pro.com\/de\/kunden\/nge-planung-personal\/","title":{"rendered":"NGE x Dispatcher \u2013 Kundenerfahrung"},"content":{"rendered":"\t\t<div data-elementor-type=\"wp-page\" data-elementor-id=\"19679\" class=\"elementor elementor-19679 elementor-15830\" data-elementor-settings=\"{&quot;ha_cmc_init_switcher&quot;:&quot;no&quot;}\" data-elementor-post-type=\"page\">\n\t\t\t\t\t\t<section class=\"elementor-section elementor-top-section elementor-element elementor-element-9c65721 elementor-section-content-top elementor-section-boxed elementor-section-height-default elementor-section-height-default\" data-id=\"9c65721\" data-element_type=\"section\" data-settings=\"{&quot;_ha_eqh_enable&quot;:false,&quot;ekit_has_onepagescroll_dot&quot;:&quot;yes&quot;}\">\n\t\t\t\t\t\t\t<div class=\"elementor-background-overlay\"><\/div>\n\t\t\t\t\t\t\t<div class=\"elementor-container elementor-column-gap-no\">\n\t\t\t\t\t<div class=\"elementor-column elementor-col-50 elementor-top-column elementor-element elementor-element-c5f8f93\" data-id=\"c5f8f93\" data-element_type=\"column\">\n\t\t\t<div class=\"elementor-widget-wrap elementor-element-populated\">\n\t\t\t\t\t\t<div class=\"elementor-element elementor-element-8995d5a elementor-widget elementor-widget-heading\" data-id=\"8995d5a\" data-element_type=\"widget\" data-settings=\"{&quot;ekit_we_effect_on&quot;:&quot;none&quot;}\" data-widget_type=\"heading.default\">\n\t\t\t\t<div class=\"elementor-widget-container\">\n\t\t\t\t\t<h1 class=\"elementor-heading-title elementor-size-default\">Dispatcher<span style=\"margin: 0px;padding: 0px\"> modernisiert die Personalplanung&nbsp;<\/span><span style=\"margin: 0px;padding: 0px\"><\/span><span style=\"margin: 0px;padding: 0px\">&nbsp;<\/span> der NGE-Gruppe<font color=\"#e7004c\">.<\/font><\/h1>\t\t\t\t<\/div>\n\t\t\t\t<\/div>\n\t\t\t\t<div class=\"elementor-element elementor-element-97ee6f1 elementor-widget elementor-widget-text-editor\" data-id=\"97ee6f1\" data-element_type=\"widget\" data-settings=\"{&quot;ekit_we_effect_on&quot;:&quot;none&quot;}\" data-widget_type=\"text-editor.default\">\n\t\t\t\t<div class=\"elementor-widget-container\">\n\t\t\t\t\t\t\t\t\t<p>Exklusiver Erfahrungsbericht der NGE-Gruppe.<\/p>\t\t\t\t\t\t\t\t<\/div>\n\t\t\t\t<\/div>\n\t\t\t\t<div class=\"elementor-element elementor-element-b8cd9b7 elementor-align-left elementor-widget elementor-widget-button\" data-id=\"b8cd9b7\" data-element_type=\"widget\" data-settings=\"{&quot;ekit_we_effect_on&quot;:&quot;none&quot;}\" data-widget_type=\"button.default\">\n\t\t\t\t<div class=\"elementor-widget-container\">\n\t\t\t\t\t\t\t\t\t<div class=\"elementor-button-wrapper\">\n\t\t\t\t\t<a class=\"elementor-button elementor-button-link elementor-size-sm\" href=\"\/de\/ressourcenplanung\/\">\n\t\t\t\t\t\t<span class=\"elementor-button-content-wrapper\">\n\t\t\t\t\t\t\t\t\t<span class=\"elementor-button-text\">Entdecken Sie den Planer<\/span>\n\t\t\t\t\t<\/span>\n\t\t\t\t\t<\/a>\n\t\t\t\t<\/div>\n\t\t\t\t\t\t\t\t<\/div>\n\t\t\t\t<\/div>\n\t\t\t\t\t<\/div>\n\t\t<\/div>\n\t\t\t\t<div class=\"elementor-column elementor-col-50 elementor-top-column elementor-element elementor-element-28b0e60\" data-id=\"28b0e60\" data-element_type=\"column\">\n\t\t\t<div class=\"elementor-widget-wrap elementor-element-populated\">\n\t\t\t\t\t\t<div class=\"elementor-element elementor-element-cff635c elementor-widget elementor-widget-image\" data-id=\"cff635c\" data-element_type=\"widget\" data-settings=\"{&quot;ekit_we_effect_on&quot;:&quot;none&quot;}\" data-widget_type=\"image.default\">\n\t\t\t\t<div class=\"elementor-widget-container\">\n\t\t\t\t\t\t\t\t\t\t\t\t\t\t\t<img fetchpriority=\"high\" decoding=\"async\" width=\"1024\" height=\"753\" src=\"https:\/\/dispatcher-pro.com\/wp-content\/uploads\/2021\/10\/Illustration-NGE.png\" class=\"attachment-full size-full wp-image-19411\" alt=\"Illustration NGE\" srcset=\"https:\/\/dispatcher-pro.com\/wp-content\/uploads\/2021\/10\/Illustration-NGE.png 1024w, https:\/\/dispatcher-pro.com\/wp-content\/smush-avif\/2021\/10\/Illustration-NGE-300x221.png.avif 300w, https:\/\/dispatcher-pro.com\/wp-content\/smush-avif\/2021\/10\/Illustration-NGE-768x565.png.avif 768w\" sizes=\"(max-width: 1024px) 100vw, 1024px\" title=\"\" data-smush-avif-fallback=\"{&quot;srcset&quot;:&quot;https:\\\/\\\/dispatcher-pro.com\\\/wp-content\\\/uploads\\\/2021\\\/10\\\/Illustration-NGE.png 1024w, https:\\\/\\\/dispatcher-pro.com\\\/wp-content\\\/uploads\\\/2021\\\/10\\\/Illustration-NGE-300x221.png 300w, https:\\\/\\\/dispatcher-pro.com\\\/wp-content\\\/uploads\\\/2021\\\/10\\\/Illustration-NGE-768x565.png 768w&quot;}\">\t\t\t\t\t\t\t\t\t\t\t\t\t\t\t<\/div>\n\t\t\t\t<\/div>\n\t\t\t\t\t<\/div>\n\t\t<\/div>\n\t\t\t\t\t<\/div>\n\t\t<\/section>\n\t\t\t\t<section class=\"elementor-section elementor-top-section elementor-element elementor-element-af9a2be elementor-section-boxed elementor-section-height-default elementor-section-height-default\" data-id=\"af9a2be\" data-element_type=\"section\" data-settings=\"{&quot;_ha_eqh_enable&quot;:false,&quot;ekit_has_onepagescroll_dot&quot;:&quot;yes&quot;}\">\n\t\t\t\t\t\t<div class=\"elementor-container elementor-column-gap-default\">\n\t\t\t\t\t<div class=\"elementor-column elementor-col-100 elementor-top-column elementor-element elementor-element-14e2945\" data-id=\"14e2945\" data-element_type=\"column\">\n\t\t\t<div class=\"elementor-widget-wrap elementor-element-populated\">\n\t\t\t\t\t\t<div class=\"elementor-element elementor-element-c14a22f elementor-widget elementor-widget-spacer\" data-id=\"c14a22f\" data-element_type=\"widget\" data-settings=\"{&quot;ekit_we_effect_on&quot;:&quot;none&quot;}\" data-widget_type=\"spacer.default\">\n\t\t\t\t<div class=\"elementor-widget-container\">\n\t\t\t\t\t\t\t<div class=\"elementor-spacer\">\n\t\t\t<div class=\"elementor-spacer-inner\"><\/div>\n\t\t<\/div>\n\t\t\t\t\t\t<\/div>\n\t\t\t\t<\/div>\n\t\t\t\t<div class=\"elementor-element elementor-element-035b5fa elementor-widget elementor-widget-text-editor\" data-id=\"035b5fa\" data-element_type=\"widget\" data-settings=\"{&quot;ekit_we_effect_on&quot;:&quot;none&quot;}\" data-widget_type=\"text-editor.default\">\n\t\t\t\t<div class=\"elementor-widget-container\">\n\t\t\t\t\t\t\t\t\t<p><span class=\"TextRun BCX0 SCXW135228341\" lang=\"FR-FR\" xml:lang=\"FR-FR\" data-contrast=\"auto\"><span class=\"NormalTextRun BCX0 SCXW135228341\">Unser Team&nbsp;<\/span><span class=\"NormalTextRun BCX0 SCXW135228341\">war zu Gast in den R\u00e4umlichkeiten von <b>NGE<\/b><\/span><span class=\"NormalTextRun BCX0 SCXW135228341\"><b>&nbsp;GC<\/b><\/span><span class=\"NormalTextRun BCX0 SCXW135228341\">, ein Hoch- und Tiefbauunternehmen<\/span><span class=\"NormalTextRun BCX0 SCXW135228341\">,&nbsp;<\/span><span class=\"NormalTextRun BCX0 SCXW135228341\">und ein treuer Kunde von<\/span><span class=\"NormalTextRun BCX0 SCXW135228341\"> Dispatcher<\/span><span class=\"NormalTextRun BCX0 SCXW135228341\">&nbsp;<\/span>, f\u00fcr           <span class=\"NormalTextRun BCX0 SCXW135228341\">einen&nbsp;<\/span><span class=\"NormalTextRun BCX0 SCXW135228341\">exklusiven&nbsp;<\/span><span class=\"NormalTextRun BCX0 SCXW135228341\">Erfahrungsbericht! <br><\/span><\/span><span class=\"TextRun BCX0 SCXW135228341\" lang=\"FR-FR\" xml:lang=\"FR-FR\" data-contrast=\"auto\"><b><span class=\"NormalTextRun BCX0 SCXW135228341\"><br>Franck&nbsp;<\/span><span class=\"NormalTextRun SpellingErrorV2 BCX0 SCXW135228341\">Cahay<\/span><\/b><span class=\"NormalTextRun BCX0 SCXW135228341\">,&nbsp;<\/span><span class=\"NormalTextRun BCX0 SCXW135228341\">B\u00fcroleiter<\/span><span class=\"NormalTextRun BCX0 SCXW135228341\">&nbsp;<\/span><span class=\"NormalTextRun BCX0 SCXW135228341\">und <b>Jeremy Lafarge<\/b>, operativer&nbsp;<\/span><span class=\"NormalTextRun BCX0 SCXW135228341\">Leiter&nbsp;<\/span><span class=\"NormalTextRun BCX0 SCXW135228341\">berichten, wie die Dispatcher-L\u00f6sung ihnen geholfen hat, <\/span><span class=\"NormalTextRun BCX0 SCXW135228341\">&nbsp; ihre Einheiten <b> bei der Digitalisierung <\/b> <b>und &nbsp;<\/b><\/span><span class=\"NormalTextRun BCX0 SCXW135228341\"><b>Leistungssteigerung zu unterst\u00fctzen<\/b>.<\/span><span class=\"NormalTextRun BCX0 SCXW135228341\">&nbsp;Nach der vollst\u00e4ndigen \u00dcbernahme&nbsp;<\/span><span class=\"NormalTextRun BCX0 SCXW135228341\">der L\u00f6sung <\/span><span class=\"NormalTextRun BCX0 SCXW135228341\">will  <b>das Programm niemand<\/b>&nbsp;<\/span><span class=\"NormalTextRun BCX0 SCXW135228341\">mehr <\/span><span class=\"NormalTextRun BCX0 SCXW135228341\"><\/span><span class=\"NormalTextRun BCX0 SCXW135228341\">im Alltag missen.<\/span><span class=\"NormalTextRun BCX0 SCXW135228341\">&nbsp;Das Tool hat sich auch schnell&nbsp;<\/span><span class=\"NormalTextRun BCX0 SCXW135228341\">in allen&nbsp;<\/span><span class=\"NormalTextRun BCX0 SCXW135228341\">anderen NGE-Einheiten in der Region etabliert<\/span><span class=\"NormalTextRun BCX0 SCXW135228341\">&nbsp;!<br><\/span><\/span><strong><span class=\"TextRun MacChromeBold BCX0 SCXW135228341\" lang=\"FR-FR\" xml:lang=\"FR-FR\" data-contrast=\"auto\"><span class=\"NormalTextRun BCX0 SCXW135228341\"><i><br>\u201e<\/i>Der Nutzen von Dispatcher war sofort sp\u00fcrbar und die Einarbeitung ging sehr schnell.&nbsp;<\/span><span class=\"NormalTextRun BCX0 SCXW135228341\">Alles wird in einer einzigen Software zentralisiert.&nbsp;<\/span><span class=\"NormalTextRun BCX0 SCXW135228341\">Wir haben unsere Excel-Tabelle sofort aufgegeben<\/span><span class=\"NormalTextRun BCX0 SCXW135228341\">&nbsp;!&nbsp;<\/span><span class=\"NormalTextRun BCX0 SCXW135228341\">\u201c<\/span><\/span><\/strong><span class=\"LineBreakBlob BlobObject DragDrop BCX0 SCXW135228341\"><br class=\"BCX0 SCXW135228341\"><\/span><\/p>\t\t\t\t\t\t\t\t<\/div>\n\t\t\t\t<\/div>\n\t\t\t\t\t<\/div>\n\t\t<\/div>\n\t\t\t\t\t<\/div>\n\t\t<\/section>\n\t\t\t\t<section class=\"elementor-section elementor-top-section elementor-element elementor-element-7cf1ae5 elementor-section-boxed elementor-section-height-default elementor-section-height-default\" data-id=\"7cf1ae5\" data-element_type=\"section\" data-settings=\"{&quot;_ha_eqh_enable&quot;:false,&quot;ekit_has_onepagescroll_dot&quot;:&quot;yes&quot;}\">\n\t\t\t\t\t\t<div class=\"elementor-container elementor-column-gap-default\">\n\t\t\t\t\t<div class=\"elementor-column elementor-col-100 elementor-top-column elementor-element elementor-element-70b0dd2\" data-id=\"70b0dd2\" data-element_type=\"column\">\n\t\t\t<div class=\"elementor-widget-wrap elementor-element-populated\">\n\t\t\t\t\t\t<div class=\"elementor-element elementor-element-714564f elementor-widget elementor-widget-text-editor\" data-id=\"714564f\" data-element_type=\"widget\" data-settings=\"{&quot;ekit_we_effect_on&quot;:&quot;none&quot;}\" data-widget_type=\"text-editor.default\">\n\t\t\t\t<div class=\"elementor-widget-container\">\n\t\t\t\t\t\t\t\t\t<p><strong>Franck<\/strong> : Mein Name ist Franck Cahay, ich bin B\u00fcroleiter von NGE G\u00e9nie Civil f\u00fcr die Agence Industrie Environnement in der Region \u00cele-de-France.<br>\n<span lang=\"FR-FR\" xml:lang=\"FR-FR\" data-contrast=\"none\">NGE ist ein franz\u00f6sischer Hoch- und Tiefbaukonzern. NGE steht f\u00fcr New Generation of Entrepreneurs (Neue Generation von Unternehmern)<\/span>. <span lang=\"FR-FR\" data-contrast=\"none\">Wir sind ein Konzern mit 14.000 Mitarbeitern in Frankreich und im Ausland, mit starkem Wachstum, denn unser Ziel ist es, bis 2025 auf 20.000 Mitarbeiter anzuwachsen.\u201c<\/span><\/p>\n<p style=\"text-align: justify;\"><span data-contrast=\"auto\"><span style=\"font-weight: bolder;\">Jemerie :<\/span> <\/span><span data-contrast=\"auto\">\u201eMein Name ist <span lang=\"FR-FR\" data-contrast=\"none\">Jeremy Lafarge, ich bin operativer Leiter bei NGE G\u00e9nie Civil in der Region \u00cele-de-France und k\u00fcmmere mich zusammen mit Franck Cahay um die Personalverwaltung von NGE GC<\/span>.\u201c <\/span><\/p>\n<p><span style=\"font-weight: bolder;\"><span data-contrast=\"auto\"><span style=\"color: #e90e4c;\">Warum haben Sie Dispatcher bei NGE eingef\u00fchrt? <\/span><\/span><\/span><\/p>\n<p style=\"text-align: justify;\"><span data-contrast=\"auto\"><span style=\"font-weight: bolder;\">Franck<\/span>: <\/span><span data-contrast=\"auto\">\u201e<span lang=\"FR-FR\" data-contrast=\"none\">Um unsere Personalplanung zu verwalten, haben wir bis Ende 2019 Excel-Tabellen benutzt, eine sehr komplexes Tabellensystem, das die verschiedenen Baustellen umfasste, ebenso wie die Liste unseres Personals und der Zeitarbeitskr\u00e4fte, und die Qualifikationen all dieser Mitarbeiter.<\/span><br>\n<span lang=\"FR-FR\" xml:lang=\"FR-FR\" data-contrast=\"none\"><br>\nDie Datei war so \u201egro\u00df\u201c, dass wir nur einen \u00dcberblick \u00fcber die laufende Woche und maximal die n\u00e4chsten zwei Wochen hatten, aber nicht mehr, aufgrund der extremen Komplexit\u00e4t der zu verwaltenden Tabellen. Man kopierte und f\u00fcgte in alle Richtungen ein und unsere Kontroll- und \u00dcberpr\u00fcfungsm\u00f6glichkeiten waren sehr eingeschr\u00e4nkt, da wir nur eine Ansicht pro Baustelle hatten und man nicht kontrollieren konnte, ob eine Person doppelt oder gar nicht eingesetzt wurde. <\/span><\/span><\/p>\n<p><span lang=\"FR-FR\" data-contrast=\"none\">Fehler waren daher h\u00e4ufig und mussten oft im letzten Moment behoben werden, was sich direkt auf die Produktivit\u00e4t der Baustellen <\/span>auswirkte. <span lang=\"FR-FR\" xml:lang=\"FR-FR\" data-contrast=\"none\">Wir hatten keinen mittelfristigen \u00dcberblick \u00fcber unseren Bedarf, also keine M\u00f6glichkeit, \u00dcberlastungen oder Nichtauslastungen fr\u00fchzeitig genug zu antizipieren. Au\u00dferdem hat die Person, die daf\u00fcr zust\u00e4ndig war, die Planung auf den neuesten Stand zu bringen, unglaublich viel Zeit damit verbringen m\u00fcssen.\u201c<\/span><\/p>\n<p style=\"text-align: justify;\"><span data-contrast=\"auto\"><span style=\"font-weight: bolder;\">Jeremy<\/span> <\/span><span data-contrast=\"auto\">\u201e<span lang=\"FR-FR\" data-contrast=\"none\">Was wir uns von der Einf\u00fchrung von Dispatcher vor allem erhofften, <b>war eine einfache und zug\u00e4ngliche Datenbank, mit der wir unsere Baustellen schnell mit Personal versorgen konnten<\/b><\/span> <\/span><\/p>\n<p><span lang=\"FR-FR\" xml:lang=\"FR-FR\" data-contrast=\"none\">Eine der Erwartungen an die Dispatcher-Software war die namentliche Verfolgung der Mitarbeiter, um zu \u00fcberpr\u00fcfen, ob sie nicht mehreren Arbeiten gleichzeitig zugeteilt waren, und auch um sowohl ihre Abwesenheiten aufgrund von Krankheit oder Urlaub als auch ihre verschiedenen CACES-Schulungen und Fahrerlaubnisse im Blick zu haben. <b>Das Ziel war es, die Verfolgung von Personal, Urlaub, Schulungen und der Fahrberechtigungen in einer einzigen Software zu zentralisieren<\/b>.\u201c<\/span><\/p><p><span style=\"font-weight: bolder;\"><span data-contrast=\"auto\"><span style=\"color: #e90e4c;\">Was f\u00fcr Erfahrungen haben Sie gemacht?<\/span><\/span><\/span><\/p><p style=\"text-align: justify;\"><span data-contrast=\"auto\"><span style=\"font-weight: bolder;\">Franck<\/span>: <\/span><span data-contrast=\"auto\">Bei<span lang=\"FR-FR\" xml:lang=\"FR-FR\" data-contrast=\"none\">der Einf\u00fchrung von Dispatcher hatten wir geplant, beide Systeme parallel zu betreiben, also unsere Excel-Tabellen parallel zum Dispatcher-Tool, um uns allm\u00e4hlich mit der Software vertraut zu machen bis wir sie beherrschten. Letztendlich dauerte dieser \u00dcbergang aber nur eine Woche, weil <\/span><b><span lang=\"FR-FR\" data-contrast=\"none\">der Vorteil von Dispatcher sofort sp\u00fcrbar war <\/span><span lang=\"FR-FR\" data-contrast=\"none\"> und <\/span><span lang=\"FR-FR\" data-contrast=\"none\">die Einarbeitung sehr schnell<\/span><\/b><span lang=\"FR-FR\" data-contrast=\"none\"><b> vonstatten ging. Und so haben wir unsere alten Excel-Tabellen eigentlich sofort aufgegeben<\/b>\u201c<\/span><\/span><\/p>\n<p>Eine der positivsten Erfahrungen ist, dass die Excel-Datei, die wir fr\u00fcher verwendet haben, nur von jeweils einer Person gef\u00fchrt wurde, wohingegen <b>die Dispatcher-Software wirklich<\/b><b> <span lang=\"FR-FR\" xml:lang=\"FR-FR\" data-contrast=\"none\">gemeinschaftlich <\/span><\/b><span lang=\"FR-FR\" xml:lang=\"FR-FR\" data-contrast=\"none\"> und gleichzeitig genutzt wird, d. h., wenn wir unsere Personalbesprechung abhielten, bearbeitete Franck gleichzeitig den Plan, w\u00e4hrend ich mit den anderen Bauingenieuren am Support arbeitete.\u201c<\/span><br>\n<\/p>\n<p style=\"text-align: justify;\"><span data-contrast=\"auto\"><span style=\"font-weight: bolder;\">Franck<\/span>: <\/span><span data-contrast=\"auto\">\u201e<span lang=\"FR-FR\" data-contrast=\"none\">Nachdem wir Dispatcher ein Jahr lang bei uns im Einsatz hatten, <b>beschlossen wir, <\/b><\/span><span lang=\"FR-FR\" data-contrast=\"none\"><b>das Tool auf andere Gesch\u00e4ftseinheiten in der Region auszuweiten<\/b>,<\/span><span lang=\"FR-FR\" xml:lang=\"FR-FR\" data-contrast=\"none\"> d. h. Guintoli, ein auf Erdarbeiten spezialisiertes Unternehmen, und EHTP, ein auf den Bau von Kanalisierungsnetzen spezialisiertes Unternehmen, was uns eine <b>bessere \u00dcbersicht \u00fcber die Gesamtaktivit\u00e4t in der Region<\/b>erm\u00f6glicht. Dies <\/span><span lang=\"FR-FR\" xml:lang=\"FR-FR\" data-contrast=\"none\">vereinfacht das Ausleihen von Personal <\/span><span lang=\"FR-FR\" xml:lang=\"FR-FR\" data-contrast=\"none\">zwischen den verschiedenen Einheiten. Eine der St\u00e4rken von NGE ist die fach\u00fcbergreifende Zusammenarbeit, um \u201eKr\u00e4fte zu b\u00fcndeln\u201c, mit dem Ziel, unsere Leistung und die Kundenzufriedenheit zu steigern und unsere Kosten zu reduzieren, wozu die Verwendung der gleichen Planungssoftware in den verschiedenen Tochterunternehmen der Region einen wichtigen Beitrag leistet.\u201c<\/span><\/span><\/p>\n<p><span style=\"color: #e90e4c;\"><b>W\u00fcrden Sie Dispatcher weiterempfehlen?<\/b><\/span><\/p>\n<p style=\"text-align: justify;\"><span data-contrast=\"auto\"><span style=\"font-weight: bolder;\">Franck :<\/span> <\/span><span data-contrast=\"auto\"><b>\u201e<span class=\"TextRun BCX0 SCXW197614551\" lang=\"FR-FR\" data-contrast=\"none\"><span class=\"NormalTextRun BCX0 SCXW197614551\">Es ist eine sehr angenehm zu verwendende Software, die es uns erm\u00f6glicht, unseren Bedarf besser vorauszusehen, und die die kollaborative Arbeit zwischen den verschiedenen Einheiten in der Region erleichtert.\u201c<\/span><\/span><\/b><span class=\"LineBreakBlob BlobObject DragDrop BCX0 SCXW197614551\"><br class=\"BCX0 SCXW197614551\"><\/span><\/span><\/p>\n<p style=\"text-align: justify;\"><span style=\"font-weight: bolder;\" data-contrast=\"auto\">Jeremie : \u201e<span class=\"TextRun SCXW261692145 BCX0\" lang=\"FR-FR\" data-contrast=\"none\"><span class=\"NormalTextRun SCXW261692145 BCX0\">Wir sind mit dem von Dispatcher angebotenen Service sehr zufrieden <b>Die Software wird durch die Erweiterung von Neuheiten und neuen Diensten regelm\u00e4\u00dfig aktualisiert und das Team, das unseren Vertrag betreut, ist immer gut erreichbar, wohlwollend und vor allem sehr angenehm!<\/b>\u201c<\/span><\/span><\/span><\/p>\t\t\t\t\t\t\t\t<\/div>\n\t\t\t\t<\/div>\n\t\t\t\t\t<\/div>\n\t\t<\/div>\n\t\t\t\t\t<\/div>\n\t\t<\/section>\n\t\t\t\t<section class=\"elementor-section elementor-top-section elementor-element elementor-element-05b6da8 elementor-section-boxed elementor-section-height-default elementor-section-height-default\" data-id=\"05b6da8\" data-element_type=\"section\" data-settings=\"{&quot;_ha_eqh_enable&quot;:false,&quot;ekit_has_onepagescroll_dot&quot;:&quot;yes&quot;}\">\n\t\t\t\t\t\t<div class=\"elementor-container elementor-column-gap-default\">\n\t\t\t\t\t<div class=\"elementor-column elementor-col-100 elementor-top-column elementor-element elementor-element-87e0bb8\" data-id=\"87e0bb8\" data-element_type=\"column\">\n\t\t\t<div class=\"elementor-widget-wrap elementor-element-populated\">\n\t\t\t\t\t\t<div class=\"elementor-element elementor-element-44913b0 elementor-widget elementor-widget-spacer\" data-id=\"44913b0\" data-element_type=\"widget\" data-settings=\"{&quot;ekit_we_effect_on&quot;:&quot;none&quot;}\" data-widget_type=\"spacer.default\">\n\t\t\t\t<div class=\"elementor-widget-container\">\n\t\t\t\t\t\t\t<div class=\"elementor-spacer\">\n\t\t\t<div class=\"elementor-spacer-inner\"><\/div>\n\t\t<\/div>\n\t\t\t\t\t\t<\/div>\n\t\t\t\t<\/div>\n\t\t\t\t\t<\/div>\n\t\t<\/div>\n\t\t\t\t\t<\/div>\n\t\t<\/section>\n\t\t\t\t<section class=\"elementor-section elementor-top-section elementor-element elementor-element-2fc52ae elementor-section-height-min-height elementor-section-items-stretch elementor-section-boxed elementor-section-height-default\" data-id=\"2fc52ae\" data-element_type=\"section\" data-settings=\"{&quot;_ha_eqh_enable&quot;:false,&quot;ekit_has_onepagescroll_dot&quot;:&quot;yes&quot;}\">\n\t\t\t\t\t\t<div class=\"elementor-container elementor-column-gap-default\">\n\t\t\t\t\t<div class=\"elementor-column elementor-col-100 elementor-top-column elementor-element elementor-element-989712e\" data-id=\"989712e\" data-element_type=\"column\" data-settings=\"{&quot;background_background&quot;:&quot;classic&quot;}\">\n\t\t\t<div class=\"elementor-widget-wrap elementor-element-populated\">\n\t\t\t\t\t<div class=\"elementor-background-overlay\"><\/div>\n\t\t\t\t\t\t<div class=\"elementor-element elementor-element-48ed21b elementor-widget elementor-widget-text-editor\" data-id=\"48ed21b\" data-element_type=\"widget\" data-settings=\"{&quot;ekit_we_effect_on&quot;:&quot;none&quot;}\" data-widget_type=\"text-editor.default\">\n\t\t\t\t<div class=\"elementor-widget-container\">\n\t\t\t\t\t\t\t\t\t<p>Starten Sie mit der Planung Ihrer Ressourcen!<\/p>\t\t\t\t\t\t\t\t<\/div>\n\t\t\t\t<\/div>\n\t\t\t\t<div class=\"elementor-element elementor-element-41f8907 elementor-widget elementor-widget-text-editor\" data-id=\"41f8907\" data-element_type=\"widget\" data-settings=\"{&quot;ekit_we_effect_on&quot;:&quot;none&quot;}\" data-widget_type=\"text-editor.default\">\n\t\t\t\t<div class=\"elementor-widget-container\">\n\t\t\t\t\t\t\t\t\tWenn Sie einmal unseren Planer genutzt haben,<br>\nwerden Sie ihn nicht mehr missen wollen<span style=\"color: #e7004c;\">.<\/span>\t\t\t\t\t\t\t\t<\/div>\n\t\t\t\t<\/div>\n\t\t\t\t<div class=\"elementor-element elementor-element-7b97c6e elementor-widget elementor-widget-spacer\" data-id=\"7b97c6e\" data-element_type=\"widget\" data-settings=\"{&quot;ekit_we_effect_on&quot;:&quot;none&quot;}\" data-widget_type=\"spacer.default\">\n\t\t\t\t<div class=\"elementor-widget-container\">\n\t\t\t\t\t\t\t<div class=\"elementor-spacer\">\n\t\t\t<div class=\"elementor-spacer-inner\"><\/div>\n\t\t<\/div>\n\t\t\t\t\t\t<\/div>\n\t\t\t\t<\/div>\n\t\t\t\t<div class=\"elementor-element elementor-element-cdd8fde elementor-align-center elementor-widget elementor-widget-button\" data-id=\"cdd8fde\" data-element_type=\"widget\" data-settings=\"{&quot;ekit_we_effect_on&quot;:&quot;none&quot;}\" data-widget_type=\"button.default\">\n\t\t\t\t<div class=\"elementor-widget-container\">\n\t\t\t\t\t\t\t\t\t<div class=\"elementor-button-wrapper\">\n\t\t\t\t\t<a class=\"elementor-button elementor-button-link elementor-size-sm\" href=\"\/de\/contact\/\">\n\t\t\t\t\t\t<span class=\"elementor-button-content-wrapper\">\n\t\t\t\t\t\t\t\t\t<span class=\"elementor-button-text\">Kontaktieren Sie Uns<\/span>\n\t\t\t\t\t<\/span>\n\t\t\t\t\t<\/a>\n\t\t\t\t<\/div>\n\t\t\t\t\t\t\t\t<\/div>\n\t\t\t\t<\/div>\n\t\t\t\t\t<\/div>\n\t\t<\/div>\n\t\t\t\t\t<\/div>\n\t\t<\/section>\n\t\t\t\t<section class=\"elementor-section elementor-top-section elementor-element elementor-element-8c7a102 elementor-section-boxed elementor-section-height-default elementor-section-height-default\" data-id=\"8c7a102\" data-element_type=\"section\" data-settings=\"{&quot;_ha_eqh_enable&quot;:false,&quot;ekit_has_onepagescroll_dot&quot;:&quot;yes&quot;}\">\n\t\t\t\t\t\t<div class=\"elementor-container elementor-column-gap-default\">\n\t\t\t\t\t<div class=\"elementor-column elementor-col-100 elementor-top-column elementor-element elementor-element-f436437\" data-id=\"f436437\" data-element_type=\"column\">\n\t\t\t<div class=\"elementor-widget-wrap elementor-element-populated\">\n\t\t\t\t\t\t<div class=\"elementor-element elementor-element-4212976 elementor-widget elementor-widget-spacer\" data-id=\"4212976\" data-element_type=\"widget\" data-settings=\"{&quot;ekit_we_effect_on&quot;:&quot;none&quot;}\" data-widget_type=\"spacer.default\">\n\t\t\t\t<div class=\"elementor-widget-container\">\n\t\t\t\t\t\t\t<div class=\"elementor-spacer\">\n\t\t\t<div class=\"elementor-spacer-inner\"><\/div>\n\t\t<\/div>\n\t\t\t\t\t\t<\/div>\n\t\t\t\t<\/div>\n\t\t\t\t\t<\/div>\n\t\t<\/div>\n\t\t\t\t\t<\/div>\n\t\t<\/section>\n\t\t\t\t<\/div>\n\t\t","protected":false},"excerpt":{"rendered":"<p>Dispatcher modernisiert die Personalplanung&nbsp;&nbsp; der NGE-Gruppe. Exklusiver Erfahrungsbericht der NGE-Gruppe. Entdecken Sie den Planer Unser Team&nbsp;war zu Gast in den R\u00e4umlichkeiten von NGE&nbsp;GC, ein Hoch- und Tiefbauunternehmen,&nbsp;und ein treuer Kunde von Dispatcher&nbsp;, f\u00fcr einen&nbsp;exklusiven&nbsp;Erfahrungsbericht! Franck&nbsp;Cahay,&nbsp;B\u00fcroleiter&nbsp;und Jeremy Lafarge, operativer&nbsp;Leiter&nbsp;berichten, wie die Dispatcher-L\u00f6sung ihnen geholfen hat, &nbsp; ihre Einheiten bei der Digitalisierung und &nbsp;Leistungssteigerung zu unterst\u00fctzen.&nbsp;Nach der [&hellip;]<\/p>\n","protected":false},"author":1,"featured_media":19411,"parent":19592,"menu_order":0,"comment_status":"closed","ping_status":"closed","template":"","meta":{"_eb_attr":"","footnotes":""},"class_list":["post-19679","page","type-page","status-publish","has-post-thumbnail","hentry"],"_links":{"self":[{"href":"https:\/\/dispatcher-pro.com\/de\/wp-json\/wp\/v2\/pages\/19679","targetHints":{"allow":["GET"]}}],"collection":[{"href":"https:\/\/dispatcher-pro.com\/de\/wp-json\/wp\/v2\/pages"}],"about":[{"href":"https:\/\/dispatcher-pro.com\/de\/wp-json\/wp\/v2\/types\/page"}],"author":[{"embeddable":true,"href":"https:\/\/dispatcher-pro.com\/de\/wp-json\/wp\/v2\/users\/1"}],"replies":[{"embeddable":true,"href":"https:\/\/dispatcher-pro.com\/de\/wp-json\/wp\/v2\/comments?post=19679"}],"version-history":[{"count":0,"href":"https:\/\/dispatcher-pro.com\/de\/wp-json\/wp\/v2\/pages\/19679\/revisions"}],"up":[{"embeddable":true,"href":"https:\/\/dispatcher-pro.com\/de\/wp-json\/wp\/v2\/pages\/19592"}],"wp:featuredmedia":[{"embeddable":true,"href":"https:\/\/dispatcher-pro.com\/de\/wp-json\/wp\/v2\/media\/19411"}],"wp:attachment":[{"href":"https:\/\/dispatcher-pro.com\/de\/wp-json\/wp\/v2\/media?parent=19679"}],"curies":[{"name":"wp","href":"https:\/\/api.w.org\/{rel}","templated":true}]}}