{"id":19597,"date":"2021-06-24T11:14:30","date_gmt":"2021-06-24T09:14:30","guid":{"rendered":"https:\/\/dispatcher-pro.com\/stneilca\/tneilc-ecnei%c8%91zpxed-r%c8%95oete%c8%91-rehctapsid-x-y%c8%91ema%c8%91\/"},"modified":"2024-04-24T14:54:49","modified_gmt":"2024-04-24T12:54:49","slug":"ramery-hochbau-planung-arbeitskraft","status":"publish","type":"page","link":"https:\/\/dispatcher-pro.com\/de\/kunden\/ramery-hochbau-planung-arbeitskraft\/","title":{"rendered":"Ramery x Dispatcher \u2013 Erfahrungsbericht von Kunden"},"content":{"rendered":"\t\t<div data-elementor-type=\"wp-page\" data-elementor-id=\"19597\" class=\"elementor elementor-19597 elementor-11753\" data-elementor-settings=\"{&quot;ha_cmc_init_switcher&quot;:&quot;no&quot;}\" data-elementor-post-type=\"page\">\n\t\t\t\t\t\t<section class=\"elementor-section elementor-top-section elementor-element elementor-element-637f8d0f elementor-section-content-top elementor-section-boxed elementor-section-height-default elementor-section-height-default\" data-id=\"637f8d0f\" data-element_type=\"section\" data-settings=\"{&quot;_ha_eqh_enable&quot;:false,&quot;ekit_has_onepagescroll_dot&quot;:&quot;yes&quot;}\">\n\t\t\t\t\t\t\t<div class=\"elementor-background-overlay\"><\/div>\n\t\t\t\t\t\t\t<div class=\"elementor-container elementor-column-gap-no\">\n\t\t\t\t\t<div class=\"elementor-column elementor-col-50 elementor-top-column elementor-element elementor-element-3003da70\" data-id=\"3003da70\" data-element_type=\"column\">\n\t\t\t<div class=\"elementor-widget-wrap elementor-element-populated\">\n\t\t\t\t\t\t<div class=\"elementor-element elementor-element-4dc6c33b elementor-widget elementor-widget-heading\" data-id=\"4dc6c33b\" data-element_type=\"widget\" data-settings=\"{&quot;ekit_we_effect_on&quot;:&quot;none&quot;}\" data-widget_type=\"heading.default\">\n\t\t\t\t<div class=\"elementor-widget-container\">\n\t\t\t\t\t<h1 class=\"elementor-heading-title elementor-size-default\">Dispatcher modernisiert die Planung von Ramery<font color=\"#e7004c\">.<\/font><\/h1>\t\t\t\t<\/div>\n\t\t\t\t<\/div>\n\t\t\t\t<div class=\"elementor-element elementor-element-7aa647a elementor-widget elementor-widget-spacer\" data-id=\"7aa647a\" data-element_type=\"widget\" data-settings=\"{&quot;ekit_we_effect_on&quot;:&quot;none&quot;}\" data-widget_type=\"spacer.default\">\n\t\t\t\t<div class=\"elementor-widget-container\">\n\t\t\t\t\t\t\t<div class=\"elementor-spacer\">\n\t\t\t<div class=\"elementor-spacer-inner\"><\/div>\n\t\t<\/div>\n\t\t\t\t\t\t<\/div>\n\t\t\t\t<\/div>\n\t\t\t\t<div class=\"elementor-element elementor-element-2f2a40bc elementor-widget elementor-widget-text-editor\" data-id=\"2f2a40bc\" data-element_type=\"widget\" data-settings=\"{&quot;ekit_we_effect_on&quot;:&quot;none&quot;}\" data-widget_type=\"text-editor.default\">\n\t\t\t\t<div class=\"elementor-widget-container\">\n\t\t\t\t\t\t\t\t\t<p>Exklusiver Erfahrungsbericht aus dem Unternehmen <br>Ramery, Hochbau-Abteilung.<\/p>\t\t\t\t\t\t\t\t<\/div>\n\t\t\t\t<\/div>\n\t\t\t\t<div class=\"elementor-element elementor-element-42f060a elementor-align-left elementor-widget elementor-widget-button\" data-id=\"42f060a\" data-element_type=\"widget\" data-settings=\"{&quot;ekit_we_effect_on&quot;:&quot;none&quot;}\" data-widget_type=\"button.default\">\n\t\t\t\t<div class=\"elementor-widget-container\">\n\t\t\t\t\t\t\t\t\t<div class=\"elementor-button-wrapper\">\n\t\t\t\t\t<a class=\"elementor-button elementor-button-link elementor-size-sm\" href=\"\/de\/ressourcenplanung\/\">\n\t\t\t\t\t\t<span class=\"elementor-button-content-wrapper\">\n\t\t\t\t\t\t\t\t\t<span class=\"elementor-button-text\">Entdecken Sie den Planer<\/span>\n\t\t\t\t\t<\/span>\n\t\t\t\t\t<\/a>\n\t\t\t\t<\/div>\n\t\t\t\t\t\t\t\t<\/div>\n\t\t\t\t<\/div>\n\t\t\t\t\t<\/div>\n\t\t<\/div>\n\t\t\t\t<div class=\"elementor-column elementor-col-50 elementor-top-column elementor-element elementor-element-54081991\" data-id=\"54081991\" data-element_type=\"column\">\n\t\t\t<div class=\"elementor-widget-wrap elementor-element-populated\">\n\t\t\t\t\t\t<div class=\"elementor-element elementor-element-d774414 elementor-widget elementor-widget-image\" data-id=\"d774414\" data-element_type=\"widget\" data-settings=\"{&quot;ekit_we_effect_on&quot;:&quot;none&quot;}\" data-widget_type=\"image.default\">\n\t\t\t\t<div class=\"elementor-widget-container\">\n\t\t\t\t\t\t\t\t\t\t\t\t\t\t\t<img fetchpriority=\"high\" decoding=\"async\" width=\"640\" height=\"470\" src=\"https:\/\/dispatcher-pro.com\/wp-content\/uploads\/2021\/08\/retour-client-Ramery-Dispatcher.png\" class=\"attachment-2048x2048 size-2048x2048 wp-image-19392\" alt=\"retour client Ramery Dispatcher\" srcset=\"https:\/\/dispatcher-pro.com\/wp-content\/uploads\/2021\/08\/retour-client-Ramery-Dispatcher.png 640w, https:\/\/dispatcher-pro.com\/wp-content\/uploads\/2021\/08\/retour-client-Ramery-Dispatcher-300x220.png 300w\" sizes=\"(max-width: 640px) 100vw, 640px\" title=\"\">\t\t\t\t\t\t\t\t\t\t\t\t\t\t\t<\/div>\n\t\t\t\t<\/div>\n\t\t\t\t\t<\/div>\n\t\t<\/div>\n\t\t\t\t\t<\/div>\n\t\t<\/section>\n\t\t\t\t<section class=\"elementor-section elementor-top-section elementor-element elementor-element-9137776 elementor-section-boxed elementor-section-height-default elementor-section-height-default\" data-id=\"9137776\" data-element_type=\"section\" data-settings=\"{&quot;_ha_eqh_enable&quot;:false,&quot;ekit_has_onepagescroll_dot&quot;:&quot;yes&quot;}\">\n\t\t\t\t\t\t<div class=\"elementor-container elementor-column-gap-default\">\n\t\t\t\t\t<div class=\"elementor-column elementor-col-100 elementor-top-column elementor-element elementor-element-48758d3\" data-id=\"48758d3\" data-element_type=\"column\">\n\t\t\t<div class=\"elementor-widget-wrap elementor-element-populated\">\n\t\t\t\t\t\t<div class=\"elementor-element elementor-element-c5cb6a2 elementor-widget elementor-widget-spacer\" data-id=\"c5cb6a2\" data-element_type=\"widget\" data-settings=\"{&quot;ekit_we_effect_on&quot;:&quot;none&quot;}\" data-widget_type=\"spacer.default\">\n\t\t\t\t<div class=\"elementor-widget-container\">\n\t\t\t\t\t\t\t<div class=\"elementor-spacer\">\n\t\t\t<div class=\"elementor-spacer-inner\"><\/div>\n\t\t<\/div>\n\t\t\t\t\t\t<\/div>\n\t\t\t\t<\/div>\n\t\t\t\t<div class=\"elementor-element elementor-element-987cd1f elementor-widget elementor-widget-text-editor\" data-id=\"987cd1f\" data-element_type=\"widget\" data-settings=\"{&quot;ekit_we_effect_on&quot;:&quot;none&quot;}\" data-widget_type=\"text-editor.default\">\n\t\t\t\t<div class=\"elementor-widget-container\">\n\t\t\t\t\t\t\t\t\t<span data-contrast=\"none\">Das Unternehmen Ramery B\u00e2timent, ein treuer Kunde von Dispatcher seit bereits mehreren Jahren, l\u00e4sst uns hinter die Kulissen blicken! Hier ein exklusiver Erfahrungsbericht. Unser Team filmte auf einer ihrer aktuellen Baustellen, der Apollo-Baustelle in Lens, einem Gro\u00dfprojekt, das mithilfe unserer Planungsl\u00f6sung realisiert wurde.<\/span><b> <\/b><span style=\"color: var( --e-global-color-text ); font-family: var( --e-global-typography-text-font-family ), Sans-serif; font-weight: var( --e-global-typography-text-font-weight ); font-size: 1rem;\" data-contrast=\"none\">.<\/span>\n\n<span data-contrast=\"none\">Bertrand, operativer Leiter, und Nina, Verwaltungsassistentin bei Ramery, berichten, \u00a0<\/span><span data-contrast=\"none\"><b>wie die Dispatcher-Planungsl\u00f6sung ihnen geholfen hat, ihre Einheit zu organisieren, und worin die Herausforderungen f\u00fcr operative Leiter, Bauleiter, Oberbauleiter etc. bestanden haben\u00a0<\/b><\/span>\n\n<span lang=\"FR-FR\" xml:lang=\"FR-FR\" data-contrast=\"auto\"><b>\u201eDieses Tool\u00a0 hat eine echte\u00a0 Zeitersparnis f\u00fcr mich, f\u00fcr \u00a0meine Teams \u00a0und die Personalplanung unserer Gesch\u00e4ftseinheit gebracht.\u201c<\/b><\/span><b>\u00a0<\/b>\n\n<span data-contrast=\"none\">Der enge Kontakt mit der Baustelle, \u00a0<\/span><span data-contrast=\"none\">\u00a0den \u00a0 diese L\u00f6sung erm\u00f6glicht, ist entscheidend, um den Nutzen und die Vorteile zu verstehen, die diese Planungsl\u00f6sung im Alltag mit sich bringt.\u00a0<\/span>\t\t\t\t\t\t\t\t<\/div>\n\t\t\t\t<\/div>\n\t\t\t\t\t<\/div>\n\t\t<\/div>\n\t\t\t\t\t<\/div>\n\t\t<\/section>\n\t\t\t\t<section class=\"elementor-section elementor-top-section elementor-element elementor-element-4f4c26f elementor-section-boxed elementor-section-height-default elementor-section-height-default\" data-id=\"4f4c26f\" data-element_type=\"section\" data-settings=\"{&quot;_ha_eqh_enable&quot;:false,&quot;ekit_has_onepagescroll_dot&quot;:&quot;yes&quot;}\">\n\t\t\t\t\t\t<div class=\"elementor-container elementor-column-gap-default\">\n\t\t\t\t\t<div class=\"elementor-column elementor-col-100 elementor-top-column elementor-element elementor-element-0a541f9\" data-id=\"0a541f9\" data-element_type=\"column\">\n\t\t\t<div class=\"elementor-widget-wrap elementor-element-populated\">\n\t\t\t\t\t\t<div class=\"elementor-element elementor-element-d85ea13 elementor-widget elementor-widget-text-editor\" data-id=\"d85ea13\" data-element_type=\"widget\" data-settings=\"{&quot;ekit_we_effect_on&quot;:&quot;none&quot;}\" data-widget_type=\"text-editor.default\">\n\t\t\t\t<div class=\"elementor-widget-container\">\n\t\t\t\t\t\t\t\t\t<strong>Bertrand<\/strong> : \u201eMein Name ist Bertrand, ich arbeite bei der Ramery-Gruppe. Ich bin operativer Leiter einer Einheit von Ramery B\u00e2timent f\u00fcr das B\u00fcro Artois-Hainaut. Ramery ist ein Hoch- und Tiefbauunternehmen, das mehrere Bereiche abdeckt. Darunter: Tiefbau, Hochbau, Fassadenbau, Innenausbau, technische Arbeiten. Wir haben ziemlich viele Spezialisierungen innerhalb der Gruppe doch unser Hauptbereich ist der Hoch- und Tiefbau.\u201c\n<p style=\"text-align: justify;\"><span data-contrast=\"auto\"><span style=\"font-weight: bolder;\">Nina<\/span> <\/span><span data-contrast=\"auto\">\u201eHallo, mein Name ist Nina, ich arbeite seit sieben Jahren als Verwaltungsassistentin bei Ramery B\u00e2timent in Avio.\u201c <\/span><\/p>\n<p style=\"text-align: justify;\"><span style=\"font-weight: bolder;\"><span data-contrast=\"auto\"><span style=\"color: #e90e4c;\">Warum haben Sie Dispatcher in Ramery eingef\u00fchrt? <\/span><\/span><\/span><\/p>\n<p style=\"text-align: justify;\"><span data-contrast=\"auto\"><span style=\"font-weight: bolder;\">Nina<\/span>: <\/span><span data-contrast=\"auto\">\u201eWir haben Dispatcher eingef\u00fchrt, weil wir vorher einfach nur Excel verwendet haben. Also eine ganz einfache Excel-Tabelle mit einer Spalte f\u00fcr ben\u00f6tigte und einer Spalte f\u00fcr zur Verf\u00fcgung stehende Ressourcen. Es war <span style=\"font-weight: bolder;\">sehr kompliziert, sich in diesem System <\/span>zurechtzufinden. \u201c<\/span><\/p>\n\u201eIn meiner Einheit treffen wir uns jeden Mittwochnachmittag, um uns \u00fcber unsere personellen und materiellen Ressourcen und die m\u00f6gliche Aufteilung auszutauschen. Die alte Methode war die Verwendung von Excel-Tabellen, die etwas m\u00fchsam zu handhaben waren und bei denen nur ich Schreibrecht hatte. Die Einsatzaufteilung erfolgte in Besprechungen mit den verschiedenen Oberbauleitern und Projektleitern. Wir brauchten zwischen 1,5 und 2 Stunden, um die ben\u00f6tigten Ressourcen auf die verschiedenen Baustellen zu verteilen.\nHeute kann mit der Verwendung von Dispatcher, jeder Bauleiter bzw. Oberbauleiter Eingaben in den Dispatcher-Planer vornehmen. Auf diese Weise l\u00e4sst sich die Besprechung am Mittwoch perfekt vorbereiten. Die Ressourcen k\u00f6nnen so bereits verteilt und der Bedarf an Ressourcen ge\u00e4u\u00dfert werden<\/span><\/p>\n<p style=\"text-align: justify;\"><span style=\"font-weight: bolder;\">Vor der Besprechung habe ich schon alles auf dem Dispatcher-Planer bereit, bin also bestens vorbereitet, kann den Bedarf antizipieren und die Ressourcen auf die verschiedenen Arbeiten verteilen. Wenn wir die Besprechung beginnen, brauchen wir 15 Minuten bis zu einer halbe Stunde, um Personal und Ressourcen den verschiedenen Baustellen zuzuweisen.<\/span>\u201c<\/span><\/p>\n<p style=\"text-align: justify;\"><span data-contrast=\"auto\"><span style=\"font-weight: bolder;\">Nina<\/span>: <\/span><span data-contrast=\"auto\">\u201e<span style=\"font-weight: bolder;\">Es ist sowohl f\u00fcr die Bauleiter als auch f\u00fcr den operativen Leiter viel einfacher. Dieses extrem einfach zu handhabende Tool war ein echter Umbruch f\u00fcr uns.<\/span>. Man kann mit einem Klick herausfinden, wer auf welcher Baustelle ist und wie lange, weil man genau wei\u00df, wie lange die Baustelle dauert \u2013 etwas, das man in der Excel-Datei nicht hatte.<\/span><\/p>\n<p style=\"text-align: justify;\">Man wei\u00df, wer im Urlaub oder auf Schulung ist, wer krank geschrieben ist und ob es aufgrund eines Arbeitsunfalls ist und f\u00fcr wie lange! Also selbst bei der Terminvereinbarung f\u00fcr eine Wiederaufnahme der Arbeit nach Krankschreibung oder nach einem Arbeitsunfall sieht man auf Dispatcher genau, wie lange die Ausfallzeit war. <span style=\"font-weight: bolder;\">Man ist nicht mehr gezwungen, eine extra Tabelle zu f\u00fchren<\/span>.<\/p>\n<p style=\"text-align: justify;\"><span data-contrast=\"auto\"><span style=\"font-weight: bolder;\">Bertrand<\/span>: <\/span><span data-contrast=\"auto\">\u201eIch werde das Beispiel dieser Baustelle nehmen. Wir befinden uns auf der Apollo Baustelle in Lens, mitten im Stadtzentrum. Eine Wohnungsbaustelle, es werden hier 120 Wohnungen und 85 Hotelzimmer gebaut. Es ist eine gro\u00dfe Baustelle, die wir mit allen Gewerken an Land gezogen haben. Es gibt mehrere Oberbauleiter bei diesem Vorhaben, insbesondere einen Oberbauleiter, der sich um den Rohbau k\u00fcmmert.<\/span><\/p>\n<p style=\"text-align: justify;\">Mithilfe<span style=\"font-weight: bolder;\">von Dispatcher kann er direkt mit der Software arbeiten und seinen Personalbedarf verwalten.<\/span> Er schafft es, diesen w\u00f6chentlich, mittelfristig und langfristig managen zu k\u00f6nnen. Also auf mehrere Monate, und sogar bis zum Ende der Bauzeit! Das erm\u00f6glicht es mir als operativem Leiter, <span style=\"font-weight: bolder;\"> diese langfristigen Bed\u00fcrfnisse einzusehen und eine umfassendere Sicht darauf zu haben.<\/span> Auch k\u00f6nnen Sie Mitarbeiter <span style=\"font-weight: bolder;\"> bei diesen Arbeiten, die einen hohen Personalbedarf erfordern, pr\u00e4ziser zuweisen.<\/span>. Wir sprechen hier von einer Mitarbeiterzahl von 40 Personen. Dies ist eine Baustelle, die f\u00fcr unser Unternehmen ziemlich wichtig ist.\u201c<\/p>\n<p style=\"text-align: justify;\"><span style=\"font-weight: bolder;\"><span data-contrast=\"auto\"><span style=\"color: #e90e4c;\">Was sind die Vorteile des Tools?<\/span><\/span><\/span><\/p>\n<p style=\"text-align: justify;\"><span data-contrast=\"auto\"><span style=\"font-weight: bolder;\">Nina<\/span> <\/span><span data-contrast=\"auto\">\u201eWenn ein Arbeiter sich in der Zeiterfassung nicht gemeldet hat, kann man direkt auf Dispatcher gehen und herausfinden, wo er sich befindet und den Bauleiter oder Oberbauleiter kontaktieren.\u201c <\/span><\/p>\n<p style=\"text-align: justify;\"><span style=\"font-weight: bolder;\"><span data-contrast=\"auto\">Bertrand : \u201eDispatcher n\u00fctzt uns wirklich, denn wir k\u00f6nnen bei allen Arbeitern zus\u00e4tzlich die Wohnorte, Qualifikationen und die verschiedenen Zertifikate (CACES) eingeben.. So gelingt es uns, die Mitarbeiter optimal passend einzusetzen. Wir haben dadurch auch die Stundens\u00e4tze auf unseren Baustellen etwas besser unter Kontrolle, weil wir wissen, dass es uns gelingt, die Arbeiter so nah wie m\u00f6glich an ihren Wohnorten einzusetzen. Dies ist ein nicht zu untersch\u00e4tzender Gewinn f\u00fcr unsere Baustellen. Und ein echter Vorteil f\u00fcr das Personalmanagement innerhalb der Gesch\u00e4ftseinheit!<\/span><span style=\"color: var( --e-global-color-text ); font-family: var( --e-global-typography-text-font-family ), Sans-serif; font-size: 1rem;\" data-contrast=\"auto\">\u201c<\/span> <\/span><\/p>\n<p style=\"text-align: justify;\"><span data-contrast=\"auto\"><span style=\"font-weight: bolder;\">Nina\u00a0<\/span>: <\/span><span data-contrast=\"auto\">\u201e<span style=\"font-weight: bolder;\">Mit einem einzigen Klick kann man jede Baustelle, jeden Arbeiter, jedes Detail finden.<\/span>. Und dazu kommen noch die Leiharbeiter. Wenn wir also z. B. zum Ausschalen einen Facharbeiter f\u00fcr Betonbau auf der Baustelle Lens Apollo ben\u00f6tigen, wird der Bedarf f\u00fcr die Baustelle vermerkt und sobald wir den Leiharbeiter gefunden haben (wenn wir einen Leiharbeiter ben\u00f6tigen, weil unser firmeneigenes Personal nicht verf\u00fcgbar ist), k\u00f6nnen wir diesen selbst hinzuf\u00fcgen, indem wir ihn in der Software anlegen, wir finden ihn dann im Dispatcher-Planer wieder und kennen auch die Dauer seines Vertrags.\u201c<\/span><\/p>\n<p style=\"text-align: justify;\"><span style=\"font-weight: bolder;\"><span data-contrast=\"auto\"><span style=\"color: #e90e4c;\">W\u00fcrden Sie Dispatcher weiterempfehlen?<\/span><\/span><\/span><\/p>\n<p style=\"text-align: justify;\"><span style=\"font-weight: bolder;\"><span data-contrast=\"auto\">Nina <\/span> <span data-contrast=\"auto\">\u201eJa, ich w\u00fcrde dieses Tool auf alle F\u00e4lle empfehlen, weil es sehr einfach zu handhaben und noch dazu farbig ist\u201c<\/span><\/span><\/p>\n<p style=\"text-align: justify;\"><span style=\"font-weight: bolder;\"><span data-contrast=\"auto\">Bertrand: <\/span><span data-contrast=\"auto\">\u201eIch bin sehr zufrieden, denn es gibt eine echte Zeitersparnis f\u00fcr mich und meine Teams. Es gibt zudem Verbesserungen bei der Personal- und Ressourcenauslastung, was von gro\u00dfer Bedeutung ist. Dar\u00fcber hinaus bringt das Tool eine Zeitersparnis bei der Organisation unserer Gesch\u00e4ftseinheit. Wir haben dank Dispatcher auch eine l\u00e4ngerfristige \u00dcbersicht \u00fcber unsere Arbeiten. Man kann in Abh\u00e4ngigkeit der Ressourcen der Gesch\u00e4ftseinheit besser f\u00fcr die einzelnen Baustellen vorausplanen. <\/span><\/span><\/p>\n<p style=\"text-align: justify;\"><span data-contrast=\"auto\">Fr\u00fcher hatten wir eine extra Excel-Tabelle, um den voraussichtlichen Zeitplan der Baustelle zu verwalten. <span style=\"font-weight: bolder;\">Heute schaffen wir, alles in Dispatcher zusammenzulegen<\/span>. Also auch Urlaub, Schulungen, voraussichtlicher Personalbedarf etc. Wir versuchen, alles mithilfe von Dispatcher zu zentralisieren!\u201c<\/span><\/p>\n<p style=\"text-align: justify;\"><span data-contrast=\"auto\">Nina <\/span> <span data-contrast=\"auto\">\u201eIch empfehle das Tool zu 100 % weiter!\u201c<\/span><\/p>\n<p style=\"text-align: justify;\"><span data-contrast=\"auto\"><span style=\"font-weight: bolder;\">Bertrand:<\/span> <\/span><span data-contrast=\"auto\">\u201eWir sind mit Dispatcher sehr zufrieden und werden versuchen, uns die Software noch besser zu eigen zu machen, um all ihre Funktionen voll auszusch\u00f6pfen und sie so korrekt wie m\u00f6glich zu nutzen.\u201c\u00a0<\/span><\/p>\t\t\t\t\t\t\t\t<\/div>\n\t\t\t\t<\/div>\n\t\t\t\t\t<\/div>\n\t\t<\/div>\n\t\t\t\t\t<\/div>\n\t\t<\/section>\n\t\t\t\t<section class=\"elementor-section elementor-top-section elementor-element elementor-element-88a5087 elementor-section-boxed elementor-section-height-default elementor-section-height-default\" data-id=\"88a5087\" data-element_type=\"section\" data-settings=\"{&quot;_ha_eqh_enable&quot;:false,&quot;ekit_has_onepagescroll_dot&quot;:&quot;yes&quot;}\">\n\t\t\t\t\t\t<div class=\"elementor-container elementor-column-gap-default\">\n\t\t\t\t\t<div class=\"elementor-column elementor-col-100 elementor-top-column elementor-element elementor-element-4ac6662\" data-id=\"4ac6662\" data-element_type=\"column\">\n\t\t\t<div class=\"elementor-widget-wrap elementor-element-populated\">\n\t\t\t\t\t\t<div class=\"elementor-element elementor-element-0378d78 elementor-widget elementor-widget-spacer\" data-id=\"0378d78\" data-element_type=\"widget\" data-settings=\"{&quot;ekit_we_effect_on&quot;:&quot;none&quot;}\" data-widget_type=\"spacer.default\">\n\t\t\t\t<div class=\"elementor-widget-container\">\n\t\t\t\t\t\t\t<div class=\"elementor-spacer\">\n\t\t\t<div class=\"elementor-spacer-inner\"><\/div>\n\t\t<\/div>\n\t\t\t\t\t\t<\/div>\n\t\t\t\t<\/div>\n\t\t\t\t\t<\/div>\n\t\t<\/div>\n\t\t\t\t\t<\/div>\n\t\t<\/section>\n\t\t\t\t<section class=\"elementor-section elementor-top-section elementor-element elementor-element-dfd3de3 elementor-section-height-min-height elementor-section-items-stretch elementor-section-boxed elementor-section-height-default\" data-id=\"dfd3de3\" data-element_type=\"section\" data-settings=\"{&quot;_ha_eqh_enable&quot;:false,&quot;ekit_has_onepagescroll_dot&quot;:&quot;yes&quot;}\">\n\t\t\t\t\t\t<div class=\"elementor-container elementor-column-gap-default\">\n\t\t\t\t\t<div class=\"elementor-column elementor-col-100 elementor-top-column elementor-element elementor-element-c88e0e8\" data-id=\"c88e0e8\" data-element_type=\"column\" data-settings=\"{&quot;background_background&quot;:&quot;classic&quot;}\">\n\t\t\t<div class=\"elementor-widget-wrap elementor-element-populated\">\n\t\t\t\t\t<div class=\"elementor-background-overlay\"><\/div>\n\t\t\t\t\t\t<div class=\"elementor-element elementor-element-a883e97 elementor-widget elementor-widget-text-editor\" data-id=\"a883e97\" data-element_type=\"widget\" data-settings=\"{&quot;ekit_we_effect_on&quot;:&quot;none&quot;}\" data-widget_type=\"text-editor.default\">\n\t\t\t\t<div class=\"elementor-widget-container\">\n\t\t\t\t\t\t\t\t\t<p>Starten Sie mit der Planung Ihrer Ressourcen!<\/p>\t\t\t\t\t\t\t\t<\/div>\n\t\t\t\t<\/div>\n\t\t\t\t<div class=\"elementor-element elementor-element-bfdf8db elementor-widget elementor-widget-text-editor\" data-id=\"bfdf8db\" data-element_type=\"widget\" data-settings=\"{&quot;ekit_we_effect_on&quot;:&quot;none&quot;}\" data-widget_type=\"text-editor.default\">\n\t\t\t\t<div class=\"elementor-widget-container\">\n\t\t\t\t\t\t\t\t\t<p><span class=\"dot-r\"><span style=\"color: #011640;\">Unsere Teams stehen Ihnen gern zur Verf\u00fcgung. <br>Teilen Sie uns Ihr Projekt mit<\/span><\/span><span style=\"color: #e7004c;\">.<\/span><\/p>\t\t\t\t\t\t\t\t<\/div>\n\t\t\t\t<\/div>\n\t\t\t\t<div class=\"elementor-element elementor-element-4c6ae6b elementor-widget elementor-widget-spacer\" data-id=\"4c6ae6b\" data-element_type=\"widget\" data-settings=\"{&quot;ekit_we_effect_on&quot;:&quot;none&quot;}\" data-widget_type=\"spacer.default\">\n\t\t\t\t<div class=\"elementor-widget-container\">\n\t\t\t\t\t\t\t<div class=\"elementor-spacer\">\n\t\t\t<div class=\"elementor-spacer-inner\"><\/div>\n\t\t<\/div>\n\t\t\t\t\t\t<\/div>\n\t\t\t\t<\/div>\n\t\t\t\t<div class=\"elementor-element elementor-element-3e702d9 elementor-align-center elementor-widget elementor-widget-button\" data-id=\"3e702d9\" data-element_type=\"widget\" data-settings=\"{&quot;ekit_we_effect_on&quot;:&quot;none&quot;}\" data-widget_type=\"button.default\">\n\t\t\t\t<div class=\"elementor-widget-container\">\n\t\t\t\t\t\t\t\t\t<div class=\"elementor-button-wrapper\">\n\t\t\t\t\t<a class=\"elementor-button elementor-button-link elementor-size-sm\" href=\"\/de\/contact\/\">\n\t\t\t\t\t\t<span class=\"elementor-button-content-wrapper\">\n\t\t\t\t\t\t\t\t\t<span class=\"elementor-button-text\">Kontaktieren Sie uns<\/span>\n\t\t\t\t\t<\/span>\n\t\t\t\t\t<\/a>\n\t\t\t\t<\/div>\n\t\t\t\t\t\t\t\t<\/div>\n\t\t\t\t<\/div>\n\t\t\t\t\t<\/div>\n\t\t<\/div>\n\t\t\t\t\t<\/div>\n\t\t<\/section>\n\t\t\t\t<section class=\"elementor-section elementor-top-section elementor-element elementor-element-b4835c9 elementor-section-boxed elementor-section-height-default elementor-section-height-default\" data-id=\"b4835c9\" data-element_type=\"section\" data-settings=\"{&quot;_ha_eqh_enable&quot;:false,&quot;ekit_has_onepagescroll_dot&quot;:&quot;yes&quot;}\">\n\t\t\t\t\t\t<div class=\"elementor-container elementor-column-gap-default\">\n\t\t\t\t\t<div class=\"elementor-column elementor-col-100 elementor-top-column elementor-element elementor-element-e2d80f5\" data-id=\"e2d80f5\" data-element_type=\"column\">\n\t\t\t<div class=\"elementor-widget-wrap elementor-element-populated\">\n\t\t\t\t\t\t<div class=\"elementor-element elementor-element-649c799 elementor-widget elementor-widget-spacer\" data-id=\"649c799\" data-element_type=\"widget\" data-settings=\"{&quot;ekit_we_effect_on&quot;:&quot;none&quot;}\" data-widget_type=\"spacer.default\">\n\t\t\t\t<div class=\"elementor-widget-container\">\n\t\t\t\t\t\t\t<div class=\"elementor-spacer\">\n\t\t\t<div class=\"elementor-spacer-inner\"><\/div>\n\t\t<\/div>\n\t\t\t\t\t\t<\/div>\n\t\t\t\t<\/div>\n\t\t\t\t\t<\/div>\n\t\t<\/div>\n\t\t\t\t\t<\/div>\n\t\t<\/section>\n\t\t\t\t<\/div>\n\t\t","protected":false},"excerpt":{"rendered":"<p>Dispatcher modernisiert die Planung von Ramery. Exklusiver Erfahrungsbericht aus dem Unternehmen Ramery, Hochbau-Abteilung. Entdecken Sie den Planer Das Unternehmen Ramery B\u00e2timent, ein treuer Kunde von Dispatcher seit bereits mehreren Jahren, l\u00e4sst uns hinter die Kulissen blicken! Hier ein exklusiver Erfahrungsbericht. Unser Team filmte auf einer ihrer aktuellen Baustellen, der Apollo-Baustelle in Lens, einem Gro\u00dfprojekt, das [&hellip;]<\/p>\n","protected":false},"author":1,"featured_media":19392,"parent":19592,"menu_order":0,"comment_status":"closed","ping_status":"closed","template":"","meta":{"_eb_attr":"","footnotes":""},"class_list":["post-19597","page","type-page","status-publish","has-post-thumbnail","hentry"],"_links":{"self":[{"href":"https:\/\/dispatcher-pro.com\/de\/wp-json\/wp\/v2\/pages\/19597","targetHints":{"allow":["GET"]}}],"collection":[{"href":"https:\/\/dispatcher-pro.com\/de\/wp-json\/wp\/v2\/pages"}],"about":[{"href":"https:\/\/dispatcher-pro.com\/de\/wp-json\/wp\/v2\/types\/page"}],"author":[{"embeddable":true,"href":"https:\/\/dispatcher-pro.com\/de\/wp-json\/wp\/v2\/users\/1"}],"replies":[{"embeddable":true,"href":"https:\/\/dispatcher-pro.com\/de\/wp-json\/wp\/v2\/comments?post=19597"}],"version-history":[{"count":0,"href":"https:\/\/dispatcher-pro.com\/de\/wp-json\/wp\/v2\/pages\/19597\/revisions"}],"up":[{"embeddable":true,"href":"https:\/\/dispatcher-pro.com\/de\/wp-json\/wp\/v2\/pages\/19592"}],"wp:featuredmedia":[{"embeddable":true,"href":"https:\/\/dispatcher-pro.com\/de\/wp-json\/wp\/v2\/media\/19392"}],"wp:attachment":[{"href":"https:\/\/dispatcher-pro.com\/de\/wp-json\/wp\/v2\/media?parent=19597"}],"curies":[{"name":"wp","href":"https:\/\/api.w.org\/{rel}","templated":true}]}}