{"id":19595,"date":"2022-01-11T10:50:54","date_gmt":"2022-01-11T09:50:54","guid":{"rendered":"https:\/\/dispatcher-pro.com\/stneilca\/tneilc-ecnei%c8%91zpxed-r%c8%95oete%c8%91-rehctapsid-x-lppt\/"},"modified":"2024-06-03T09:50:24","modified_gmt":"2024-06-03T07:50:24","slug":"tppl-offentische-arbeiten-planung","status":"publish","type":"page","link":"https:\/\/dispatcher-pro.com\/de\/kunden\/tppl-offentische-arbeiten-planung\/","title":{"rendered":"TPPL x Dispatcher \u2013 Erfahrungsbericht von Kunden"},"content":{"rendered":"\t\t<div data-elementor-type=\"wp-page\" data-elementor-id=\"19595\" class=\"elementor elementor-19595 elementor-17997\" data-elementor-settings=\"{&quot;ha_cmc_init_switcher&quot;:&quot;no&quot;}\" data-elementor-post-type=\"page\">\n\t\t\t\t\t\t<section class=\"elementor-section elementor-top-section elementor-element elementor-element-b579b31 elementor-section-content-top elementor-section-boxed elementor-section-height-default elementor-section-height-default\" data-id=\"b579b31\" data-element_type=\"section\" data-settings=\"{&quot;_ha_eqh_enable&quot;:false,&quot;ekit_has_onepagescroll_dot&quot;:&quot;yes&quot;}\">\n\t\t\t\t\t\t\t<div class=\"elementor-background-overlay\"><\/div>\n\t\t\t\t\t\t\t<div class=\"elementor-container elementor-column-gap-no\">\n\t\t\t\t\t<div class=\"elementor-column elementor-col-50 elementor-top-column elementor-element elementor-element-c60b9f6\" data-id=\"c60b9f6\" data-element_type=\"column\">\n\t\t\t<div class=\"elementor-widget-wrap elementor-element-populated\">\n\t\t\t\t\t\t<div class=\"elementor-element elementor-element-8e8785f elementor-widget elementor-widget-heading\" data-id=\"8e8785f\" data-element_type=\"widget\" data-settings=\"{&quot;ekit_we_effect_on&quot;:&quot;none&quot;}\" data-widget_type=\"heading.default\">\n\t\t\t\t<div class=\"elementor-widget-container\">\n\t\t\t\t\t<h1 class=\"elementor-heading-title elementor-size-default\">Dispatcher modernisiert die Ressourcenplanung von TPPL<font color=\"#e7004c\">.<\/font><\/h1>\t\t\t\t<\/div>\n\t\t\t\t<\/div>\n\t\t\t\t<div class=\"elementor-element elementor-element-fa77a36 elementor-widget elementor-widget-spacer\" data-id=\"fa77a36\" data-element_type=\"widget\" data-settings=\"{&quot;ekit_we_effect_on&quot;:&quot;none&quot;}\" data-widget_type=\"spacer.default\">\n\t\t\t\t<div class=\"elementor-widget-container\">\n\t\t\t\t\t\t\t<div class=\"elementor-spacer\">\n\t\t\t<div class=\"elementor-spacer-inner\"><\/div>\n\t\t<\/div>\n\t\t\t\t\t\t<\/div>\n\t\t\t\t<\/div>\n\t\t\t\t<div class=\"elementor-element elementor-element-f196530 elementor-widget elementor-widget-text-editor\" data-id=\"f196530\" data-element_type=\"widget\" data-settings=\"{&quot;ekit_we_effect_on&quot;:&quot;none&quot;}\" data-widget_type=\"text-editor.default\">\n\t\t\t\t<div class=\"elementor-widget-container\">\n\t\t\t\t\t\t\t\t\t<p>Exklusiver Erfahrungsbericht des Unternehmens TPPL zur Dispatcher-Planungsl\u00f6sung.<\/p>\t\t\t\t\t\t\t\t<\/div>\n\t\t\t\t<\/div>\n\t\t\t\t<div class=\"elementor-element elementor-element-beb2456 elementor-align-left elementor-widget elementor-widget-button\" data-id=\"beb2456\" data-element_type=\"widget\" data-settings=\"{&quot;ekit_we_effect_on&quot;:&quot;none&quot;}\" data-widget_type=\"button.default\">\n\t\t\t\t<div class=\"elementor-widget-container\">\n\t\t\t\t\t\t\t\t\t<div class=\"elementor-button-wrapper\">\n\t\t\t\t\t<a class=\"elementor-button elementor-button-link elementor-size-sm\" href=\"\/de\/ressourcenplanung\/\">\n\t\t\t\t\t\t<span class=\"elementor-button-content-wrapper\">\n\t\t\t\t\t\t\t\t\t<span class=\"elementor-button-text\">Entdecken Sie den Planer<\/span>\n\t\t\t\t\t<\/span>\n\t\t\t\t\t<\/a>\n\t\t\t\t<\/div>\n\t\t\t\t\t\t\t\t<\/div>\n\t\t\t\t<\/div>\n\t\t\t\t\t<\/div>\n\t\t<\/div>\n\t\t\t\t<div class=\"elementor-column elementor-col-50 elementor-top-column elementor-element elementor-element-c131f11\" data-id=\"c131f11\" data-element_type=\"column\">\n\t\t\t<div class=\"elementor-widget-wrap elementor-element-populated\">\n\t\t\t\t\t\t<div class=\"elementor-element elementor-element-4913a46 elementor-widget elementor-widget-image\" data-id=\"4913a46\" data-element_type=\"widget\" data-settings=\"{&quot;ekit_we_effect_on&quot;:&quot;none&quot;}\" data-widget_type=\"image.default\">\n\t\t\t\t<div class=\"elementor-widget-container\">\n\t\t\t\t\t\t\t\t\t\t\t\t\t\t\t<img fetchpriority=\"high\" decoding=\"async\" width=\"800\" height=\"588\" src=\"https:\/\/dispatcher-pro.com\/wp-content\/uploads\/2022\/01\/TPPL-Dispatcher-Experience.png\" class=\"attachment-full size-full wp-image-19456\" alt=\"TPPL Dispatcher Experience\" srcset=\"https:\/\/dispatcher-pro.com\/wp-content\/uploads\/2022\/01\/TPPL-Dispatcher-Experience.png 800w, https:\/\/dispatcher-pro.com\/wp-content\/smush-avif\/2022\/01\/TPPL-Dispatcher-Experience-300x221.png.avif 300w, https:\/\/dispatcher-pro.com\/wp-content\/smush-avif\/2022\/01\/TPPL-Dispatcher-Experience-768x564.png.avif 768w, https:\/\/dispatcher-pro.com\/wp-content\/smush-avif\/2022\/01\/TPPL-Dispatcher-Experience-600x441.png.avif 600w\" sizes=\"(max-width: 800px) 100vw, 800px\" title=\"\" data-smush-avif-fallback=\"{&quot;srcset&quot;:&quot;https:\\\/\\\/dispatcher-pro.com\\\/wp-content\\\/uploads\\\/2022\\\/01\\\/TPPL-Dispatcher-Experience.png 800w, https:\\\/\\\/dispatcher-pro.com\\\/wp-content\\\/uploads\\\/2022\\\/01\\\/TPPL-Dispatcher-Experience-300x221.png 300w, https:\\\/\\\/dispatcher-pro.com\\\/wp-content\\\/uploads\\\/2022\\\/01\\\/TPPL-Dispatcher-Experience-768x564.png 768w, https:\\\/\\\/dispatcher-pro.com\\\/wp-content\\\/uploads\\\/2022\\\/01\\\/TPPL-Dispatcher-Experience-600x441.png 600w&quot;}\">\t\t\t\t\t\t\t\t\t\t\t\t\t\t\t<\/div>\n\t\t\t\t<\/div>\n\t\t\t\t\t<\/div>\n\t\t<\/div>\n\t\t\t\t\t<\/div>\n\t\t<\/section>\n\t\t\t\t<section class=\"elementor-section elementor-top-section elementor-element elementor-element-70fd807 elementor-section-boxed elementor-section-height-default elementor-section-height-default\" data-id=\"70fd807\" data-element_type=\"section\" data-settings=\"{&quot;_ha_eqh_enable&quot;:false,&quot;ekit_has_onepagescroll_dot&quot;:&quot;yes&quot;}\">\n\t\t\t\t\t\t<div class=\"elementor-container elementor-column-gap-default\">\n\t\t\t\t\t<div class=\"elementor-column elementor-col-100 elementor-top-column elementor-element elementor-element-a6c2588\" data-id=\"a6c2588\" data-element_type=\"column\">\n\t\t\t<div class=\"elementor-widget-wrap elementor-element-populated\">\n\t\t\t\t\t\t<div class=\"elementor-element elementor-element-d8ad301 elementor-widget elementor-widget-spacer\" data-id=\"d8ad301\" data-element_type=\"widget\" data-settings=\"{&quot;ekit_we_effect_on&quot;:&quot;none&quot;}\" data-widget_type=\"spacer.default\">\n\t\t\t\t<div class=\"elementor-widget-container\">\n\t\t\t\t\t\t\t<div class=\"elementor-spacer\">\n\t\t\t<div class=\"elementor-spacer-inner\"><\/div>\n\t\t<\/div>\n\t\t\t\t\t\t<\/div>\n\t\t\t\t<\/div>\n\t\t\t\t<div class=\"elementor-element elementor-element-2af53ca elementor-widget elementor-widget-text-editor\" data-id=\"2af53ca\" data-element_type=\"widget\" data-settings=\"{&quot;ekit_we_effect_on&quot;:&quot;none&quot;}\" data-widget_type=\"text-editor.default\">\n\t\t\t\t<div class=\"elementor-widget-container\">\n\t\t\t\t\t\t\t\t\t<p><span lang=\"FR-FR\" xml:lang=\"FR-FR\" data-contrast=\"auto\">Exklusiver Erfahrungsbericht vom Unternehmen <b>TPPL<\/b>, einem treuen Kunden von Dispatcher, der sich auf Infrastrukturarbeiten spezialisiert hat. Unser Filmteam war zu Gast in den R\u00e4umen des Baub\u00fcros von TPPL in Saumur! <br \/><\/span><span lang=\"FR-FR\" xml:lang=\"FR-FR\" data-contrast=\"auto\"><b><br \/><span lang=\"FR-FR\" xml:lang=\"FR-FR\" data-contrast=\"none\"><span data-ccp-parastyle=\"heading 1\">Thomas Maudet<\/span><\/span><\/b><span lang=\"FR-FR\" data-contrast=\"none\"><span data-ccp-parastyle=\"heading 1\">, <\/span><\/span><span lang=\"FR-FR\" data-contrast=\"none\"><span data-ccp-parastyle=\"heading 1\">B\u00fcroleiter und<\/span><\/span><b><span lang=\"FR-FR\" data-contrast=\"none\"><span data-ccp-parastyle=\"heading 1\"> Herv\u00e9 <\/span><span data-ccp-parastyle=\"heading 1\">Sigogneau<\/span><\/span><\/b><span lang=\"FR-FR\" data-contrast=\"none\"><span data-ccp-parastyle=\"heading 1\">, Planungsleiter bei TPPL, berichten wie die Dispatcher-L\u00f6sung ihnen bei der t\u00e4glichen Organisation und Planung des umfassenden Personals des B\u00fcros hilft.<\/span><\/span><b> <br \/><\/b><br \/>Eine vollst\u00e4ndige Aneignung der L\u00f6sung macht<b>ihre Verwendung unverzichtbar<\/b>. Dank der Zeitersparnis, die das Tool bietet, wurde die L\u00f6sung schnell in allen anderen B\u00fcros von TPPL eingef\u00fchrt!<br \/><\/span><span lang=\"FR-FR\" xml:lang=\"FR-FR\" data-contrast=\"auto\"><i style=\"font-weight: bold;\"><br \/><\/i><b>\u201e<\/b><span lang=\"FR-FR\" data-contrast=\"none\"><span style=\"font-weight: bold;\" data-ccp-parastyle=\"heading 1\"> Seit wir Dispatcher verwenden, haben wir umfassende und verl\u00e4ssliche Informationen f\u00fcr alle Mitarbeiter<\/span><span data-ccp-parastyle=\"heading 1\"><b> des Unternehmens\u201c<\/b><\/span><\/span><\/span><\/p><p><strong>\u201eWir sparen viel Zeit.. Wirhaben in Echtzeit Zugang zu den Verf\u00fcgbarkeiten und dem Bedarf anderer B\u00fcros<\/strong>. Papier ist out, Excel ist out, ein Gewinn an Pr\u00e4zision und Effizienz!\u201c<\/p><p>Viel Spa\u00df beim Anschauen!<\/p>\t\t\t\t\t\t\t\t<\/div>\n\t\t\t\t<\/div>\n\t\t\t\t\t<\/div>\n\t\t<\/div>\n\t\t\t\t\t<\/div>\n\t\t<\/section>\n\t\t\t\t<section class=\"elementor-section elementor-top-section elementor-element elementor-element-c05f20c elementor-section-boxed elementor-section-height-default elementor-section-height-default\" data-id=\"c05f20c\" data-element_type=\"section\" data-settings=\"{&quot;_ha_eqh_enable&quot;:false,&quot;ekit_has_onepagescroll_dot&quot;:&quot;yes&quot;}\">\n\t\t\t\t\t\t<div class=\"elementor-container elementor-column-gap-default\">\n\t\t\t\t\t<div class=\"elementor-column elementor-col-100 elementor-top-column elementor-element elementor-element-c30f26a\" data-id=\"c30f26a\" data-element_type=\"column\">\n\t\t\t<div class=\"elementor-widget-wrap elementor-element-populated\">\n\t\t\t\t\t\t<div class=\"elementor-element elementor-element-165a862 elementor-widget elementor-widget-text-editor\" data-id=\"165a862\" data-element_type=\"widget\" data-settings=\"{&quot;ekit_we_effect_on&quot;:&quot;none&quot;}\" data-widget_type=\"text-editor.default\">\n\t\t\t\t<div class=\"elementor-widget-container\">\n\t\t\t\t\t\t\t\t\t<p style=\"text-align: justify;\"><strong>Thomas <\/strong>: \u201eGuten Tag, ich bin <strong>Thomas Maudet<\/strong>, B\u00fcroleiter von TPPL Saumur. TPPL ist ein Unternehmen, das zur Nivet-Gruppe geh\u00f6rt, ein Tiefbau-Unternehmen mit eigenen Steinbr\u00fcchen und Asphaltmischanlagen, das drei Gesch\u00e4ftseinheiten besitzt.<\/p><p>Ich leite das Baub\u00fcro in Saumur seit 2013. Wir verf\u00fcgen in diesem B\u00fcro \u00fcber einen umfangreichen Maschinenpark mit Stra\u00dfenbaumaschinen, Erdbewegungsmaschinen, Maschinen f\u00fcr Bodenbearbeitungs- und Kanalisationsarbeiten&#8230; Wir m\u00fcssen diesen Bestand optimal auslasten und verf\u00fcgen daher in jeder Gesch\u00e4ftseinheit \u00fcber Personal, das f\u00fcr die Materialplanung zust\u00e4ndig ist.\u201c<\/p><p><b>Herv\u00e9<\/b>: \u201eGuten Tag, mein Name ist <b>Herv\u00e9 Sigogneau<\/b>. Ich bin seit nunmehr 30 Jahren bei TPPL Saumur und seit gut 20 Jahren als Disponent f\u00fcr die Planung zust\u00e4ndig. In den ersten zehn Jahren war ich als Bauleiter angestellt und voll im operativen Geschehen vor Ort auf der Baustelle involviert.\u201c Warum haben Sie Dispatcher bei TPPL eingef\u00fchrt?<\/p><p><span style=\"color: #e90e4c; font-weight: bold; font-family: var( --e-global-typography-text-font-family ), Sans-serif; font-size: 1rem;\">Warum haben Sie Dispatcher bei TPPL eingef\u00fchrt?<\/span><\/p><p><b>Thomas<\/b>: \u201eIch habe Dispatcher im Internet gefunden, und Maxime Guesn\u00e9 hat uns im Handumdrehen eine Top-Pr\u00e4sentation geliefert. Maxime hat uns sofort \u00fcberzeugt und war mit seinen Teams sehr effizient, um unseren Anforderungen f\u00fcr unsere Mitarbeiter gerecht zu werden.<\/p><p>Bevor es Dispatcher gab funktionierte unsere Planung \u00fcber den Austausch zahlreicher Excel-Dateien per E-Mail. Wir hatten \u00fcberall Papieraush\u00e4nge f\u00fcr unsere Mitarbeiterinnen und Mitarbeiter. Und vor allem hatten wir unsere Besprechung am Donnerstagmorgen, bei der die Teilnehmer immer viele Kilometer zur\u00fccklegen mussten, da wir zwischen den Standorten Angers, Saumur und Tours wechselten. Das bedeutete einen enormen Zeitaufwand.<\/p><p>Vor diesem Hintergrund haben wir ab 2019 nach einer einfacheren L\u00f6sung gesucht, die eine umfassende und zuverl\u00e4ssige Informationsanzeige f\u00fcr unsere Mitarbeiter erm\u00f6glicht und es uns erlaubt, die Auslastung unseres Maschinenparks und den Informationsaustausch zwischen den B\u00fcros zu optimieren.\u201c<br \/><b><br \/>Herv\u00e9<\/b>: \u201eAlso was den Planungsteil angeht, hatten wir immer donnerstags unseren Planungstag. Fr\u00fcher haben wir das alles mit Excel-Dateien gemacht, und zwar \u00fcber den gesamten Bereich Personal, Baumaschinen und Asphalt. Wir hatten an diesem Tag immer eine Besprechung. Danach habe ich die gesamte Baumaschinen- und Materialplanung in A3-Format ausgeh\u00e4ngt. Heute l\u00e4uft alles ganz anders.\u201c<\/p><p>\u201e<b>Der Hauptunterschied ist: die Zeiten von Papier sind vorbei. Wir k\u00f6nnen die Daten aller drei B\u00fcros in Moz\u00e9, Tours und Saumur direkt ablesen, so dass ich vor der Einsatzplanung unserer eigenen Ressourcen sehen kann, ob es in den anderen B\u00fcros noch freie Kapazit\u00e4ten gibt<\/b>.\u201c<\/p><p>\u201eMan hat den Echtzeit\u00fcberblick \u00fcber wichtige Maschinen wie \u00fcber die gro\u00dfen Raupenbagger und Gro\u00dffr\u00e4sen, insbesondere \u00fcber mehrere Wochen, mehrere Monate. Das erm\u00f6glicht es uns, Baustellen bei Bedarf im Voraus zu verschieben. Wenn wir merken, dass es Konflikte gibt, versuchen wir, die Dinge zu schieben, sie zu verlagern <b>Mit Dispatcher verschafft man sich ein Bild in Echtzeit, und wenn jemand eine \u00c4nderung vornimmt, wird das sofort \u00fcbertragen<\/b>.\u201c<\/p><p>\u201eWir m\u00fcssen also nur die Balken verschieben, wir k\u00f6nnen Kommentare hinzuf\u00fcgen und vieles mehr. All dies wird f\u00fcr den Baumaschinenteil auf dem TV-Bildschirm angezeigt. Unsere Mitarbeiter geben also jeden Abend ihren Bericht ab, sehen die Oberbauleiter und mich und nehmen dann ihre Anweisungen \u00fcber den TV-Bildschirm entgegen, der gegen\u00fcber von meinem B\u00fcro h\u00e4ngt.\u201c<\/p><p><b>\u201eVorbei die Zeiten von Papierdokumenten und Excel-Dateien, ein echter Gewinn an Pr\u00e4zision und Effizienz!\u201c<\/b><\/p><p><span style=\"color: #e90e4c; font-weight: bold; font-family: var( --e-global-typography-text-font-family ), Sans-serif; font-size: 1rem;\">Was f\u00fcr Erfahrungen haben Sie gemacht? <\/span><\/p><p><b>Thomas<\/b>: \u201e<b>Seitdem wir Dispatcher verwenden, haben wir umfassende und verl\u00e4ssliche Informationen f\u00fcr alle Mitarbeiter des Unternehmens. Wir sparen auch viel Zeit bei der Planung, da wir in Echtzeit auf die Planung der anderen B\u00fcros zugreifen k\u00f6nnen und so auf deren Verf\u00fcgbarkeiten und Bedarf.<\/b>. Und wir m\u00fcssen nicht mehr unz\u00e4hlige E-Mails mit den Verf\u00fcgbarkeiten und dem Bedarf hin- und herschicken.\u201c<\/p><p><b>Herv\u00e9<\/b>: \u201eAlso das Feedback, das l\u00e4sst sich schnell formulieren. Ich und alle Mitarbeiter sind aus mehreren Gr\u00fcnden sehr zufrieden mit dem Produkt: <b> vor allem wegen der Genauigkeit und Qualit\u00e4t der Informationen, <\/b><b><\/b><b>und der M\u00f6glichkeit, einfach Ver\u00e4nderungen vorzunehmen.<\/b> Wirklich das perfekte Tool f\u00fcr uns.\u201c<\/p><p>\u201eWenn es wirklich einmal ein Problem gibt, hat man dank der Hotline sofort eine Person, die das Problem l\u00f6st. Also ja, wir sind mit dem Produkt sehr zufrieden.\u201c<\/p><p><span style=\"color: #e90e4c; font-weight: bold; font-family: var( --e-global-typography-text-font-family ), Sans-serif; font-size: 1rem;\">W\u00fcrden Sie Dispatcher weiterempfehlen?<\/span><\/p><p><b>Thomas<\/b>: \u201eIch empfehle Dispatcher gern weiter, da es sich um eine sehr benutzerfreundliche L\u00f6sung handelt, die mit anderen digitalen L\u00f6sungen wie einem ERP-System vernetzt werden kann, und da die regelm\u00e4\u00dfigen Updates systematisch auf unsere Bed\u00fcrfnisse eingehen.\u201c<\/p><p>\u201eIn K\u00fcrze werden wir das Zertifizierungsmodul ausprobieren. Und wir werden Dispatcher mit der Zeiterfassungsanwendung f\u00fcr unsere Bauleiter koppeln. Langfristig tauschen wir uns regelm\u00e4\u00dfig mit Dispatcher aus, um unsere neuen Anforderungen zu ber\u00fccksichtigen, und wir sind sehr zuversichtlich, dass Dispatcher in der Lage ist, diese zu erf\u00fcllen.\u201c<\/p><p><b>Herv\u00e9<\/b>: \u201eIch kann Dispatcher nur weiterempfehlen, da die L\u00f6sung sehr effizient, reaktionsschnell und \u00fcbersichtlich ist. Man kann mit einem Kunden am Telefon sein, gleichzeitig auf Dispatcher nachschauen und dem Kunden sofort eine Antwort geben &#8230; und bei Bedarf eine Arbeit verschieben.\u201c<\/p><p>\u201e<b>Die Anzeige ist qualitativ hochwertig. Unsere Besch\u00e4ftigten haben sich schnell eingew\u00f6hnt. Ich kann das Tool Dispatcher also jedem Unternehmen mit kurz-, mittel- und langfristigem Planungsbedarf aufgrund seiner Effizienz nur weiterempfehlen.<\/b>.\u201c<\/p>\t\t\t\t\t\t\t\t<\/div>\n\t\t\t\t<\/div>\n\t\t\t\t\t<\/div>\n\t\t<\/div>\n\t\t\t\t\t<\/div>\n\t\t<\/section>\n\t\t\t\t<section class=\"elementor-section elementor-top-section elementor-element elementor-element-fee1f1d elementor-section-boxed elementor-section-height-default elementor-section-height-default\" data-id=\"fee1f1d\" data-element_type=\"section\" data-settings=\"{&quot;_ha_eqh_enable&quot;:false,&quot;ekit_has_onepagescroll_dot&quot;:&quot;yes&quot;}\">\n\t\t\t\t\t\t<div class=\"elementor-container elementor-column-gap-default\">\n\t\t\t\t\t<div class=\"elementor-column elementor-col-100 elementor-top-column elementor-element elementor-element-ad112e0\" data-id=\"ad112e0\" data-element_type=\"column\">\n\t\t\t<div class=\"elementor-widget-wrap elementor-element-populated\">\n\t\t\t\t\t\t<div class=\"elementor-element elementor-element-e6972f6 elementor-widget elementor-widget-spacer\" data-id=\"e6972f6\" data-element_type=\"widget\" data-settings=\"{&quot;ekit_we_effect_on&quot;:&quot;none&quot;}\" data-widget_type=\"spacer.default\">\n\t\t\t\t<div class=\"elementor-widget-container\">\n\t\t\t\t\t\t\t<div class=\"elementor-spacer\">\n\t\t\t<div class=\"elementor-spacer-inner\"><\/div>\n\t\t<\/div>\n\t\t\t\t\t\t<\/div>\n\t\t\t\t<\/div>\n\t\t\t\t\t<\/div>\n\t\t<\/div>\n\t\t\t\t\t<\/div>\n\t\t<\/section>\n\t\t\t\t<section class=\"elementor-section elementor-top-section elementor-element elementor-element-a054dd0 elementor-section-height-min-height elementor-section-items-stretch elementor-section-boxed elementor-section-height-default\" data-id=\"a054dd0\" data-element_type=\"section\" data-settings=\"{&quot;_ha_eqh_enable&quot;:false,&quot;ekit_has_onepagescroll_dot&quot;:&quot;yes&quot;}\">\n\t\t\t\t\t\t<div class=\"elementor-container elementor-column-gap-default\">\n\t\t\t\t\t<div class=\"elementor-column elementor-col-100 elementor-top-column elementor-element elementor-element-5575732\" data-id=\"5575732\" data-element_type=\"column\" data-settings=\"{&quot;background_background&quot;:&quot;classic&quot;}\">\n\t\t\t<div class=\"elementor-widget-wrap elementor-element-populated\">\n\t\t\t\t\t<div class=\"elementor-background-overlay\"><\/div>\n\t\t\t\t\t\t<div class=\"elementor-element elementor-element-23aacfa elementor-widget elementor-widget-text-editor\" data-id=\"23aacfa\" data-element_type=\"widget\" data-settings=\"{&quot;ekit_we_effect_on&quot;:&quot;none&quot;}\" data-widget_type=\"text-editor.default\">\n\t\t\t\t<div class=\"elementor-widget-container\">\n\t\t\t\t\t\t\t\t\t<p>Starten Sie mit der Planung Ihrer Ressourcen!<\/p>\t\t\t\t\t\t\t\t<\/div>\n\t\t\t\t<\/div>\n\t\t\t\t<div class=\"elementor-element elementor-element-270c40a elementor-widget elementor-widget-text-editor\" data-id=\"270c40a\" data-element_type=\"widget\" data-settings=\"{&quot;ekit_we_effect_on&quot;:&quot;none&quot;}\" data-widget_type=\"text-editor.default\">\n\t\t\t\t<div class=\"elementor-widget-container\">\n\t\t\t\t\t\t\t\t\t<p><span class=\"dot-r\"><span style=\"color: #011640;\">Wenn Sie einmal unseren Planer genutzt haben, <br>werden Sie ihn nicht mehr missen wollen<\/span><\/span><span style=\"color: #e7004c;\">.<\/span><\/p>\t\t\t\t\t\t\t\t<\/div>\n\t\t\t\t<\/div>\n\t\t\t\t<div class=\"elementor-element elementor-element-07f44c0 elementor-widget elementor-widget-spacer\" data-id=\"07f44c0\" data-element_type=\"widget\" data-settings=\"{&quot;ekit_we_effect_on&quot;:&quot;none&quot;}\" data-widget_type=\"spacer.default\">\n\t\t\t\t<div class=\"elementor-widget-container\">\n\t\t\t\t\t\t\t<div class=\"elementor-spacer\">\n\t\t\t<div class=\"elementor-spacer-inner\"><\/div>\n\t\t<\/div>\n\t\t\t\t\t\t<\/div>\n\t\t\t\t<\/div>\n\t\t\t\t<div class=\"elementor-element elementor-element-9a81657 elementor-align-center elementor-widget elementor-widget-button\" data-id=\"9a81657\" data-element_type=\"widget\" data-settings=\"{&quot;ekit_we_effect_on&quot;:&quot;none&quot;}\" data-widget_type=\"button.default\">\n\t\t\t\t<div class=\"elementor-widget-container\">\n\t\t\t\t\t\t\t\t\t<div class=\"elementor-button-wrapper\">\n\t\t\t\t\t<a class=\"elementor-button elementor-button-link elementor-size-sm\" href=\"\/de\/contact\/\">\n\t\t\t\t\t\t<span class=\"elementor-button-content-wrapper\">\n\t\t\t\t\t\t\t\t\t<span class=\"elementor-button-text\">Kontaktieren Sie uns<\/span>\n\t\t\t\t\t<\/span>\n\t\t\t\t\t<\/a>\n\t\t\t\t<\/div>\n\t\t\t\t\t\t\t\t<\/div>\n\t\t\t\t<\/div>\n\t\t\t\t\t<\/div>\n\t\t<\/div>\n\t\t\t\t\t<\/div>\n\t\t<\/section>\n\t\t\t\t<section class=\"elementor-section elementor-top-section elementor-element elementor-element-8cdf350 elementor-section-boxed elementor-section-height-default elementor-section-height-default\" data-id=\"8cdf350\" data-element_type=\"section\" data-settings=\"{&quot;_ha_eqh_enable&quot;:false,&quot;ekit_has_onepagescroll_dot&quot;:&quot;yes&quot;}\">\n\t\t\t\t\t\t<div class=\"elementor-container elementor-column-gap-default\">\n\t\t\t\t\t<div class=\"elementor-column elementor-col-100 elementor-top-column elementor-element elementor-element-1989bc8\" data-id=\"1989bc8\" data-element_type=\"column\">\n\t\t\t<div class=\"elementor-widget-wrap elementor-element-populated\">\n\t\t\t\t\t\t<div class=\"elementor-element elementor-element-6375b3e elementor-widget elementor-widget-spacer\" data-id=\"6375b3e\" data-element_type=\"widget\" data-settings=\"{&quot;ekit_we_effect_on&quot;:&quot;none&quot;}\" data-widget_type=\"spacer.default\">\n\t\t\t\t<div class=\"elementor-widget-container\">\n\t\t\t\t\t\t\t<div class=\"elementor-spacer\">\n\t\t\t<div class=\"elementor-spacer-inner\"><\/div>\n\t\t<\/div>\n\t\t\t\t\t\t<\/div>\n\t\t\t\t<\/div>\n\t\t\t\t\t<\/div>\n\t\t<\/div>\n\t\t\t\t\t<\/div>\n\t\t<\/section>\n\t\t\t\t<\/div>\n\t\t","protected":false},"excerpt":{"rendered":"<p>Dispatcher modernisiert die Ressourcenplanung von TPPL. Exklusiver Erfahrungsbericht des Unternehmens TPPL zur Dispatcher-Planungsl\u00f6sung. Entdecken Sie den Planer Exklusiver Erfahrungsbericht vom Unternehmen TPPL, einem treuen Kunden von Dispatcher, der sich auf Infrastrukturarbeiten spezialisiert hat. Unser Filmteam war zu Gast in den R\u00e4umen des Baub\u00fcros von TPPL in Saumur! Thomas Maudet, B\u00fcroleiter und Herv\u00e9 Sigogneau, Planungsleiter bei [&hellip;]<\/p>\n","protected":false},"author":1,"featured_media":19456,"parent":19592,"menu_order":0,"comment_status":"closed","ping_status":"closed","template":"","meta":{"_eb_attr":"","footnotes":""},"class_list":["post-19595","page","type-page","status-publish","has-post-thumbnail","hentry"],"_links":{"self":[{"href":"https:\/\/dispatcher-pro.com\/de\/wp-json\/wp\/v2\/pages\/19595","targetHints":{"allow":["GET"]}}],"collection":[{"href":"https:\/\/dispatcher-pro.com\/de\/wp-json\/wp\/v2\/pages"}],"about":[{"href":"https:\/\/dispatcher-pro.com\/de\/wp-json\/wp\/v2\/types\/page"}],"author":[{"embeddable":true,"href":"https:\/\/dispatcher-pro.com\/de\/wp-json\/wp\/v2\/users\/1"}],"replies":[{"embeddable":true,"href":"https:\/\/dispatcher-pro.com\/de\/wp-json\/wp\/v2\/comments?post=19595"}],"version-history":[{"count":0,"href":"https:\/\/dispatcher-pro.com\/de\/wp-json\/wp\/v2\/pages\/19595\/revisions"}],"up":[{"embeddable":true,"href":"https:\/\/dispatcher-pro.com\/de\/wp-json\/wp\/v2\/pages\/19592"}],"wp:featuredmedia":[{"embeddable":true,"href":"https:\/\/dispatcher-pro.com\/de\/wp-json\/wp\/v2\/media\/19456"}],"wp:attachment":[{"href":"https:\/\/dispatcher-pro.com\/de\/wp-json\/wp\/v2\/media?parent=19595"}],"curies":[{"name":"wp","href":"https:\/\/api.w.org\/{rel}","templated":true}]}}