{"id":19561,"date":"2021-01-26T13:29:00","date_gmt":"2021-01-26T12:29:00","guid":{"rendered":"https:\/\/dispatcher-pro.com\/rehctapsid-goelb\/segangioemzt\/"},"modified":"2022-07-28T10:45:45","modified_gmt":"2022-07-28T08:45:45","slug":"kundenreferenzen","status":"publish","type":"page","link":"https:\/\/dispatcher-pro.com\/de\/blog\/kundenreferenzen\/","title":{"rendered":"Erfahrungsberichte"},"content":{"rendered":"\t\t<div data-elementor-type=\"wp-page\" data-elementor-id=\"19561\" class=\"elementor elementor-19561 elementor-6700\" data-elementor-settings=\"{&quot;ha_cmc_init_switcher&quot;:&quot;no&quot;}\" data-elementor-post-type=\"page\">\n\t\t\t\t\t\t<section class=\"elementor-section elementor-top-section elementor-element elementor-element-8b36a29 elementor-section-height-min-height elementor-section-content-middle elementor-section-boxed elementor-section-height-default elementor-section-items-middle\" data-id=\"8b36a29\" data-element_type=\"section\" data-settings=\"{&quot;background_background&quot;:&quot;classic&quot;,&quot;_ha_eqh_enable&quot;:false,&quot;ekit_has_onepagescroll_dot&quot;:&quot;yes&quot;}\">\n\t\t\t\t\t\t<div class=\"elementor-container elementor-column-gap-default\">\n\t\t\t\t\t<div class=\"elementor-column elementor-col-100 elementor-top-column elementor-element elementor-element-dde6b1e\" data-id=\"dde6b1e\" data-element_type=\"column\">\n\t\t\t<div class=\"elementor-widget-wrap elementor-element-populated\">\n\t\t\t\t\t\t<div class=\"elementor-element elementor-element-4675d22 elementor-widget elementor-widget-heading\" data-id=\"4675d22\" data-element_type=\"widget\" data-settings=\"{&quot;ekit_we_effect_on&quot;:&quot;none&quot;}\" data-widget_type=\"heading.default\">\n\t\t\t\t<div class=\"elementor-widget-container\">\n\t\t\t\t\t<h1 class=\"elementor-heading-title elementor-size-medium\"><a href=\"https:\/\/dispatcher-pro.com\/de\/blog\/\"><span class=\"dot-r\"><font color=\"#202945\">Unsere Kundenstimmen<\/font>.<\/span><\/a><\/h1>\t\t\t\t<\/div>\n\t\t\t\t<\/div>\n\t\t\t\t<div class=\"elementor-element elementor-element-1de9b10 elementor-widget elementor-widget-text-editor\" data-id=\"1de9b10\" data-element_type=\"widget\" data-settings=\"{&quot;ekit_we_effect_on&quot;:&quot;none&quot;}\" data-widget_type=\"text-editor.default\">\n\t\t\t\t<div class=\"elementor-widget-container\">\n\t\t\t\t\t\t\t\t\t<h6>Lesen Sie die positiven R\u00fcckmeldungen unserer Kunden zu unserer Planungsl\u00f6sung.<\/h6>\t\t\t\t\t\t\t\t<\/div>\n\t\t\t\t<\/div>\n\t\t\t\t\t<\/div>\n\t\t<\/div>\n\t\t\t\t\t<\/div>\n\t\t<\/section>\n\t\t\t\t<section class=\"elementor-section elementor-top-section elementor-element elementor-element-22efec77 elementor-section-boxed elementor-section-height-default elementor-section-height-default\" data-id=\"22efec77\" data-element_type=\"section\" data-settings=\"{&quot;background_background&quot;:&quot;classic&quot;,&quot;_ha_eqh_enable&quot;:false,&quot;ekit_has_onepagescroll_dot&quot;:&quot;yes&quot;}\">\n\t\t\t\t\t\t<div class=\"elementor-container elementor-column-gap-default\">\n\t\t\t\t\t<div class=\"elementor-column elementor-col-100 elementor-top-column elementor-element elementor-element-343ceb9a\" data-id=\"343ceb9a\" data-element_type=\"column\">\n\t\t\t<div class=\"elementor-widget-wrap elementor-element-populated\">\n\t\t\t\t\t\t<div class=\"elementor-element elementor-element-3f82d268 elementor-nav-menu__align-center elementor-nav-menu--dropdown-none elementor-widget elementor-widget-nav-menu\" data-id=\"3f82d268\" data-element_type=\"widget\" data-settings=\"{&quot;submenu_icon&quot;:{&quot;value&quot;:&quot;&lt;i class=\\&quot;fas fa-chevron-down\\&quot;&gt;&lt;\\\/i&gt;&quot;,&quot;library&quot;:&quot;fa-solid&quot;},&quot;layout&quot;:&quot;horizontal&quot;,&quot;ekit_we_effect_on&quot;:&quot;none&quot;}\" data-widget_type=\"nav-menu.default\">\n\t\t\t\t<div class=\"elementor-widget-container\">\n\t\t\t\t\t\t\t\t<nav aria-label=\"Men\u00fc\" class=\"elementor-nav-menu--main elementor-nav-menu__container elementor-nav-menu--layout-horizontal e--pointer-overline e--animation-fade\">\n\t\t\t\t<ul id=\"menu-1-3f82d268\" class=\"elementor-nav-menu\"><li class=\"menu-item menu-item-type-custom menu-item-object-custom menu-item-23435\"><a href=\"\/de\/blog\/posts\/\" class=\"elementor-item\">Posts<\/a><\/li>\n<li class=\"menu-item menu-item-type-custom menu-item-object-custom menu-item-23433\"><a href=\"\/de\/blog\/news\/\" class=\"elementor-item\">News Dispatcher<\/a><\/li>\n<li class=\"menu-item menu-item-type-custom menu-item-object-custom menu-item-23434\"><a href=\"\/de\/blog\/kundenreferenzen\/\" class=\"elementor-item\">Kundenreferenzen<\/a><\/li>\n<\/ul>\t\t\t<\/nav>\n\t\t\t\t\t\t<nav class=\"elementor-nav-menu--dropdown elementor-nav-menu__container\" aria-hidden=\"true\">\n\t\t\t\t<ul id=\"menu-2-3f82d268\" class=\"elementor-nav-menu\"><li class=\"menu-item menu-item-type-custom menu-item-object-custom menu-item-23435\"><a href=\"\/de\/blog\/posts\/\" class=\"elementor-item\" tabindex=\"-1\">Posts<\/a><\/li>\n<li class=\"menu-item menu-item-type-custom menu-item-object-custom menu-item-23433\"><a href=\"\/de\/blog\/news\/\" class=\"elementor-item\" tabindex=\"-1\">News Dispatcher<\/a><\/li>\n<li class=\"menu-item menu-item-type-custom menu-item-object-custom menu-item-23434\"><a href=\"\/de\/blog\/kundenreferenzen\/\" class=\"elementor-item\" tabindex=\"-1\">Kundenreferenzen<\/a><\/li>\n<\/ul>\t\t\t<\/nav>\n\t\t\t\t\t\t<\/div>\n\t\t\t\t<\/div>\n\t\t\t\t\t<\/div>\n\t\t<\/div>\n\t\t\t\t\t<\/div>\n\t\t<\/section>\n\t\t\t\t<section class=\"elementor-section elementor-top-section elementor-element elementor-element-8b1f513 elementor-section-boxed elementor-section-height-default elementor-section-height-default\" data-id=\"8b1f513\" data-element_type=\"section\" data-settings=\"{&quot;background_background&quot;:&quot;classic&quot;,&quot;_ha_eqh_enable&quot;:false,&quot;ekit_has_onepagescroll_dot&quot;:&quot;yes&quot;}\">\n\t\t\t\t\t\t<div class=\"elementor-container elementor-column-gap-default\">\n\t\t\t\t\t<div class=\"elementor-column elementor-col-100 elementor-top-column elementor-element elementor-element-8e7ce52\" data-id=\"8e7ce52\" data-element_type=\"column\">\n\t\t\t<div class=\"elementor-widget-wrap elementor-element-populated\">\n\t\t\t\t\t\t<div class=\"elementor-element elementor-element-c6fb550 elementor-grid-3 elementor-grid-tablet-2 elementor-grid-mobile-1 elementor-posts--thumbnail-top elementor-card-shadow-yes elementor-posts__hover-gradient elementor-widget elementor-widget-posts\" data-id=\"c6fb550\" data-element_type=\"widget\" data-settings=\"{&quot;cards_columns&quot;:&quot;3&quot;,&quot;cards_columns_tablet&quot;:&quot;2&quot;,&quot;cards_columns_mobile&quot;:&quot;1&quot;,&quot;cards_row_gap&quot;:{&quot;unit&quot;:&quot;px&quot;,&quot;size&quot;:35,&quot;sizes&quot;:[]},&quot;cards_row_gap_tablet&quot;:{&quot;unit&quot;:&quot;px&quot;,&quot;size&quot;:&quot;&quot;,&quot;sizes&quot;:[]},&quot;cards_row_gap_mobile&quot;:{&quot;unit&quot;:&quot;px&quot;,&quot;size&quot;:&quot;&quot;,&quot;sizes&quot;:[]},&quot;ekit_we_effect_on&quot;:&quot;none&quot;}\" data-widget_type=\"posts.cards\">\n\t\t\t\t<div class=\"elementor-widget-container\">\n\t\t\t\t\t\t\t<div class=\"elementor-posts-container elementor-posts elementor-posts--skin-cards elementor-grid\">\n\t\t\t\t<article class=\"elementor-post elementor-grid-item post-23258 page type-page status-publish has-post-thumbnail hentry\">\n\t\t\t<div class=\"elementor-post__card\">\n\t\t\t\t<a class=\"elementor-post__thumbnail__link\" href=\"https:\/\/dispatcher-pro.com\/de\/kunden\/dvf-planung-arbeiten-eisenbahn-gleisbau\/\" tabindex=\"-1\" ><div class=\"elementor-post__thumbnail\"><img fetchpriority=\"high\" decoding=\"async\" width=\"768\" height=\"564\" src=\"https:\/\/dispatcher-pro.com\/wp-content\/smush-avif\/2022\/03\/TEMOIGNAGE-DVF-768x564.png.avif\" class=\"attachment-medium_large size-medium_large wp-image-20295\" alt=\"TEMOIGNAGE DVF\" srcset=\"https:\/\/dispatcher-pro.com\/wp-content\/smush-avif\/2022\/03\/TEMOIGNAGE-DVF-768x564.png.avif 768w, https:\/\/dispatcher-pro.com\/wp-content\/smush-avif\/2022\/03\/TEMOIGNAGE-DVF-300x220.png.avif 300w, https:\/\/dispatcher-pro.com\/wp-content\/uploads\/2022\/03\/TEMOIGNAGE-DVF.png 1024w\" sizes=\"(max-width: 768px) 100vw, 768px\" title=\"\" data-smush-avif-fallback=\"{&quot;src&quot;:&quot;https:\\\/\\\/dispatcher-pro.com\\\/wp-content\\\/uploads\\\/2022\\\/03\\\/TEMOIGNAGE-DVF-768x564.png&quot;,&quot;srcset&quot;:&quot;https:\\\/\\\/dispatcher-pro.com\\\/wp-content\\\/uploads\\\/2022\\\/03\\\/TEMOIGNAGE-DVF-768x564.png 768w, https:\\\/\\\/dispatcher-pro.com\\\/wp-content\\\/uploads\\\/2022\\\/03\\\/TEMOIGNAGE-DVF-300x220.png 300w, https:\\\/\\\/dispatcher-pro.com\\\/wp-content\\\/uploads\\\/2022\\\/03\\\/TEMOIGNAGE-DVF.png 1024w&quot;}\"><\/div><\/a>\n\t\t\t\t<div class=\"elementor-post__text\">\n\t\t\t\t<h2 class=\"elementor-post__title\">\n\t\t\t<a href=\"https:\/\/dispatcher-pro.com\/de\/kunden\/dvf-planung-arbeiten-eisenbahn-gleisbau\/\" >\n\t\t\t\tDVF x Dispatcher &#8211; Kundenerfahrung\t\t\t<\/a>\n\t\t<\/h2>\n\t\t\t\t<div class=\"elementor-post__excerpt\">\n\t\t\t<p>Eine effiziente L\u00f6sung f\u00fcr die Planung der DVF-Gruppe. Exklusiver Erfahrungsbericht der DVF-Gruppe zur Dispatcher-Planungsl\u00f6sung. Entdecken Sie den Planer Dispatcher teilt mit Ihnen den exklusiven Erfahrungsbericht<\/p>\n\t\t<\/div>\n\t\t\n\t\t<a class=\"elementor-post__read-more\" href=\"https:\/\/dispatcher-pro.com\/de\/kunden\/dvf-planung-arbeiten-eisenbahn-gleisbau\/\" aria-label=\"Read more about DVF x Dispatcher &#8211; Kundenerfahrung\" tabindex=\"-1\" >\n\t\t\tWeiterlesen\t\t<\/a>\n\n\t\t\t\t<\/div>\n\t\t\t\t<div class=\"elementor-post__meta-data\">\n\t\t\t\t\t<span class=\"elementor-post-date\">\n\t\t\t29 M\u00e4rz 2022\t\t<\/span>\n\t\t\t\t<\/div>\n\t\t\t\t\t<\/div>\n\t\t<\/article>\n\t\t\t\t<article class=\"elementor-post elementor-grid-item post-19595 page type-page status-publish has-post-thumbnail hentry\">\n\t\t\t<div class=\"elementor-post__card\">\n\t\t\t\t<a class=\"elementor-post__thumbnail__link\" href=\"https:\/\/dispatcher-pro.com\/de\/kunden\/tppl-offentische-arbeiten-planung\/\" tabindex=\"-1\" ><div class=\"elementor-post__thumbnail\"><img decoding=\"async\" width=\"768\" height=\"564\" data-src=\"https:\/\/dispatcher-pro.com\/wp-content\/smush-avif\/2022\/01\/TPPL-Dispatcher-Experience-768x564.png.avif\" class=\"attachment-medium_large size-medium_large wp-image-19456 lazyload\" alt=\"TPPL Dispatcher Experience\" data-srcset=\"https:\/\/dispatcher-pro.com\/wp-content\/smush-avif\/2022\/01\/TPPL-Dispatcher-Experience-768x564.png.avif 768w, https:\/\/dispatcher-pro.com\/wp-content\/smush-avif\/2022\/01\/TPPL-Dispatcher-Experience-300x221.png.avif 300w, https:\/\/dispatcher-pro.com\/wp-content\/smush-avif\/2022\/01\/TPPL-Dispatcher-Experience-600x441.png.avif 600w, https:\/\/dispatcher-pro.com\/wp-content\/uploads\/2022\/01\/TPPL-Dispatcher-Experience.png 800w\" data-sizes=\"(max-width: 768px) 100vw, 768px\" title=\"\" src=\"data:image\/gif;base64,R0lGODlhAQABAAAAACH5BAEKAAEALAAAAAABAAEAAAICTAEAOw==\" style=\"--smush-placeholder-width: 768px; --smush-placeholder-aspect-ratio: 768\/564;\" data-smush-avif-fallback=\"{&quot;data-src&quot;:&quot;https:\\\/\\\/dispatcher-pro.com\\\/wp-content\\\/uploads\\\/2022\\\/01\\\/TPPL-Dispatcher-Experience-768x564.png&quot;,&quot;data-srcset&quot;:&quot;https:\\\/\\\/dispatcher-pro.com\\\/wp-content\\\/uploads\\\/2022\\\/01\\\/TPPL-Dispatcher-Experience-768x564.png 768w, https:\\\/\\\/dispatcher-pro.com\\\/wp-content\\\/uploads\\\/2022\\\/01\\\/TPPL-Dispatcher-Experience-300x221.png 300w, https:\\\/\\\/dispatcher-pro.com\\\/wp-content\\\/uploads\\\/2022\\\/01\\\/TPPL-Dispatcher-Experience-600x441.png 600w, https:\\\/\\\/dispatcher-pro.com\\\/wp-content\\\/uploads\\\/2022\\\/01\\\/TPPL-Dispatcher-Experience.png 800w&quot;}\"><\/div><\/a>\n\t\t\t\t<div class=\"elementor-post__text\">\n\t\t\t\t<h2 class=\"elementor-post__title\">\n\t\t\t<a href=\"https:\/\/dispatcher-pro.com\/de\/kunden\/tppl-offentische-arbeiten-planung\/\" >\n\t\t\t\tTPPL x Dispatcher \u2013 Erfahrungsbericht von Kunden\t\t\t<\/a>\n\t\t<\/h2>\n\t\t\t\t<div class=\"elementor-post__excerpt\">\n\t\t\t<p>Dispatcher modernisiert die Ressourcenplanung von TPPL. Exklusiver Erfahrungsbericht des Unternehmens TPPL zur Dispatcher-Planungsl\u00f6sung. Entdecken Sie den Planer Exklusiver Erfahrungsbericht vom Unternehmen TPPL, einem treuen Kunden<\/p>\n\t\t<\/div>\n\t\t\n\t\t<a class=\"elementor-post__read-more\" href=\"https:\/\/dispatcher-pro.com\/de\/kunden\/tppl-offentische-arbeiten-planung\/\" aria-label=\"Read more about TPPL x Dispatcher \u2013 Erfahrungsbericht von Kunden\" tabindex=\"-1\" >\n\t\t\tWeiterlesen\t\t<\/a>\n\n\t\t\t\t<\/div>\n\t\t\t\t<div class=\"elementor-post__meta-data\">\n\t\t\t\t\t<span class=\"elementor-post-date\">\n\t\t\t11 Januar 2022\t\t<\/span>\n\t\t\t\t<\/div>\n\t\t\t\t\t<\/div>\n\t\t<\/article>\n\t\t\t\t<article class=\"elementor-post elementor-grid-item post-19679 page type-page status-publish has-post-thumbnail hentry\">\n\t\t\t<div class=\"elementor-post__card\">\n\t\t\t\t<a class=\"elementor-post__thumbnail__link\" href=\"https:\/\/dispatcher-pro.com\/de\/kunden\/nge-planung-personal\/\" tabindex=\"-1\" ><div class=\"elementor-post__thumbnail\"><img decoding=\"async\" width=\"768\" height=\"565\" data-src=\"https:\/\/dispatcher-pro.com\/wp-content\/smush-avif\/2021\/10\/Illustration-NGE-768x565.png.avif\" class=\"attachment-medium_large size-medium_large wp-image-19411 lazyload\" alt=\"Illustration NGE\" data-srcset=\"https:\/\/dispatcher-pro.com\/wp-content\/smush-avif\/2021\/10\/Illustration-NGE-768x565.png.avif 768w, https:\/\/dispatcher-pro.com\/wp-content\/smush-avif\/2021\/10\/Illustration-NGE-300x221.png.avif 300w, https:\/\/dispatcher-pro.com\/wp-content\/uploads\/2021\/10\/Illustration-NGE.png 1024w\" data-sizes=\"(max-width: 768px) 100vw, 768px\" title=\"\" src=\"data:image\/gif;base64,R0lGODlhAQABAAAAACH5BAEKAAEALAAAAAABAAEAAAICTAEAOw==\" style=\"--smush-placeholder-width: 768px; --smush-placeholder-aspect-ratio: 768\/565;\" data-smush-avif-fallback=\"{&quot;data-src&quot;:&quot;https:\\\/\\\/dispatcher-pro.com\\\/wp-content\\\/uploads\\\/2021\\\/10\\\/Illustration-NGE-768x565.png&quot;,&quot;data-srcset&quot;:&quot;https:\\\/\\\/dispatcher-pro.com\\\/wp-content\\\/uploads\\\/2021\\\/10\\\/Illustration-NGE-768x565.png 768w, https:\\\/\\\/dispatcher-pro.com\\\/wp-content\\\/uploads\\\/2021\\\/10\\\/Illustration-NGE-300x221.png 300w, https:\\\/\\\/dispatcher-pro.com\\\/wp-content\\\/uploads\\\/2021\\\/10\\\/Illustration-NGE.png 1024w&quot;}\"><\/div><\/a>\n\t\t\t\t<div class=\"elementor-post__text\">\n\t\t\t\t<h2 class=\"elementor-post__title\">\n\t\t\t<a href=\"https:\/\/dispatcher-pro.com\/de\/kunden\/nge-planung-personal\/\" >\n\t\t\t\tNGE x Dispatcher \u2013 Kundenerfahrung\t\t\t<\/a>\n\t\t<\/h2>\n\t\t\t\t<div class=\"elementor-post__excerpt\">\n\t\t\t<p>Dispatcher modernisiert die Personalplanung&nbsp;&nbsp; der NGE-Gruppe. Exklusiver Erfahrungsbericht der NGE-Gruppe. Entdecken Sie den Planer Unser Team&nbsp;war zu Gast in den R\u00e4umlichkeiten von NGE&nbsp;GC, ein Hoch-<\/p>\n\t\t<\/div>\n\t\t\n\t\t<a class=\"elementor-post__read-more\" href=\"https:\/\/dispatcher-pro.com\/de\/kunden\/nge-planung-personal\/\" aria-label=\"Read more about NGE x Dispatcher \u2013 Kundenerfahrung\" tabindex=\"-1\" >\n\t\t\tWeiterlesen\t\t<\/a>\n\n\t\t\t\t<\/div>\n\t\t\t\t<div class=\"elementor-post__meta-data\">\n\t\t\t\t\t<span class=\"elementor-post-date\">\n\t\t\t20 Oktober 2021\t\t<\/span>\n\t\t\t\t<\/div>\n\t\t\t\t\t<\/div>\n\t\t<\/article>\n\t\t\t\t<article class=\"elementor-post elementor-grid-item post-19597 page type-page status-publish has-post-thumbnail hentry\">\n\t\t\t<div class=\"elementor-post__card\">\n\t\t\t\t<a class=\"elementor-post__thumbnail__link\" href=\"https:\/\/dispatcher-pro.com\/de\/kunden\/ramery-hochbau-planung-arbeitskraft\/\" tabindex=\"-1\" ><div class=\"elementor-post__thumbnail\"><img decoding=\"async\" width=\"640\" height=\"470\" data-src=\"https:\/\/dispatcher-pro.com\/wp-content\/uploads\/2021\/08\/retour-client-Ramery-Dispatcher.png\" class=\"attachment-medium_large size-medium_large wp-image-19392 lazyload\" alt=\"retour client Ramery Dispatcher\" data-srcset=\"https:\/\/dispatcher-pro.com\/wp-content\/uploads\/2021\/08\/retour-client-Ramery-Dispatcher.png 640w, https:\/\/dispatcher-pro.com\/wp-content\/uploads\/2021\/08\/retour-client-Ramery-Dispatcher-300x220.png 300w\" data-sizes=\"(max-width: 640px) 100vw, 640px\" title=\"\" src=\"data:image\/gif;base64,R0lGODlhAQABAAAAACH5BAEKAAEALAAAAAABAAEAAAICTAEAOw==\" style=\"--smush-placeholder-width: 640px; --smush-placeholder-aspect-ratio: 640\/470;\"><\/div><\/a>\n\t\t\t\t<div class=\"elementor-post__text\">\n\t\t\t\t<h2 class=\"elementor-post__title\">\n\t\t\t<a href=\"https:\/\/dispatcher-pro.com\/de\/kunden\/ramery-hochbau-planung-arbeitskraft\/\" >\n\t\t\t\tRamery x Dispatcher \u2013 Erfahrungsbericht von Kunden\t\t\t<\/a>\n\t\t<\/h2>\n\t\t\t\t<div class=\"elementor-post__excerpt\">\n\t\t\t<p>Dispatcher modernisiert die Planung von Ramery. Exklusiver Erfahrungsbericht aus dem Unternehmen Ramery, Hochbau-Abteilung. Entdecken Sie den Planer Das Unternehmen Ramery B\u00e2timent, ein treuer Kunde von<\/p>\n\t\t<\/div>\n\t\t\n\t\t<a class=\"elementor-post__read-more\" href=\"https:\/\/dispatcher-pro.com\/de\/kunden\/ramery-hochbau-planung-arbeitskraft\/\" aria-label=\"Read more about Ramery x Dispatcher \u2013 Erfahrungsbericht von Kunden\" tabindex=\"-1\" >\n\t\t\tWeiterlesen\t\t<\/a>\n\n\t\t\t\t<\/div>\n\t\t\t\t<div class=\"elementor-post__meta-data\">\n\t\t\t\t\t<span class=\"elementor-post-date\">\n\t\t\t24 Juni 2021\t\t<\/span>\n\t\t\t\t<\/div>\n\t\t\t\t\t<\/div>\n\t\t<\/article>\n\t\t\t\t<article class=\"elementor-post elementor-grid-item post-19613 post type-post status-publish format-standard has-post-thumbnail hentry category-blog\">\n\t\t\t<div class=\"elementor-post__card\">\n\t\t\t\t<a class=\"elementor-post__thumbnail__link\" href=\"https:\/\/dispatcher-pro.com\/de\/blog\/erfahrung-bereich-von-firma-charier-dispatcher\/\" tabindex=\"-1\" ><div class=\"elementor-post__thumbnail\"><img decoding=\"async\" width=\"768\" height=\"347\" data-src=\"https:\/\/dispatcher-pro.com\/wp-content\/uploads\/2020\/11\/banniere-1-768x347.png\" class=\"attachment-medium_large size-medium_large wp-image-19261 lazyload\" alt=\"banniere 1\" data-srcset=\"https:\/\/dispatcher-pro.com\/wp-content\/uploads\/2020\/11\/banniere-1-768x347.png 768w, https:\/\/dispatcher-pro.com\/wp-content\/uploads\/2020\/11\/banniere-1-300x136.png 300w, https:\/\/dispatcher-pro.com\/wp-content\/uploads\/2020\/11\/banniere-1-1024x463.png 1024w, https:\/\/dispatcher-pro.com\/wp-content\/uploads\/2020\/11\/banniere-1-1536x695.png 1536w, https:\/\/dispatcher-pro.com\/wp-content\/uploads\/2020\/11\/banniere-1.png 1600w\" data-sizes=\"(max-width: 768px) 100vw, 768px\" title=\"\" src=\"data:image\/gif;base64,R0lGODlhAQABAAAAACH5BAEKAAEALAAAAAABAAEAAAICTAEAOw==\" style=\"--smush-placeholder-width: 768px; --smush-placeholder-aspect-ratio: 768\/347;\"><\/div><\/a>\n\t\t\t\t<div class=\"elementor-post__text\">\n\t\t\t\t<h2 class=\"elementor-post__title\">\n\t\t\t<a href=\"https:\/\/dispatcher-pro.com\/de\/blog\/erfahrung-bereich-von-firma-charier-dispatcher\/\" >\n\t\t\t\tKundenfeedback: Dispatcher dynamisiert Charier!\t\t\t<\/a>\n\t\t<\/h2>\n\t\t\t\t<div class=\"elementor-post__excerpt\">\n\t\t\t<p>R\u00fcckblick auf den Monitor Innovation Day Wie revolutioniert Dispatcher die Berufe und digitalisiert die Zusammenarbeit auf Baustellen? \u201eInnerhalb von drei Jahren haben wir unsere Baumaschinen-Auslastungsrate<\/p>\n\t\t<\/div>\n\t\t\n\t\t<a class=\"elementor-post__read-more\" href=\"https:\/\/dispatcher-pro.com\/de\/blog\/erfahrung-bereich-von-firma-charier-dispatcher\/\" aria-label=\"Read more about Kundenfeedback: Dispatcher dynamisiert Charier!\" tabindex=\"-1\" >\n\t\t\tWeiterlesen\t\t<\/a>\n\n\t\t\t\t<\/div>\n\t\t\t\t<div class=\"elementor-post__meta-data\">\n\t\t\t\t\t<span class=\"elementor-post-date\">\n\t\t\t5 November 2020\t\t<\/span>\n\t\t\t\t<\/div>\n\t\t\t\t\t<\/div>\n\t\t<\/article>\n\t\t\t\t<\/div>\n\t\t\n\t\t\t\t\t\t<\/div>\n\t\t\t\t<\/div>\n\t\t\t\t\t<\/div>\n\t\t<\/div>\n\t\t\t\t\t<\/div>\n\t\t<\/section>\n\t\t\t\t<section class=\"elementor-section elementor-top-section elementor-element elementor-element-832a5ef elementor-section-boxed elementor-section-height-default elementor-section-height-default\" data-id=\"832a5ef\" data-element_type=\"section\" data-settings=\"{&quot;_ha_eqh_enable&quot;:false,&quot;ekit_has_onepagescroll_dot&quot;:&quot;yes&quot;}\">\n\t\t\t\t\t\t<div class=\"elementor-container elementor-column-gap-default\">\n\t\t\t\t\t<div class=\"elementor-column elementor-col-100 elementor-top-column elementor-element elementor-element-5366544\" data-id=\"5366544\" data-element_type=\"column\">\n\t\t\t<div class=\"elementor-widget-wrap elementor-element-populated\">\n\t\t\t\t\t\t<div class=\"elementor-element elementor-element-9b71b09 elementor-widget elementor-widget-spacer\" data-id=\"9b71b09\" data-element_type=\"widget\" data-settings=\"{&quot;ekit_we_effect_on&quot;:&quot;none&quot;}\" data-widget_type=\"spacer.default\">\n\t\t\t\t<div class=\"elementor-widget-container\">\n\t\t\t\t\t\t\t<div class=\"elementor-spacer\">\n\t\t\t<div class=\"elementor-spacer-inner\"><\/div>\n\t\t<\/div>\n\t\t\t\t\t\t<\/div>\n\t\t\t\t<\/div>\n\t\t\t\t\t<\/div>\n\t\t<\/div>\n\t\t\t\t\t<\/div>\n\t\t<\/section>\n\t\t\t\t<section class=\"elementor-section elementor-top-section elementor-element elementor-element-2d11811d elementor-section-height-min-height elementor-section-items-stretch elementor-section-boxed elementor-section-height-default\" data-id=\"2d11811d\" data-element_type=\"section\" data-settings=\"{&quot;_ha_eqh_enable&quot;:false,&quot;ekit_has_onepagescroll_dot&quot;:&quot;yes&quot;}\">\n\t\t\t\t\t\t<div class=\"elementor-container elementor-column-gap-default\">\n\t\t\t\t\t<div class=\"elementor-column elementor-col-100 elementor-top-column elementor-element elementor-element-3a2f0468\" data-id=\"3a2f0468\" data-element_type=\"column\" data-settings=\"{&quot;background_background&quot;:&quot;classic&quot;}\">\n\t\t\t<div class=\"elementor-widget-wrap elementor-element-populated\">\n\t\t\t\t\t<div class=\"elementor-background-overlay\"><\/div>\n\t\t\t\t\t\t<div class=\"elementor-element elementor-element-5eaba91e elementor-widget elementor-widget-text-editor\" data-id=\"5eaba91e\" data-element_type=\"widget\" data-settings=\"{&quot;ekit_we_effect_on&quot;:&quot;none&quot;}\" data-widget_type=\"text-editor.default\">\n\t\t\t\t<div class=\"elementor-widget-container\">\n\t\t\t\t\t\t\t\t\t<p>Starten Sie mit der Planung Ihrer Ressourcen!<\/p>\t\t\t\t\t\t\t\t<\/div>\n\t\t\t\t<\/div>\n\t\t\t\t<div class=\"elementor-element elementor-element-16aaab16 elementor-widget elementor-widget-text-editor\" data-id=\"16aaab16\" data-element_type=\"widget\" data-settings=\"{&quot;ekit_we_effect_on&quot;:&quot;none&quot;}\" data-widget_type=\"text-editor.default\">\n\t\t\t\t<div class=\"elementor-widget-container\">\n\t\t\t\t\t\t\t\t\t<p><span class=\"dot-r\"><span style=\"color: #011640;\">Unsere Teams stehen Ihnen gern zur Verf\u00fcgung. <br>Teilen Sie uns Ihr Projekt mit<\/span><\/span><span style=\"color: #e7004c;\">.<\/span><\/p>\t\t\t\t\t\t\t\t<\/div>\n\t\t\t\t<\/div>\n\t\t\t\t<div class=\"elementor-element elementor-element-797058d0 elementor-widget elementor-widget-spacer\" data-id=\"797058d0\" data-element_type=\"widget\" data-settings=\"{&quot;ekit_we_effect_on&quot;:&quot;none&quot;}\" data-widget_type=\"spacer.default\">\n\t\t\t\t<div class=\"elementor-widget-container\">\n\t\t\t\t\t\t\t<div class=\"elementor-spacer\">\n\t\t\t<div class=\"elementor-spacer-inner\"><\/div>\n\t\t<\/div>\n\t\t\t\t\t\t<\/div>\n\t\t\t\t<\/div>\n\t\t\t\t<div class=\"elementor-element elementor-element-1e8a2691 elementor-align-center elementor-widget elementor-widget-button\" data-id=\"1e8a2691\" data-element_type=\"widget\" data-settings=\"{&quot;ekit_we_effect_on&quot;:&quot;none&quot;}\" data-widget_type=\"button.default\">\n\t\t\t\t<div class=\"elementor-widget-container\">\n\t\t\t\t\t\t\t\t\t<div class=\"elementor-button-wrapper\">\n\t\t\t\t\t<a class=\"elementor-button elementor-button-link elementor-size-sm\" href=\"\/de\/contact\/\">\n\t\t\t\t\t\t<span class=\"elementor-button-content-wrapper\">\n\t\t\t\t\t\t\t\t\t<span class=\"elementor-button-text\">Kontaktieren Sie uns<\/span>\n\t\t\t\t\t<\/span>\n\t\t\t\t\t<\/a>\n\t\t\t\t<\/div>\n\t\t\t\t\t\t\t\t<\/div>\n\t\t\t\t<\/div>\n\t\t\t\t\t<\/div>\n\t\t<\/div>\n\t\t\t\t\t<\/div>\n\t\t<\/section>\n\t\t\t\t<section class=\"elementor-section elementor-top-section elementor-element elementor-element-292290e elementor-section-boxed elementor-section-height-default elementor-section-height-default\" data-id=\"292290e\" data-element_type=\"section\" data-settings=\"{&quot;_ha_eqh_enable&quot;:false,&quot;ekit_has_onepagescroll_dot&quot;:&quot;yes&quot;}\">\n\t\t\t\t\t\t<div class=\"elementor-container elementor-column-gap-default\">\n\t\t\t\t\t<div class=\"elementor-column elementor-col-100 elementor-top-column elementor-element elementor-element-0816037\" data-id=\"0816037\" data-element_type=\"column\">\n\t\t\t<div class=\"elementor-widget-wrap elementor-element-populated\">\n\t\t\t\t\t\t<div class=\"elementor-element elementor-element-0e1f685 elementor-widget elementor-widget-spacer\" data-id=\"0e1f685\" data-element_type=\"widget\" data-settings=\"{&quot;ekit_we_effect_on&quot;:&quot;none&quot;}\" data-widget_type=\"spacer.default\">\n\t\t\t\t<div class=\"elementor-widget-container\">\n\t\t\t\t\t\t\t<div class=\"elementor-spacer\">\n\t\t\t<div class=\"elementor-spacer-inner\"><\/div>\n\t\t<\/div>\n\t\t\t\t\t\t<\/div>\n\t\t\t\t<\/div>\n\t\t\t\t\t<\/div>\n\t\t<\/div>\n\t\t\t\t\t<\/div>\n\t\t<\/section>\n\t\t\t\t<\/div>\n\t\t","protected":false},"excerpt":{"rendered":"<p>Unsere Kundenstimmen. Lesen Sie die positiven R\u00fcckmeldungen unserer Kunden zu unserer Planungsl\u00f6sung. Starten Sie mit der Planung Ihrer Ressourcen! Unsere Teams stehen Ihnen gern zur Verf\u00fcgung. Teilen Sie uns Ihr Projekt mit. Kontaktieren Sie uns<\/p>\n","protected":false},"author":1,"featured_media":0,"parent":19542,"menu_order":0,"comment_status":"closed","ping_status":"closed","template":"","meta":{"_eb_attr":"","footnotes":""},"class_list":["post-19561","page","type-page","status-publish","hentry"],"_links":{"self":[{"href":"https:\/\/dispatcher-pro.com\/de\/wp-json\/wp\/v2\/pages\/19561","targetHints":{"allow":["GET"]}}],"collection":[{"href":"https:\/\/dispatcher-pro.com\/de\/wp-json\/wp\/v2\/pages"}],"about":[{"href":"https:\/\/dispatcher-pro.com\/de\/wp-json\/wp\/v2\/types\/page"}],"author":[{"embeddable":true,"href":"https:\/\/dispatcher-pro.com\/de\/wp-json\/wp\/v2\/users\/1"}],"replies":[{"embeddable":true,"href":"https:\/\/dispatcher-pro.com\/de\/wp-json\/wp\/v2\/comments?post=19561"}],"version-history":[{"count":0,"href":"https:\/\/dispatcher-pro.com\/de\/wp-json\/wp\/v2\/pages\/19561\/revisions"}],"up":[{"embeddable":true,"href":"https:\/\/dispatcher-pro.com\/de\/wp-json\/wp\/v2\/pages\/19542"}],"wp:attachment":[{"href":"https:\/\/dispatcher-pro.com\/de\/wp-json\/wp\/v2\/media?parent=19561"}],"curies":[{"name":"wp","href":"https:\/\/api.w.org\/{rel}","templated":true}]}}