{"id":19556,"date":"2021-01-21T11:38:28","date_gmt":"2021-01-21T10:38:28","guid":{"rendered":"https:\/\/dispatcher-pro.com\/esse%c8%91pa\/"},"modified":"2022-04-26T17:47:55","modified_gmt":"2022-04-26T15:47:55","slug":"esse%c8%91pa","status":"publish","type":"page","link":"https:\/\/dispatcher-pro.com\/de\/esse%c8%91pa\/","title":{"rendered":"Presse"},"content":{"rendered":"\t\t<div data-elementor-type=\"wp-page\" data-elementor-id=\"19556\" class=\"elementor elementor-19556 elementor-6332\" data-elementor-settings=\"{&quot;ha_cmc_init_switcher&quot;:&quot;no&quot;}\" data-elementor-post-type=\"page\">\n\t\t\t\t\t\t<section class=\"elementor-section elementor-top-section elementor-element elementor-element-dddbae5 elementor-section-boxed elementor-section-height-default elementor-section-height-default\" data-id=\"dddbae5\" data-element_type=\"section\" data-settings=\"{&quot;_ha_eqh_enable&quot;:false,&quot;ekit_has_onepagescroll_dot&quot;:&quot;yes&quot;}\">\n\t\t\t\t\t\t<div class=\"elementor-container elementor-column-gap-default\">\n\t\t\t\t\t<div class=\"elementor-column elementor-col-100 elementor-top-column elementor-element elementor-element-81a5911\" data-id=\"81a5911\" data-element_type=\"column\">\n\t\t\t<div class=\"elementor-widget-wrap elementor-element-populated\">\n\t\t\t\t\t\t<div class=\"elementor-element elementor-element-8591251 elementor-widget elementor-widget-spacer\" data-id=\"8591251\" data-element_type=\"widget\" data-settings=\"{&quot;ekit_we_effect_on&quot;:&quot;none&quot;}\" data-widget_type=\"spacer.default\">\n\t\t\t\t<div class=\"elementor-widget-container\">\n\t\t\t\t\t\t\t<div class=\"elementor-spacer\">\n\t\t\t<div class=\"elementor-spacer-inner\"><\/div>\n\t\t<\/div>\n\t\t\t\t\t\t<\/div>\n\t\t\t\t<\/div>\n\t\t\t\t<div class=\"elementor-element elementor-element-d65092d elementor-widget elementor-widget-text-editor\" data-id=\"d65092d\" data-element_type=\"widget\" data-settings=\"{&quot;ekit_we_effect_on&quot;:&quot;none&quot;}\" data-widget_type=\"text-editor.default\">\n\t\t\t\t<div class=\"elementor-widget-container\">\n\t\t\t\t\t\t\t\t\tPRESSEERSCHEINUNGEN<span class=\"dot-r\">.<\/span>\t\t\t\t\t\t\t\t<\/div>\n\t\t\t\t<\/div>\n\t\t\t\t<div class=\"elementor-element elementor-element-76b9729 elementor-widget elementor-widget-spacer\" data-id=\"76b9729\" data-element_type=\"widget\" data-settings=\"{&quot;ekit_we_effect_on&quot;:&quot;none&quot;}\" data-widget_type=\"spacer.default\">\n\t\t\t\t<div class=\"elementor-widget-container\">\n\t\t\t\t\t\t\t<div class=\"elementor-spacer\">\n\t\t\t<div class=\"elementor-spacer-inner\"><\/div>\n\t\t<\/div>\n\t\t\t\t\t\t<\/div>\n\t\t\t\t<\/div>\n\t\t\t\t<div class=\"elementor-element elementor-element-e40e0f1 elementor-widget elementor-widget-heading\" data-id=\"e40e0f1\" data-element_type=\"widget\" data-settings=\"{&quot;ekit_we_effect_on&quot;:&quot;none&quot;}\" data-widget_type=\"heading.default\">\n\t\t\t\t<div class=\"elementor-widget-container\">\n\t\t\t\t\t<h1 class=\"elementor-heading-title elementor-size-default\">Lesen Sie unsere Presseerscheinungen, Nachrichten und Dispatcher-Ressourcen<span class=\"dot-r\">.<\/span><\/h1>\t\t\t\t<\/div>\n\t\t\t\t<\/div>\n\t\t\t\t\t<\/div>\n\t\t<\/div>\n\t\t\t\t\t<\/div>\n\t\t<\/section>\n\t\t\t\t<section class=\"elementor-section elementor-top-section elementor-element elementor-element-d920a9e elementor-section-boxed elementor-section-height-default elementor-section-height-default\" data-id=\"d920a9e\" data-element_type=\"section\" data-settings=\"{&quot;_ha_eqh_enable&quot;:false,&quot;ekit_has_onepagescroll_dot&quot;:&quot;yes&quot;}\">\n\t\t\t\t\t\t<div class=\"elementor-container elementor-column-gap-default\">\n\t\t\t\t\t<div class=\"elementor-column elementor-col-100 elementor-top-column elementor-element elementor-element-54058550\" data-id=\"54058550\" data-element_type=\"column\">\n\t\t\t<div class=\"elementor-widget-wrap elementor-element-populated\">\n\t\t\t\t\t\t<div class=\"elementor-element elementor-element-3b44bd0d elementor-grid-3 elementor-grid-tablet-2 elementor-grid-mobile-1 elementor-posts--thumbnail-top elementor-posts--show-avatar elementor-card-shadow-yes elementor-posts__hover-gradient elementor-widget elementor-widget-posts\" data-id=\"3b44bd0d\" data-element_type=\"widget\" data-settings=\"{&quot;pagination_type&quot;:&quot;numbers&quot;,&quot;cards_columns&quot;:&quot;3&quot;,&quot;cards_columns_tablet&quot;:&quot;2&quot;,&quot;cards_columns_mobile&quot;:&quot;1&quot;,&quot;cards_row_gap&quot;:{&quot;unit&quot;:&quot;px&quot;,&quot;size&quot;:35,&quot;sizes&quot;:[]},&quot;cards_row_gap_tablet&quot;:{&quot;unit&quot;:&quot;px&quot;,&quot;size&quot;:&quot;&quot;,&quot;sizes&quot;:[]},&quot;cards_row_gap_mobile&quot;:{&quot;unit&quot;:&quot;px&quot;,&quot;size&quot;:&quot;&quot;,&quot;sizes&quot;:[]},&quot;ekit_we_effect_on&quot;:&quot;none&quot;}\" data-widget_type=\"posts.cards\">\n\t\t\t\t<div class=\"elementor-widget-container\">\n\t\t\t\t\t\t\t<div class=\"elementor-posts-container elementor-posts elementor-posts--skin-cards elementor-grid\">\n\t\t\t\t<article class=\"elementor-post elementor-grid-item post-19688 post type-post status-publish format-standard has-post-thumbnail hentry category-blog\">\n\t\t\t<div class=\"elementor-post__card\">\n\t\t\t\t<a class=\"elementor-post__thumbnail__link\" href=\"https:\/\/dispatcher-pro.com\/de\/blog\/dispatcher-wunsche-2022\/\" tabindex=\"-1\" target=\"_blank\"><div class=\"elementor-post__thumbnail\"><img decoding=\"async\" width=\"300\" height=\"114\" data-src=\"https:\/\/dispatcher-pro.com\/wp-content\/uploads\/2022\/01\/Dispatcher-Neuen-Jahr-2022-300x114.jpg\" class=\"attachment-medium size-medium wp-image-23445 lazyload\" alt=\"Neuen Jahr 2022\" data-srcset=\"https:\/\/dispatcher-pro.com\/wp-content\/uploads\/2022\/01\/Dispatcher-Neuen-Jahr-2022-300x114.jpg 300w, https:\/\/dispatcher-pro.com\/wp-content\/smush-avif\/2022\/01\/Dispatcher-Neuen-Jahr-2022-1024x390.jpg.avif 1024w, https:\/\/dispatcher-pro.com\/wp-content\/smush-avif\/2022\/01\/Dispatcher-Neuen-Jahr-2022-768x292.jpg.avif 768w, https:\/\/dispatcher-pro.com\/wp-content\/smush-avif\/2022\/01\/Dispatcher-Neuen-Jahr-2022-1536x584.jpg.avif 1536w, https:\/\/dispatcher-pro.com\/wp-content\/smush-avif\/2022\/01\/Dispatcher-Neuen-Jahr-2022-2048x779.jpg.avif 2048w, https:\/\/dispatcher-pro.com\/wp-content\/uploads\/2022\/01\/Dispatcher-Neuen-Jahr-2022.jpg 1600w\" data-sizes=\"(max-width: 300px) 100vw, 300px\" title=\"\" src=\"data:image\/gif;base64,R0lGODlhAQABAAAAACH5BAEKAAEALAAAAAABAAEAAAICTAEAOw==\" style=\"--smush-placeholder-width: 300px; --smush-placeholder-aspect-ratio: 300\/114;\" data-smush-avif-fallback=\"{&quot;data-srcset&quot;:&quot;https:\\\/\\\/dispatcher-pro.com\\\/wp-content\\\/uploads\\\/2022\\\/01\\\/Dispatcher-Neuen-Jahr-2022-300x114.jpg 300w, https:\\\/\\\/dispatcher-pro.com\\\/wp-content\\\/uploads\\\/2022\\\/01\\\/Dispatcher-Neuen-Jahr-2022-1024x390.jpg 1024w, https:\\\/\\\/dispatcher-pro.com\\\/wp-content\\\/uploads\\\/2022\\\/01\\\/Dispatcher-Neuen-Jahr-2022-768x292.jpg 768w, https:\\\/\\\/dispatcher-pro.com\\\/wp-content\\\/uploads\\\/2022\\\/01\\\/Dispatcher-Neuen-Jahr-2022-1536x584.jpg 1536w, https:\\\/\\\/dispatcher-pro.com\\\/wp-content\\\/uploads\\\/2022\\\/01\\\/Dispatcher-Neuen-Jahr-2022-2048x779.jpg 2048w, https:\\\/\\\/dispatcher-pro.com\\\/wp-content\\\/uploads\\\/2022\\\/01\\\/Dispatcher-Neuen-Jahr-2022.jpg 1600w&quot;}\"><\/div><\/a>\n\t\t\t\t<div class=\"elementor-post__badge\">blog<\/div>\n\t\t\t\t<div class=\"elementor-post__avatar\">\n\t\t\t<img decoding=\"async\" alt=\"Admin\" data-src=\"https:\/\/secure.gravatar.com\/avatar\/22fbad3292e806f75faacedac5dd6d8cf716e45bd1da4d8ef2d3a8cb745404d3?s=128&#038;d=blank&#038;r=g\" data-srcset=\"https:\/\/secure.gravatar.com\/avatar\/22fbad3292e806f75faacedac5dd6d8cf716e45bd1da4d8ef2d3a8cb745404d3?s=256&#038;d=blank&#038;r=g 2x\" class=\"avatar avatar-128 photo lazyload\" height=\"128\" width=\"128\" title=\"\" src=\"data:image\/gif;base64,R0lGODlhAQABAAAAACH5BAEKAAEALAAAAAABAAEAAAICTAEAOw==\" style=\"--smush-placeholder-width: 128px; --smush-placeholder-aspect-ratio: 128\/128;\">\t\t<\/div>\n\t\t\t\t<div class=\"elementor-post__text\">\n\t\t\t\t<h3 class=\"elementor-post__title\">\n\t\t\t<a href=\"https:\/\/dispatcher-pro.com\/de\/blog\/dispatcher-wunsche-2022\/\">\n\t\t\t\tEin Jahr voller Projekte!\t\t\t<\/a>\n\t\t<\/h3>\n\t\t\t\t<div class=\"elementor-post__excerpt\">\n\t\t\t<p>Die Dispatcher-Teams w\u00fcnschen Ihnen alles Gute f\u00fcr 2022. M\u00f6ge dieses Jahr ein erfolgreiches sein. \u26a1 Dispatcher im Jahr 2021? Ein Jahr, in dem wir unsere<\/p>\n\t\t<\/div>\n\t\t\n\t\t<a class=\"elementor-post__read-more\" href=\"https:\/\/dispatcher-pro.com\/de\/blog\/dispatcher-wunsche-2022\/\" aria-label=\"Read more about Ein Jahr voller Projekte!\" tabindex=\"-1\" target=\"_blank\">\n\t\t\tArtikel lesen\t\t<\/a>\n\n\t\t\t\t<\/div>\n\t\t\t\t<div class=\"elementor-post__meta-data\">\n\t\t\t\t\t<span class=\"elementor-post-date\">\n\t\t\t3 Januar 2022\t\t<\/span>\n\t\t\t\t<\/div>\n\t\t\t\t\t<\/div>\n\t\t<\/article>\n\t\t\t\t<article class=\"elementor-post elementor-grid-item post-19685 post type-post status-publish format-standard has-post-thumbnail hentry category-blog\">\n\t\t\t<div class=\"elementor-post__card\">\n\t\t\t\t<a class=\"elementor-post__thumbnail__link\" href=\"https:\/\/dispatcher-pro.com\/de\/blog\/zerifizierungsmodul-befuhigungsnachweis\/\" tabindex=\"-1\" target=\"_blank\"><div class=\"elementor-post__thumbnail\"><img decoding=\"async\" width=\"300\" height=\"123\" data-src=\"https:\/\/dispatcher-pro.com\/wp-content\/uploads\/2021\/11\/Zertifizierungen-Illustration-300x123.jpg\" class=\"attachment-medium size-medium wp-image-23449 lazyload\" alt=\"Zertifizierungen\" data-srcset=\"https:\/\/dispatcher-pro.com\/wp-content\/uploads\/2021\/11\/Zertifizierungen-Illustration-300x123.jpg 300w, https:\/\/dispatcher-pro.com\/wp-content\/smush-avif\/2021\/11\/Zertifizierungen-Illustration-1024x421.jpg.avif 1024w, https:\/\/dispatcher-pro.com\/wp-content\/smush-avif\/2021\/11\/Zertifizierungen-Illustration-768x316.jpg.avif 768w, https:\/\/dispatcher-pro.com\/wp-content\/smush-avif\/2021\/11\/Zertifizierungen-Illustration-1536x632.jpg.avif 1536w, https:\/\/dispatcher-pro.com\/wp-content\/smush-avif\/2021\/11\/Zertifizierungen-Illustration-2048x842.jpg.avif 2048w, https:\/\/dispatcher-pro.com\/wp-content\/uploads\/2021\/11\/Zertifizierungen-Illustration.jpg 1600w\" data-sizes=\"(max-width: 300px) 100vw, 300px\" title=\"\" src=\"data:image\/gif;base64,R0lGODlhAQABAAAAACH5BAEKAAEALAAAAAABAAEAAAICTAEAOw==\" style=\"--smush-placeholder-width: 300px; --smush-placeholder-aspect-ratio: 300\/123;\" data-smush-avif-fallback=\"{&quot;data-srcset&quot;:&quot;https:\\\/\\\/dispatcher-pro.com\\\/wp-content\\\/uploads\\\/2021\\\/11\\\/Zertifizierungen-Illustration-300x123.jpg 300w, https:\\\/\\\/dispatcher-pro.com\\\/wp-content\\\/uploads\\\/2021\\\/11\\\/Zertifizierungen-Illustration-1024x421.jpg 1024w, https:\\\/\\\/dispatcher-pro.com\\\/wp-content\\\/uploads\\\/2021\\\/11\\\/Zertifizierungen-Illustration-768x316.jpg 768w, https:\\\/\\\/dispatcher-pro.com\\\/wp-content\\\/uploads\\\/2021\\\/11\\\/Zertifizierungen-Illustration-1536x632.jpg 1536w, https:\\\/\\\/dispatcher-pro.com\\\/wp-content\\\/uploads\\\/2021\\\/11\\\/Zertifizierungen-Illustration-2048x842.jpg 2048w, https:\\\/\\\/dispatcher-pro.com\\\/wp-content\\\/uploads\\\/2021\\\/11\\\/Zertifizierungen-Illustration.jpg 1600w&quot;}\"><\/div><\/a>\n\t\t\t\t<div class=\"elementor-post__badge\">blog<\/div>\n\t\t\t\t<div class=\"elementor-post__avatar\">\n\t\t\t<img decoding=\"async\" alt=\"Admin\" data-src=\"https:\/\/secure.gravatar.com\/avatar\/22fbad3292e806f75faacedac5dd6d8cf716e45bd1da4d8ef2d3a8cb745404d3?s=128&#038;d=blank&#038;r=g\" data-srcset=\"https:\/\/secure.gravatar.com\/avatar\/22fbad3292e806f75faacedac5dd6d8cf716e45bd1da4d8ef2d3a8cb745404d3?s=256&#038;d=blank&#038;r=g 2x\" class=\"avatar avatar-128 photo lazyload\" height=\"128\" width=\"128\" title=\"\" src=\"data:image\/gif;base64,R0lGODlhAQABAAAAACH5BAEKAAEALAAAAAABAAEAAAICTAEAOw==\" style=\"--smush-placeholder-width: 128px; --smush-placeholder-aspect-ratio: 128\/128;\">\t\t<\/div>\n\t\t\t\t<div class=\"elementor-post__text\">\n\t\t\t\t<h3 class=\"elementor-post__title\">\n\t\t\t<a href=\"https:\/\/dispatcher-pro.com\/de\/blog\/zerifizierungsmodul-befuhigungsnachweis\/\">\n\t\t\t\tNeues Modul f\u00fcr Zertifizierungen\t\t\t<\/a>\n\t\t<\/h3>\n\t\t\t\t<div class=\"elementor-post__excerpt\">\n\t\t\t<p>Verwaltung von Zertifizierungen: CACES-Bef\u00e4higungen, Schulungen, Berechtigungen etc. F\u00fcr Dispatcher sind optimales Personalmanagment und -monitoring auf \u00a0 Ihren Baustellen\u00a0 \u00a0 das A und O. Sicherheit und<\/p>\n\t\t<\/div>\n\t\t\n\t\t<a class=\"elementor-post__read-more\" href=\"https:\/\/dispatcher-pro.com\/de\/blog\/zerifizierungsmodul-befuhigungsnachweis\/\" aria-label=\"Read more about Neues Modul f\u00fcr Zertifizierungen\" tabindex=\"-1\" target=\"_blank\">\n\t\t\tArtikel lesen\t\t<\/a>\n\n\t\t\t\t<\/div>\n\t\t\t\t<div class=\"elementor-post__meta-data\">\n\t\t\t\t\t<span class=\"elementor-post-date\">\n\t\t\t26 November 2021\t\t<\/span>\n\t\t\t\t<\/div>\n\t\t\t\t\t<\/div>\n\t\t<\/article>\n\t\t\t\t<article class=\"elementor-post elementor-grid-item post-19570 post type-post status-publish format-standard has-post-thumbnail hentry category-blog\">\n\t\t\t<div class=\"elementor-post__card\">\n\t\t\t\t<a class=\"elementor-post__thumbnail__link\" href=\"https:\/\/dispatcher-pro.com\/de\/blog\/bauleiter-hochbau-tiefbau-bauprojekt\/\" tabindex=\"-1\" target=\"_blank\"><div class=\"elementor-post__thumbnail\"><img decoding=\"async\" width=\"300\" height=\"108\" data-src=\"https:\/\/dispatcher-pro.com\/wp-content\/uploads\/2021\/03\/Der-Bauleiter-1-300x108.jpg\" class=\"attachment-medium size-medium wp-image-23461 lazyload\" alt=\"\" data-srcset=\"https:\/\/dispatcher-pro.com\/wp-content\/uploads\/2021\/03\/Der-Bauleiter-1-300x108.jpg 300w, https:\/\/dispatcher-pro.com\/wp-content\/uploads\/2021\/03\/Der-Bauleiter-1.jpg 640w\" data-sizes=\"(max-width: 300px) 100vw, 300px\" title=\"\" src=\"data:image\/gif;base64,R0lGODlhAQABAAAAACH5BAEKAAEALAAAAAABAAEAAAICTAEAOw==\" style=\"--smush-placeholder-width: 300px; --smush-placeholder-aspect-ratio: 300\/108;\"><\/div><\/a>\n\t\t\t\t<div class=\"elementor-post__badge\">blog<\/div>\n\t\t\t\t<div class=\"elementor-post__avatar\">\n\t\t\t<img decoding=\"async\" alt=\"Admin\" data-src=\"https:\/\/secure.gravatar.com\/avatar\/22fbad3292e806f75faacedac5dd6d8cf716e45bd1da4d8ef2d3a8cb745404d3?s=128&#038;d=blank&#038;r=g\" data-srcset=\"https:\/\/secure.gravatar.com\/avatar\/22fbad3292e806f75faacedac5dd6d8cf716e45bd1da4d8ef2d3a8cb745404d3?s=256&#038;d=blank&#038;r=g 2x\" class=\"avatar avatar-128 photo lazyload\" height=\"128\" width=\"128\" title=\"\" src=\"data:image\/gif;base64,R0lGODlhAQABAAAAACH5BAEKAAEALAAAAAABAAEAAAICTAEAOw==\" style=\"--smush-placeholder-width: 128px; --smush-placeholder-aspect-ratio: 128\/128;\">\t\t<\/div>\n\t\t\t\t<div class=\"elementor-post__text\">\n\t\t\t\t<h3 class=\"elementor-post__title\">\n\t\t\t<a href=\"https:\/\/dispatcher-pro.com\/de\/blog\/bauleiter-hochbau-tiefbau-bauprojekt\/\">\n\t\t\t\tDer Bauleiter: Koordinator Ihrer Bauprojekte!\t\t\t<\/a>\n\t\t<\/h3>\n\t\t\t\t<div class=\"elementor-post__excerpt\">\n\t\t\t<p>In der Baubranche ist der Bauleiter der Koordinator Ihrer Bauprojekte. Dispatcher gibt wie im vorherigen Artikel einen \u00dcberblick \u00fcber den Beruf des Oberbauleiters. Der Beruf<\/p>\n\t\t<\/div>\n\t\t\n\t\t<a class=\"elementor-post__read-more\" href=\"https:\/\/dispatcher-pro.com\/de\/blog\/bauleiter-hochbau-tiefbau-bauprojekt\/\" aria-label=\"Read more about Der Bauleiter: Koordinator Ihrer Bauprojekte!\" tabindex=\"-1\" target=\"_blank\">\n\t\t\tArtikel lesen\t\t<\/a>\n\n\t\t\t\t<\/div>\n\t\t\t\t<div class=\"elementor-post__meta-data\">\n\t\t\t\t\t<span class=\"elementor-post-date\">\n\t\t\t29 M\u00e4rz 2021\t\t<\/span>\n\t\t\t\t<\/div>\n\t\t\t\t\t<\/div>\n\t\t<\/article>\n\t\t\t\t<article class=\"elementor-post elementor-grid-item post-19589 post type-post status-publish format-standard has-post-thumbnail hentry category-blog\">\n\t\t\t<div class=\"elementor-post__card\">\n\t\t\t\t<a class=\"elementor-post__thumbnail__link\" href=\"https:\/\/dispatcher-pro.com\/de\/blog\/bauleiter-projekt-bau-herausfor-derungen\/\" tabindex=\"-1\" target=\"_blank\"><div class=\"elementor-post__thumbnail\"><img decoding=\"async\" width=\"300\" height=\"109\" data-src=\"https:\/\/dispatcher-pro.com\/wp-content\/uploads\/2021\/03\/Der-Oberbauleiter-300x109.jpg\" class=\"attachment-medium size-medium wp-image-23457 lazyload\" alt=\"\" data-srcset=\"https:\/\/dispatcher-pro.com\/wp-content\/uploads\/2021\/03\/Der-Oberbauleiter-300x109.jpg 300w, https:\/\/dispatcher-pro.com\/wp-content\/uploads\/2021\/03\/Der-Oberbauleiter.jpg 640w\" data-sizes=\"(max-width: 300px) 100vw, 300px\" title=\"\" src=\"data:image\/gif;base64,R0lGODlhAQABAAAAACH5BAEKAAEALAAAAAABAAEAAAICTAEAOw==\" style=\"--smush-placeholder-width: 300px; --smush-placeholder-aspect-ratio: 300\/109;\"><\/div><\/a>\n\t\t\t\t<div class=\"elementor-post__badge\">blog<\/div>\n\t\t\t\t<div class=\"elementor-post__avatar\">\n\t\t\t<img decoding=\"async\" alt=\"Admin\" data-src=\"https:\/\/secure.gravatar.com\/avatar\/22fbad3292e806f75faacedac5dd6d8cf716e45bd1da4d8ef2d3a8cb745404d3?s=128&#038;d=blank&#038;r=g\" data-srcset=\"https:\/\/secure.gravatar.com\/avatar\/22fbad3292e806f75faacedac5dd6d8cf716e45bd1da4d8ef2d3a8cb745404d3?s=256&#038;d=blank&#038;r=g 2x\" class=\"avatar avatar-128 photo lazyload\" height=\"128\" width=\"128\" title=\"\" src=\"data:image\/gif;base64,R0lGODlhAQABAAAAACH5BAEKAAEALAAAAAABAAEAAAICTAEAOw==\" style=\"--smush-placeholder-width: 128px; --smush-placeholder-aspect-ratio: 128\/128;\">\t\t<\/div>\n\t\t\t\t<div class=\"elementor-post__text\">\n\t\t\t\t<h3 class=\"elementor-post__title\">\n\t\t\t<a href=\"https:\/\/dispatcher-pro.com\/de\/blog\/bauleiter-projekt-bau-herausfor-derungen\/\">\n\t\t\t\tDer Oberbauleiter: der Baustellenmanager\t\t\t<\/a>\n\t\t<\/h3>\n\t\t\t\t<div class=\"elementor-post__excerpt\">\n\t\t\t<p>In der Baubranche kann der Beruf des Oberbauleiters dem eines Baustellenmanagers gleichgesetzt werden. Dispatcher gibt Ihnen einen \u00dcberblick \u00fcber diesen Beruf. Der Beruf des Oberbauleiters<\/p>\n\t\t<\/div>\n\t\t\n\t\t<a class=\"elementor-post__read-more\" href=\"https:\/\/dispatcher-pro.com\/de\/blog\/bauleiter-projekt-bau-herausfor-derungen\/\" aria-label=\"Read more about Der Oberbauleiter: der Baustellenmanager\" tabindex=\"-1\" target=\"_blank\">\n\t\t\tArtikel lesen\t\t<\/a>\n\n\t\t\t\t<\/div>\n\t\t\t\t<div class=\"elementor-post__meta-data\">\n\t\t\t\t\t<span class=\"elementor-post-date\">\n\t\t\t11 M\u00e4rz 2021\t\t<\/span>\n\t\t\t\t<\/div>\n\t\t\t\t\t<\/div>\n\t\t<\/article>\n\t\t\t\t<article class=\"elementor-post elementor-grid-item post-19582 post type-post status-publish format-standard has-post-thumbnail hentry category-blog\">\n\t\t\t<div class=\"elementor-post__card\">\n\t\t\t\t<a class=\"elementor-post__thumbnail__link\" href=\"https:\/\/dispatcher-pro.com\/de\/blog\/losung-verwaltung-management-baustelle\/\" tabindex=\"-1\" target=\"_blank\"><div class=\"elementor-post__thumbnail\"><img decoding=\"async\" width=\"300\" height=\"110\" data-src=\"https:\/\/dispatcher-pro.com\/wp-content\/smush-avif\/2021\/03\/Die-Lo\u0308sung-300x110.jpg.avif\" class=\"attachment-medium size-medium wp-image-23465 lazyload\" alt=\"\" data-srcset=\"https:\/\/dispatcher-pro.com\/wp-content\/smush-avif\/2021\/03\/Die-Lo\u0308sung-300x110.jpg.avif 300w, https:\/\/dispatcher-pro.com\/wp-content\/uploads\/2021\/03\/Die-Lo\u0308sung.jpg 640w\" data-sizes=\"(max-width: 300px) 100vw, 300px\" title=\"\" src=\"data:image\/gif;base64,R0lGODlhAQABAAAAACH5BAEKAAEALAAAAAABAAEAAAICTAEAOw==\" style=\"--smush-placeholder-width: 300px; --smush-placeholder-aspect-ratio: 300\/110;\" data-smush-avif-fallback=\"{&quot;data-src&quot;:&quot;https:\\\/\\\/dispatcher-pro.com\\\/wp-content\\\/uploads\\\/2021\\\/03\\\/Die-Lo\\u0308sung-300x110.jpg&quot;,&quot;data-srcset&quot;:&quot;https:\\\/\\\/dispatcher-pro.com\\\/wp-content\\\/uploads\\\/2021\\\/03\\\/Die-Lo\\u0308sung-300x110.jpg 300w, https:\\\/\\\/dispatcher-pro.com\\\/wp-content\\\/uploads\\\/2021\\\/03\\\/Die-Lo\\u0308sung.jpg 640w&quot;}\"><\/div><\/a>\n\t\t\t\t<div class=\"elementor-post__badge\">blog<\/div>\n\t\t\t\t<div class=\"elementor-post__avatar\">\n\t\t\t<img decoding=\"async\" alt=\"Admin\" data-src=\"https:\/\/secure.gravatar.com\/avatar\/22fbad3292e806f75faacedac5dd6d8cf716e45bd1da4d8ef2d3a8cb745404d3?s=128&#038;d=blank&#038;r=g\" data-srcset=\"https:\/\/secure.gravatar.com\/avatar\/22fbad3292e806f75faacedac5dd6d8cf716e45bd1da4d8ef2d3a8cb745404d3?s=256&#038;d=blank&#038;r=g 2x\" class=\"avatar avatar-128 photo lazyload\" height=\"128\" width=\"128\" title=\"\" src=\"data:image\/gif;base64,R0lGODlhAQABAAAAACH5BAEKAAEALAAAAAABAAEAAAICTAEAOw==\" style=\"--smush-placeholder-width: 128px; --smush-placeholder-aspect-ratio: 128\/128;\">\t\t<\/div>\n\t\t\t\t<div class=\"elementor-post__text\">\n\t\t\t\t<h3 class=\"elementor-post__title\">\n\t\t\t<a href=\"https:\/\/dispatcher-pro.com\/de\/blog\/losung-verwaltung-management-baustelle\/\">\n\t\t\t\tDie L\u00f6sung, um mehrere Baustellen parallel zu verwalten\t\t\t<\/a>\n\t\t<\/h3>\n\t\t\t\t<div class=\"elementor-post__excerpt\">\n\t\t\t<p>Eine zuverl\u00e4ssige Organisation der Baustellen ist entscheidend, um langfristig wettbewerbsf\u00e4hig und rentabel zu bleiben. F\u00fcr Unternehmen im Bausektor ist es f\u00fcr die Organisation des Baustellenalttags<\/p>\n\t\t<\/div>\n\t\t\n\t\t<a class=\"elementor-post__read-more\" href=\"https:\/\/dispatcher-pro.com\/de\/blog\/losung-verwaltung-management-baustelle\/\" aria-label=\"Read more about Die L\u00f6sung, um mehrere Baustellen parallel zu verwalten\" tabindex=\"-1\" target=\"_blank\">\n\t\t\tArtikel lesen\t\t<\/a>\n\n\t\t\t\t<\/div>\n\t\t\t\t<div class=\"elementor-post__meta-data\">\n\t\t\t\t\t<span class=\"elementor-post-date\">\n\t\t\t1 M\u00e4rz 2021\t\t<\/span>\n\t\t\t\t<\/div>\n\t\t\t\t\t<\/div>\n\t\t<\/article>\n\t\t\t\t<article class=\"elementor-post elementor-grid-item post-19581 post type-post status-publish format-standard has-post-thumbnail hentry category-blog\">\n\t\t\t<div class=\"elementor-post__card\">\n\t\t\t\t<a class=\"elementor-post__thumbnail__link\" href=\"https:\/\/dispatcher-pro.com\/de\/blog\/vorteile-software-planung-excel\/\" tabindex=\"-1\" target=\"_blank\"><div class=\"elementor-post__thumbnail\"><img decoding=\"async\" width=\"300\" height=\"109\" data-src=\"https:\/\/dispatcher-pro.com\/wp-content\/uploads\/2021\/02\/Excel-Planung-300x109.jpg\" class=\"attachment-medium size-medium wp-image-23469 lazyload\" alt=\"\" data-srcset=\"https:\/\/dispatcher-pro.com\/wp-content\/uploads\/2021\/02\/Excel-Planung-300x109.jpg 300w, https:\/\/dispatcher-pro.com\/wp-content\/uploads\/2021\/02\/Excel-Planung.jpg 640w\" data-sizes=\"(max-width: 300px) 100vw, 300px\" title=\"\" src=\"data:image\/gif;base64,R0lGODlhAQABAAAAACH5BAEKAAEALAAAAAABAAEAAAICTAEAOw==\" style=\"--smush-placeholder-width: 300px; --smush-placeholder-aspect-ratio: 300\/109;\"><\/div><\/a>\n\t\t\t\t<div class=\"elementor-post__badge\">blog<\/div>\n\t\t\t\t<div class=\"elementor-post__avatar\">\n\t\t\t<img decoding=\"async\" alt=\"Admin\" data-src=\"https:\/\/secure.gravatar.com\/avatar\/22fbad3292e806f75faacedac5dd6d8cf716e45bd1da4d8ef2d3a8cb745404d3?s=128&#038;d=blank&#038;r=g\" data-srcset=\"https:\/\/secure.gravatar.com\/avatar\/22fbad3292e806f75faacedac5dd6d8cf716e45bd1da4d8ef2d3a8cb745404d3?s=256&#038;d=blank&#038;r=g 2x\" class=\"avatar avatar-128 photo lazyload\" height=\"128\" width=\"128\" title=\"\" src=\"data:image\/gif;base64,R0lGODlhAQABAAAAACH5BAEKAAEALAAAAAABAAEAAAICTAEAOw==\" style=\"--smush-placeholder-width: 128px; --smush-placeholder-aspect-ratio: 128\/128;\">\t\t<\/div>\n\t\t\t\t<div class=\"elementor-post__text\">\n\t\t\t\t<h3 class=\"elementor-post__title\">\n\t\t\t<a href=\"https:\/\/dispatcher-pro.com\/de\/blog\/vorteile-software-planung-excel\/\">\n\t\t\t\tGr\u00fcnde, warum Sie Ihre Zeitpl\u00e4ne nicht mehr in Excel erstellen sollten\t\t\t<\/a>\n\t\t<\/h3>\n\t\t\t\t<div class=\"elementor-post__excerpt\">\n\t\t\t<p>Sie m\u00f6chten eine Alternative zu Excel finden, um die Ressourcen in Ihrem Unternehmen zu planen? Die L\u00f6sung ist eine kollaborative und intuitive Software zur Planung<\/p>\n\t\t<\/div>\n\t\t\n\t\t<a class=\"elementor-post__read-more\" href=\"https:\/\/dispatcher-pro.com\/de\/blog\/vorteile-software-planung-excel\/\" aria-label=\"Read more about Gr\u00fcnde, warum Sie Ihre Zeitpl\u00e4ne nicht mehr in Excel erstellen sollten\" tabindex=\"-1\" target=\"_blank\">\n\t\t\tArtikel lesen\t\t<\/a>\n\n\t\t\t\t<\/div>\n\t\t\t\t<div class=\"elementor-post__meta-data\">\n\t\t\t\t\t<span class=\"elementor-post-date\">\n\t\t\t17 Februar 2021\t\t<\/span>\n\t\t\t\t<\/div>\n\t\t\t\t\t<\/div>\n\t\t<\/article>\n\t\t\t\t<\/div>\n\t\t\n\t\t\t\t<div class=\"e-load-more-anchor\" data-page=\"1\" data-max-page=\"9\" data-next-page=\"https:\/\/dispatcher-pro.com\/de\/wp-json\/wp\/v2\/pages\/19556\/page\/2\/\"><\/div>\n\t\t\t\t<nav class=\"elementor-pagination\" aria-label=\"Paginierung\">\n\t\t\t<span aria-current=\"page\" class=\"page-numbers current\"><span class=\"elementor-screen-only\">Seite<\/span>1<\/span>\n<a class=\"page-numbers\" href=\"https:\/\/dispatcher-pro.com\/de\/wp-json\/wp\/v2\/pages\/19556\/page\/2\/\"><span class=\"elementor-screen-only\">Seite<\/span>2<\/a>\n<a class=\"page-numbers\" href=\"https:\/\/dispatcher-pro.com\/de\/wp-json\/wp\/v2\/pages\/19556\/page\/3\/\"><span class=\"elementor-screen-only\">Seite<\/span>3<\/a>\n<a class=\"page-numbers\" href=\"https:\/\/dispatcher-pro.com\/de\/wp-json\/wp\/v2\/pages\/19556\/page\/4\/\"><span class=\"elementor-screen-only\">Seite<\/span>4<\/a>\n<a class=\"page-numbers\" href=\"https:\/\/dispatcher-pro.com\/de\/wp-json\/wp\/v2\/pages\/19556\/page\/5\/\"><span class=\"elementor-screen-only\">Seite<\/span>5<\/a>\t\t<\/nav>\n\t\t\t\t\t\t<\/div>\n\t\t\t\t<\/div>\n\t\t\t\t\t<\/div>\n\t\t<\/div>\n\t\t\t\t\t<\/div>\n\t\t<\/section>\n\t\t\t\t<\/div>\n\t\t","protected":false},"excerpt":{"rendered":"<p>PRESSEERSCHEINUNGEN. Lesen Sie unsere Presseerscheinungen, Nachrichten und Dispatcher-Ressourcen.<\/p>\n","protected":false},"author":1,"featured_media":0,"parent":0,"menu_order":0,"comment_status":"closed","ping_status":"closed","template":"","meta":{"_eb_attr":"","footnotes":""},"class_list":["post-19556","page","type-page","status-publish","hentry"],"_links":{"self":[{"href":"https:\/\/dispatcher-pro.com\/de\/wp-json\/wp\/v2\/pages\/19556","targetHints":{"allow":["GET"]}}],"collection":[{"href":"https:\/\/dispatcher-pro.com\/de\/wp-json\/wp\/v2\/pages"}],"about":[{"href":"https:\/\/dispatcher-pro.com\/de\/wp-json\/wp\/v2\/types\/page"}],"author":[{"embeddable":true,"href":"https:\/\/dispatcher-pro.com\/de\/wp-json\/wp\/v2\/users\/1"}],"replies":[{"embeddable":true,"href":"https:\/\/dispatcher-pro.com\/de\/wp-json\/wp\/v2\/comments?post=19556"}],"version-history":[{"count":0,"href":"https:\/\/dispatcher-pro.com\/de\/wp-json\/wp\/v2\/pages\/19556\/revisions"}],"wp:attachment":[{"href":"https:\/\/dispatcher-pro.com\/de\/wp-json\/wp\/v2\/media?parent=19556"}],"curies":[{"name":"wp","href":"https:\/\/api.w.org\/{rel}","templated":true}]}}